{"id":10119,"date":"2024-08-21T19:10:34","date_gmt":"2024-08-21T18:10:34","guid":{"rendered":"https:\/\/tremunpiercing.com\/?post_type=product&#038;p=10119"},"modified":"2025-12-04T14:10:24","modified_gmt":"2025-12-04T13:10:24","slug":"square-alisea-1","status":"publish","type":"product","link":"https:\/\/tremunpiercing.com\/de\/product\/square-alisea-1\/","title":{"rendered":"Platz Alisea 1"},"content":{"rendered":"<p>Der quadratische Alisea 1 von Shanga Jewellery ist die perfekte Kombination aus Luxus und Zweckm\u00e4\u00dfigkeit f\u00fcr Ihre Lieblings-Piercing-Profis. Der aus massivem 18-kar\u00e4tigem Gelbgold gefertigte, gewindelose Push-Pin-Aufsatz ist in der Mitte mit einem brillanten Zirkonia-Stein geschm\u00fcckt, der f\u00fcr ein sauberes, dezentes Finish sorgt. Der Square Alisea 1 ist mit gewindelosen 16G- und 14G-Labret-Stiften kompatibel und bietet Piercern eine einfache Kompatibilit\u00e4t und einen bequemen Sitz, w\u00e4hrend er den Schmuck an Ort und Stelle h\u00e4lt.<\/p>\n<p>Der Square Alisea 1 ist in gro\u00dfen und kleinen Gr\u00f6\u00dfenvariationen f\u00fcr Ihre Kunden erh\u00e4ltlich, die die Wahl zwischen dezent und mehr alles mit Statement-Looks unseren Kunden anbieten m\u00f6chten. Dieser Schmuck kann an Ort und Stelle f\u00fcr erste Piercings und f\u00fcr das t\u00e4gliche Tragen sein. Es hat Pluspunkte als Piercing-Schmuck, dass es leicht, aber auch langlebig f\u00fcr langfristige tragen und ist mit dem zeitlosen quadratischen Look f\u00fcr Kunden auf der Suche nach minimalistischen Luxus gestaltet.<\/p>\n<p>Das Square Alisea 1 ist ein gro\u00dfartiges St\u00fcck f\u00fcr das Piercing-Studio, den Tattoo-Shop oder den Gro\u00dfh\u00e4ndler. Die Square Alisea 1 ist eine gro\u00dfartige Darstellung der Qualit\u00e4t und Handwerkskunst sowie modernes Design in der Linie von Shanga. Durch die Bevorratung des Square Alisea 1, die moderne Sie garantieren, dass Ihre Kunden haben Zugang zu Premium-Qualit\u00e4t Piercing-Schmuck f\u00fcr den t\u00e4glichen Verschlei\u00df und gelegentliche kuratierte Ohr Raum Stil.<\/p>","protected":false},"excerpt":{"rendered":"<ul>\n<li>Gewindelos - Druckknopf oben<\/li>\n<li>Material: Gelbgold 18k, rostfreier Stift<\/li>\n<li>Edelstein: Kubischer Zirkoniumdioxid<\/li>\n<li>Kompatibel mit 16G und 14G gewindelosen Labretstiften<\/li>\n<li>Gr\u00f6\u00dfe: Gro\u00df - Klein<\/li>\n<li>Marke: Shanga-Schmuck<\/li>\n<\/ul>","protected":false},"featured_media":10122,"comment_status":"closed","ping_status":"closed","template":"","meta":{"_acf_changed":false},"product_brand":[],"product_cat":[337,398],"product_tag":[187,188,189,205,206,212,190,183,213,184,207],"class_list":{"0":"post-10119","1":"product","2":"type-product","3":"status-publish","4":"has-post-thumbnail","6":"product_cat-gold-jewelry","7":"product_cat-shanga","8":"product_tag-conch","9":"product_tag-ear","10":"product_tag-helix","11":"product_tag-lobe","12":"product_tag-lobulo","13":"product_tag-medusa","14":"product_tag-oreja","15":"product_tag-perforacion","16":"product_tag-philtrum","17":"product_tag-piercing","18":"product_tag-tragus","20":"first","21":"instock","22":"taxable","23":"shipping-taxable","24":"product-type-variable"},"acf":[],"gallery_images":[],"_links":{"self":[{"href":"https:\/\/tremunpiercing.com\/de\/wp-json\/wp\/v2\/product\/10119","targetHints":{"allow":["GET"]}}],"collection":[{"href":"https:\/\/tremunpiercing.com\/de\/wp-json\/wp\/v2\/product"}],"about":[{"href":"https:\/\/tremunpiercing.com\/de\/wp-json\/wp\/v2\/types\/product"}],"replies":[{"embeddable":true,"href":"https:\/\/tremunpiercing.com\/de\/wp-json\/wp\/v2\/comments?post=10119"}],"version-history":[{"count":0,"href":"https:\/\/tremunpiercing.com\/de\/wp-json\/wp\/v2\/product\/10119\/revisions"}],"wp:featuredmedia":[{"embeddable":true,"href":"https:\/\/tremunpiercing.com\/de\/wp-json\/wp\/v2\/media\/10122"}],"wp:attachment":[{"href":"https:\/\/tremunpiercing.com\/de\/wp-json\/wp\/v2\/media?parent=10119"}],"wp:term":[{"taxonomy":"product_brand","embeddable":true,"href":"https:\/\/tremunpiercing.com\/de\/wp-json\/wp\/v2\/product_brand?post=10119"},{"taxonomy":"product_cat","embeddable":true,"href":"https:\/\/tremunpiercing.com\/de\/wp-json\/wp\/v2\/product_cat?post=10119"},{"taxonomy":"product_tag","embeddable":true,"href":"https:\/\/tremunpiercing.com\/de\/wp-json\/wp\/v2\/product_tag?post=10119"}],"curies":[{"name":"wp","href":"https:\/\/api.w.org\/{rel}","templated":true}]}}