{"id":10139,"date":"2024-08-21T21:07:20","date_gmt":"2024-08-21T20:07:20","guid":{"rendered":"https:\/\/tremunpiercing.com\/?post_type=product&#038;p=10139"},"modified":"2026-04-14T13:11:28","modified_gmt":"2026-04-14T12:11:28","slug":"alisea-4-with-bullets-copy","status":"publish","type":"product","link":"https:\/\/tremunpiercing.com\/de\/product\/alisea-4-with-bullets-copy\/","title":{"rendered":"Panarea"},"content":{"rendered":"<p>Bringen Sie italienisch inspirierte Eleganz in Ihr Piercing-Angebot mit dem Panarea von Shanga Jewellery! Dieser Gewindeaufsatz ist aus hochwertigem 18-kar\u00e4tigem Gelbgold gefertigt und hat wundersch\u00f6ne Zirkoniasteine, die in jedem Licht und in jeder Szene funkeln werden! Erh\u00e4ltlich in verschiedenen Gr\u00f6\u00dfen - Panarea bietet Flexibilit\u00e4t f\u00fcr verschiedene Platzierungsm\u00f6glichkeiten, vom Ohrknorpel bis zu Nasenl\u00f6chern oder Lippenpiercings. Panarea ist so konzipiert, dass es sicher mit Labretstiften mit Gewinde in den Gr\u00f6\u00dfen 16G und 14G zusammenpasst, was eine professionelle Passform und Zuverl\u00e4ssigkeit gew\u00e4hrleistet und sich f\u00fcr Ihre Kunden leicht und bequem anf\u00fchlt. Der fadenlose Stil erm\u00f6glicht Ihnen den bequemen Wechsel des Schmucks und bleibt dabei sicher.<\/p>\n<p>Die luxuri\u00f6sen Materialien und das elegante Design von Panarea machen es zu einem wichtigen Designelement in jedem Piercingstudio und\/oder Schmuckh\u00e4ndler, der seinen Kunden eine M\u00f6glichkeit bietet, ihrem K\u00f6rperschmuck Eleganz oder etwas Besonderes zu verleihen. Robust, hypoallergen und elegant, ist dieses St\u00fcck so vielseitig wie einfach!<\/p>","protected":false},"excerpt":{"rendered":"<ul>\n<li>Oberteil mit Gewinde<\/li>\n<li>Material: Gelbgold 18k<\/li>\n<li>Edelstein: Kubischer Zirkoniumdioxid<\/li>\n<li>Kompatibel mit 16G und 14G Labretstiften<\/li>\n<li>Gr\u00f6\u00dfe: Gro\u00df - Klein<\/li>\n<li>Marke: Shanga-Schmuck<\/li>\n<\/ul>","protected":false},"featured_media":10142,"comment_status":"closed","ping_status":"closed","template":"","meta":{"_acf_changed":false},"product_brand":[],"product_cat":[337,398],"product_tag":[187,188,189,205,206,212,190,183,213,184,207],"class_list":{"0":"post-10139","1":"product","2":"type-product","3":"status-publish","4":"has-post-thumbnail","6":"product_cat-gold-jewelry","7":"product_cat-shanga","8":"product_tag-conch","9":"product_tag-ear","10":"product_tag-helix","11":"product_tag-lobe","12":"product_tag-lobulo","13":"product_tag-medusa","14":"product_tag-oreja","15":"product_tag-perforacion","16":"product_tag-philtrum","17":"product_tag-piercing","18":"product_tag-tragus","20":"first","21":"instock","22":"featured","23":"taxable","24":"shipping-taxable","25":"purchasable","26":"product-type-variable"},"acf":[],"gallery_images":[29636,29635],"_links":{"self":[{"href":"https:\/\/tremunpiercing.com\/de\/wp-json\/wp\/v2\/product\/10139","targetHints":{"allow":["GET"]}}],"collection":[{"href":"https:\/\/tremunpiercing.com\/de\/wp-json\/wp\/v2\/product"}],"about":[{"href":"https:\/\/tremunpiercing.com\/de\/wp-json\/wp\/v2\/types\/product"}],"replies":[{"embeddable":true,"href":"https:\/\/tremunpiercing.com\/de\/wp-json\/wp\/v2\/comments?post=10139"}],"version-history":[{"count":1,"href":"https:\/\/tremunpiercing.com\/de\/wp-json\/wp\/v2\/product\/10139\/revisions"}],"predecessor-version":[{"id":29637,"href":"https:\/\/tremunpiercing.com\/de\/wp-json\/wp\/v2\/product\/10139\/revisions\/29637"}],"wp:featuredmedia":[{"embeddable":true,"href":"https:\/\/tremunpiercing.com\/de\/wp-json\/wp\/v2\/media\/10142"}],"wp:attachment":[{"href":"https:\/\/tremunpiercing.com\/de\/wp-json\/wp\/v2\/media?parent=10139"}],"wp:term":[{"taxonomy":"product_brand","embeddable":true,"href":"https:\/\/tremunpiercing.com\/de\/wp-json\/wp\/v2\/product_brand?post=10139"},{"taxonomy":"product_cat","embeddable":true,"href":"https:\/\/tremunpiercing.com\/de\/wp-json\/wp\/v2\/product_cat?post=10139"},{"taxonomy":"product_tag","embeddable":true,"href":"https:\/\/tremunpiercing.com\/de\/wp-json\/wp\/v2\/product_tag?post=10139"}],"curies":[{"name":"wp","href":"https:\/\/api.w.org\/{rel}","templated":true}]}}