{"id":10157,"date":"2024-08-22T15:05:05","date_gmt":"2024-08-22T14:05:05","guid":{"rendered":"https:\/\/tremunpiercing.com\/?post_type=product&#038;p=10157"},"modified":"2025-12-04T16:10:04","modified_gmt":"2025-12-04T15:10:04","slug":"venezia","status":"publish","type":"product","link":"https:\/\/tremunpiercing.com\/de\/product\/venezia\/","title":{"rendered":"Venezia"},"content":{"rendered":"<p>Der fadenlose Aufsatz Venezia von Shanga Jewellery ist eine wundersch\u00f6ne Erg\u00e4nzung f\u00fcr jedes Piercing und bringt italienisch inspirierte Eleganz in Ihr Schmuckk\u00e4stchen. Die Venezia-Anstecknadel ist aus 18 Karat Gelbgold gefertigt und mit schillernden Zirkoniasteinen besetzt. Die Venezia ist in zwei Gr\u00f6\u00dfen erh\u00e4ltlich: gro\u00df (5,4 mm x 4 mm) und klein (3,9 mm x 2,9 mm), um Ihrem pers\u00f6nlichen Geschmack oder der bevorzugten Platzierung Ihres Schmucks gerecht zu werden. Die sichere Gewindeklausel sorgt f\u00fcr einen sicheren und bequemen Sitz sowohl f\u00fcr den Piercer als auch f\u00fcr den Kunden und erm\u00f6glicht einen einfachen Wechsel des Schmucks. Der gewindelose Venezia Aufsatz ist sowohl mit 16G als auch mit 14G gewindelosen Labret-Stiften kompatibel und passt zu einer Vielzahl von Piercings, einschlie\u00dflich Lippen, Ohren und Nasenl\u00f6chern.<\/p>\n<p>Die klassische Kombination aus Gold und Steinen macht es zu einem soliden St\u00fcck f\u00fcr Studios, die hochwertigen, hypoallergenen Schmuck anbieten m\u00f6chten, der professionellen Standards entspricht. Die luxuri\u00f6se Verarbeitung und das gut verarbeitete Design des Venezia machen es zu einem sch\u00f6nen Produkt f\u00fcr Piercing-Einzelh\u00e4ndler und Fachleute, die auf der Suche nach feinen Gold-Oberteilen sind, die ihre Kunden zu sch\u00e4tzen wissen.<\/p>","protected":false},"excerpt":{"rendered":"<ul>\n<li>Gewindelos - Druckknopf oben<\/li>\n<li>Material: Gelbgold 18k oben, rostfreier Stift<\/li>\n<li>Edelstein: Kubischer Zirkoniumdioxid<\/li>\n<li>Kompatibel mit 16G und 14G gewindelosen Labretstiften<\/li>\n<li>Gr\u00f6\u00dfe: Gro\u00df 5,4 mm x 4 mm - Klein 3,9 mm x 2,9 mm<\/li>\n<li>Marke: Shanga-Schmuck<\/li>\n<\/ul>","protected":false},"featured_media":10160,"comment_status":"closed","ping_status":"closed","template":"","meta":{"_acf_changed":false},"product_brand":[],"product_cat":[337,398],"product_tag":[187,188,189,205,206,212,190,183,213,184,207],"class_list":{"0":"post-10157","1":"product","2":"type-product","3":"status-publish","4":"has-post-thumbnail","6":"product_cat-gold-jewelry","7":"product_cat-shanga","8":"product_tag-conch","9":"product_tag-ear","10":"product_tag-helix","11":"product_tag-lobe","12":"product_tag-lobulo","13":"product_tag-medusa","14":"product_tag-oreja","15":"product_tag-perforacion","16":"product_tag-philtrum","17":"product_tag-piercing","18":"product_tag-tragus","20":"first","21":"instock","22":"taxable","23":"shipping-taxable","24":"product-type-variable"},"acf":[],"gallery_images":[],"_links":{"self":[{"href":"https:\/\/tremunpiercing.com\/de\/wp-json\/wp\/v2\/product\/10157","targetHints":{"allow":["GET"]}}],"collection":[{"href":"https:\/\/tremunpiercing.com\/de\/wp-json\/wp\/v2\/product"}],"about":[{"href":"https:\/\/tremunpiercing.com\/de\/wp-json\/wp\/v2\/types\/product"}],"replies":[{"embeddable":true,"href":"https:\/\/tremunpiercing.com\/de\/wp-json\/wp\/v2\/comments?post=10157"}],"version-history":[{"count":0,"href":"https:\/\/tremunpiercing.com\/de\/wp-json\/wp\/v2\/product\/10157\/revisions"}],"wp:featuredmedia":[{"embeddable":true,"href":"https:\/\/tremunpiercing.com\/de\/wp-json\/wp\/v2\/media\/10160"}],"wp:attachment":[{"href":"https:\/\/tremunpiercing.com\/de\/wp-json\/wp\/v2\/media?parent=10157"}],"wp:term":[{"taxonomy":"product_brand","embeddable":true,"href":"https:\/\/tremunpiercing.com\/de\/wp-json\/wp\/v2\/product_brand?post=10157"},{"taxonomy":"product_cat","embeddable":true,"href":"https:\/\/tremunpiercing.com\/de\/wp-json\/wp\/v2\/product_cat?post=10157"},{"taxonomy":"product_tag","embeddable":true,"href":"https:\/\/tremunpiercing.com\/de\/wp-json\/wp\/v2\/product_tag?post=10157"}],"curies":[{"name":"wp","href":"https:\/\/api.w.org\/{rel}","templated":true}]}}