{"id":10168,"date":"2024-08-22T16:17:26","date_gmt":"2024-08-22T15:17:26","guid":{"rendered":"https:\/\/tremunpiercing.com\/?post_type=product&#038;p=10168"},"modified":"2025-12-04T13:22:32","modified_gmt":"2025-12-04T12:22:32","slug":"pear-chevron-2","status":"publish","type":"product","link":"https:\/\/tremunpiercing.com\/de\/product\/pear-chevron-2\/","title":{"rendered":"Birne Chevron"},"content":{"rendered":"<p>Der Pear Chevron ist ein sch\u00f6ner und anpassungsf\u00e4higer Schmuckaufsatz von Shanga Jewellery f\u00fcr professionelle Piercer. Der fadenlose Steckverschluss aus 18 Karat Gelbgold enth\u00e4lt einen birnenf\u00f6rmig geschliffenen Zirkoniastein. Er ist in zwei Gr\u00f6\u00dfen erh\u00e4ltlich, einer gro\u00dfen 3,3 mm x 5,5 mm und einer kleinen 2,2 mm x 4,5 mm, um Flexibilit\u00e4t beim Einsetzen in Helix-, Tragus-, Nasenloch- und Lappenpiercings zu erm\u00f6glichen. Der Chevron-Stil der Schmuckspitze bringt die Brillanz des Edelsteins zur Geltung und sorgt gleichzeitig f\u00fcr einen kantigen, modernen, eckigen Stil. Er ist vielseitig einsetzbar f\u00fcr 16G und 14G gewindelose Labret-Stifte und bietet dem Piercer einen bequemen und sicheren Sitz.<\/p>\n<p>Seine stilvolle und zugleich praktische Beschaffenheit gibt Ihnen gen\u00fcgend Flexibilit\u00e4t, um sowohl minimalistische als auch k\u00fchne Kunden anzusprechen, weshalb es von Fachleuten geliebt wird. Dieses Schmuckst\u00fcck ist besonders f\u00fcr Gro\u00dfhandelskunden und Schmuckgesch\u00e4fte geeignet, da es mit seiner einzigartigen Silhouette die Vielfalt hochwertiger Schmuckst\u00fccke in einer Piercing-Kollektion erg\u00e4nzt.<\/p>","protected":false},"excerpt":{"rendered":"<ul>\n<li>Gewindeloses Oberteil - 25ga Edelstahlstift<\/li>\n<li>Material: Gelbgold 18k<\/li>\n<li>Edelstein: Kubischer Zirkoniumdioxid<\/li>\n<li>Kompatibel mit 16G und 14G gewindelosen Labretstiften<\/li>\n<li>Gr\u00f6\u00dfe: Gro\u00df 3,3mm x 5,5mm - Klein 2,2mm x 4,5mm<\/li>\n<li>Marke: Shanga-Schmuck<\/li>\n<\/ul>","protected":false},"featured_media":10171,"comment_status":"closed","ping_status":"closed","template":"","meta":{"_acf_changed":false},"product_brand":[],"product_cat":[337,398],"product_tag":[187,188,189,205,206,212,190,183,213,184,207],"class_list":{"0":"post-10168","1":"product","2":"type-product","3":"status-publish","4":"has-post-thumbnail","6":"product_cat-gold-jewelry","7":"product_cat-shanga","8":"product_tag-conch","9":"product_tag-ear","10":"product_tag-helix","11":"product_tag-lobe","12":"product_tag-lobulo","13":"product_tag-medusa","14":"product_tag-oreja","15":"product_tag-perforacion","16":"product_tag-philtrum","17":"product_tag-piercing","18":"product_tag-tragus","20":"first","21":"instock","22":"featured","23":"taxable","24":"shipping-taxable","25":"product-type-variable"},"acf":[],"gallery_images":[10172],"_links":{"self":[{"href":"https:\/\/tremunpiercing.com\/de\/wp-json\/wp\/v2\/product\/10168","targetHints":{"allow":["GET"]}}],"collection":[{"href":"https:\/\/tremunpiercing.com\/de\/wp-json\/wp\/v2\/product"}],"about":[{"href":"https:\/\/tremunpiercing.com\/de\/wp-json\/wp\/v2\/types\/product"}],"replies":[{"embeddable":true,"href":"https:\/\/tremunpiercing.com\/de\/wp-json\/wp\/v2\/comments?post=10168"}],"version-history":[{"count":0,"href":"https:\/\/tremunpiercing.com\/de\/wp-json\/wp\/v2\/product\/10168\/revisions"}],"wp:featuredmedia":[{"embeddable":true,"href":"https:\/\/tremunpiercing.com\/de\/wp-json\/wp\/v2\/media\/10171"}],"wp:attachment":[{"href":"https:\/\/tremunpiercing.com\/de\/wp-json\/wp\/v2\/media?parent=10168"}],"wp:term":[{"taxonomy":"product_brand","embeddable":true,"href":"https:\/\/tremunpiercing.com\/de\/wp-json\/wp\/v2\/product_brand?post=10168"},{"taxonomy":"product_cat","embeddable":true,"href":"https:\/\/tremunpiercing.com\/de\/wp-json\/wp\/v2\/product_cat?post=10168"},{"taxonomy":"product_tag","embeddable":true,"href":"https:\/\/tremunpiercing.com\/de\/wp-json\/wp\/v2\/product_tag?post=10168"}],"curies":[{"name":"wp","href":"https:\/\/api.w.org\/{rel}","templated":true}]}}