{"id":10177,"date":"2024-08-22T20:26:05","date_gmt":"2024-08-22T19:26:05","guid":{"rendered":"https:\/\/tremunpiercing.com\/?post_type=product&#038;p=10177"},"modified":"2026-04-14T10:59:52","modified_gmt":"2026-04-14T09:59:52","slug":"baguette-with-bullets","status":"publish","type":"product","link":"https:\/\/tremunpiercing.com\/de\/product\/baguette-with-bullets\/","title":{"rendered":"Baguette mit Kugeln"},"content":{"rendered":"<p>Der Baguette With Bullets von Shanga Jewellery pr\u00e4sentiert ein elegantes und k\u00fchnes Design in hochwertigem K\u00f6rperschmuck. Das fadenlose Oberteil aus 18-kar\u00e4tigem Gelbgold ist 2,9 mm x 6,9 mm gro\u00df und verf\u00fcgt \u00fcber einen Baguette-f\u00f6rmigen Zirkonia-Kristall in der Mitte. Jede Seite des Schmuckst\u00fccks ist mit einem Kugeldetail versehen, das f\u00fcr ein wenig Sch\u00e4rfe sorgt und dennoch ein luxuri\u00f6ses K\u00f6rperschmuckst\u00fcck ist. Das Oberteil passt auf 16G oder 14G Push-Pin-Labret-Stifte und ist von professioneller Qualit\u00e4t. Er ist f\u00fcr Helix-, Tragus-, Lappen- oder Nasenlochschmuck gedacht und erf\u00fcllt den Wunsch der Kunden nach einem Schmuckst\u00fcck, das sich durch Stil und Raffinesse auszeichnet.<\/p>\n<p>Kunden, die im Gro\u00dfhandel einkaufen m\u00f6chten, werden von der handwerklichen Qualit\u00e4t dieses K\u00f6rperschmucks ebenso begeistert sein wie von seinem modernen Stil, der die Kollektionen eines jeden Designers bereichert. Die Baguette mit Kugeln zeichnet sich durch Pr\u00e4zision, Langlebigkeit und ein modernes Design aus und ist daher f\u00fcr Studios und Einzelh\u00e4ndler gleicherma\u00dfen interessant.<\/p>","protected":false},"excerpt":{"rendered":"<ul>\n<li>Gewindeloses Oberteil - 25ga Edelstahlstift<\/li>\n<li>Material: Gelbgold 18k<\/li>\n<li>Gr\u00f6\u00dfe: 2,9mm x 6,9mm<\/li>\n<li>Edelstein: Kubischer Zirkoniumdioxid<\/li>\n<li>Kompatibel mit gewindelosen 16G- und 14G-Etiketten<\/li>\n<li>Marke: Shanga-Schmuck<\/li>\n<\/ul>","protected":false},"featured_media":10178,"comment_status":"closed","ping_status":"closed","template":"","meta":{"_acf_changed":false},"product_brand":[],"product_cat":[337,398],"product_tag":[187,188,189,205,206,212,190,183,213,184,207],"class_list":{"0":"post-10177","1":"product","2":"type-product","3":"status-publish","4":"has-post-thumbnail","6":"product_cat-gold-jewelry","7":"product_cat-shanga","8":"product_tag-conch","9":"product_tag-ear","10":"product_tag-helix","11":"product_tag-lobe","12":"product_tag-lobulo","13":"product_tag-medusa","14":"product_tag-oreja","15":"product_tag-perforacion","16":"product_tag-philtrum","17":"product_tag-piercing","18":"product_tag-tragus","20":"first","21":"instock","22":"taxable","23":"shipping-taxable","24":"purchasable","25":"product-type-simple"},"acf":[],"gallery_images":[29617,29616],"_links":{"self":[{"href":"https:\/\/tremunpiercing.com\/de\/wp-json\/wp\/v2\/product\/10177","targetHints":{"allow":["GET"]}}],"collection":[{"href":"https:\/\/tremunpiercing.com\/de\/wp-json\/wp\/v2\/product"}],"about":[{"href":"https:\/\/tremunpiercing.com\/de\/wp-json\/wp\/v2\/types\/product"}],"replies":[{"embeddable":true,"href":"https:\/\/tremunpiercing.com\/de\/wp-json\/wp\/v2\/comments?post=10177"}],"version-history":[{"count":1,"href":"https:\/\/tremunpiercing.com\/de\/wp-json\/wp\/v2\/product\/10177\/revisions"}],"predecessor-version":[{"id":28961,"href":"https:\/\/tremunpiercing.com\/de\/wp-json\/wp\/v2\/product\/10177\/revisions\/28961"}],"wp:featuredmedia":[{"embeddable":true,"href":"https:\/\/tremunpiercing.com\/de\/wp-json\/wp\/v2\/media\/10178"}],"wp:attachment":[{"href":"https:\/\/tremunpiercing.com\/de\/wp-json\/wp\/v2\/media?parent=10177"}],"wp:term":[{"taxonomy":"product_brand","embeddable":true,"href":"https:\/\/tremunpiercing.com\/de\/wp-json\/wp\/v2\/product_brand?post=10177"},{"taxonomy":"product_cat","embeddable":true,"href":"https:\/\/tremunpiercing.com\/de\/wp-json\/wp\/v2\/product_cat?post=10177"},{"taxonomy":"product_tag","embeddable":true,"href":"https:\/\/tremunpiercing.com\/de\/wp-json\/wp\/v2\/product_tag?post=10177"}],"curies":[{"name":"wp","href":"https:\/\/api.w.org\/{rel}","templated":true}]}}