{"id":10179,"date":"2024-08-22T20:38:18","date_gmt":"2024-08-22T19:38:18","guid":{"rendered":"https:\/\/tremunpiercing.com\/?post_type=product&#038;p=10179"},"modified":"2026-04-14T10:55:03","modified_gmt":"2026-04-14T09:55:03","slug":"baguette-double-point","status":"publish","type":"product","link":"https:\/\/tremunpiercing.com\/de\/product\/baguette-double-point\/","title":{"rendered":"Baguette Doppelspitze"},"content":{"rendered":"<p>Der Baguette Double Point von Shanga Jewelry ist ein stilvoller, fadenloser Schmuckaufsatz f\u00fcr Ihren Piercer oder den Piercer Ihres Kunden! Der 18-kar\u00e4tige Gelbgoldaufsatz ist ein 2,9 mm x 5,5 mm gro\u00dfer Aufsatz im Push-Pin-Stil mit einem wundersch\u00f6nen Baguette-Stein aus Zirkonia in einer doppelspitzigen Fassung. Die Genauigkeit des modernen Designs wird jedes Piercing durch den scharfen Stil aufwerten.<\/p>\n<p>Die minimalistische und luxuri\u00f6se Baguette-Doppelspitze ist eines der beliebtesten Modelle bei Kunden, die einen klaren und modernen Look bevorzugen. Die Spitze ist f\u00fcr 16G und 14G fadenlose Labret-Stifte geeignet und kann an Stellen wie Nasenloch, Tragus, Helix und Lappen mit Komfort und Leichtigkeit getragen werden. F\u00fcr Gro\u00dfhandels- und Studiok\u00e4ufer ist die Baguette-Doppelspitze ein Premium-Produkt, das funktionell ist, das Inventar aufwertet und eine Top-Wahl unter Piercern und Kunden ist.<\/p>","protected":false},"excerpt":{"rendered":"<ul>\n<li>Gewindeloses Oberteil<\/li>\n<li>Material: Gelbgold 18k<\/li>\n<li>Gr\u00f6\u00dfe: : 2,9mm x 5,5mm<\/li>\n<li>Edelstein: Kubischer Zirkoniumdioxid<\/li>\n<li>Kompatibel mit 16G und 14G gewindelosen Labretstiften<\/li>\n<li>Marke: Shanga-Schmuck<\/li>\n<\/ul>","protected":false},"featured_media":12792,"comment_status":"closed","ping_status":"closed","template":"","meta":{"_acf_changed":false},"product_brand":[],"product_cat":[337,398],"product_tag":[187,188,189,205,206,212,190,183,213,184,207],"class_list":{"0":"post-10179","1":"product","2":"type-product","3":"status-publish","4":"has-post-thumbnail","6":"product_cat-gold-jewelry","7":"product_cat-shanga","8":"product_tag-conch","9":"product_tag-ear","10":"product_tag-helix","11":"product_tag-lobe","12":"product_tag-lobulo","13":"product_tag-medusa","14":"product_tag-oreja","15":"product_tag-perforacion","16":"product_tag-philtrum","17":"product_tag-piercing","18":"product_tag-tragus","20":"first","21":"instock","22":"featured","23":"taxable","24":"shipping-taxable","25":"purchasable","26":"product-type-simple"},"acf":[],"gallery_images":[29615,29614],"_links":{"self":[{"href":"https:\/\/tremunpiercing.com\/de\/wp-json\/wp\/v2\/product\/10179","targetHints":{"allow":["GET"]}}],"collection":[{"href":"https:\/\/tremunpiercing.com\/de\/wp-json\/wp\/v2\/product"}],"about":[{"href":"https:\/\/tremunpiercing.com\/de\/wp-json\/wp\/v2\/types\/product"}],"replies":[{"embeddable":true,"href":"https:\/\/tremunpiercing.com\/de\/wp-json\/wp\/v2\/comments?post=10179"}],"version-history":[{"count":1,"href":"https:\/\/tremunpiercing.com\/de\/wp-json\/wp\/v2\/product\/10179\/revisions"}],"predecessor-version":[{"id":28960,"href":"https:\/\/tremunpiercing.com\/de\/wp-json\/wp\/v2\/product\/10179\/revisions\/28960"}],"wp:featuredmedia":[{"embeddable":true,"href":"https:\/\/tremunpiercing.com\/de\/wp-json\/wp\/v2\/media\/12792"}],"wp:attachment":[{"href":"https:\/\/tremunpiercing.com\/de\/wp-json\/wp\/v2\/media?parent=10179"}],"wp:term":[{"taxonomy":"product_brand","embeddable":true,"href":"https:\/\/tremunpiercing.com\/de\/wp-json\/wp\/v2\/product_brand?post=10179"},{"taxonomy":"product_cat","embeddable":true,"href":"https:\/\/tremunpiercing.com\/de\/wp-json\/wp\/v2\/product_cat?post=10179"},{"taxonomy":"product_tag","embeddable":true,"href":"https:\/\/tremunpiercing.com\/de\/wp-json\/wp\/v2\/product_tag?post=10179"}],"curies":[{"name":"wp","href":"https:\/\/api.w.org\/{rel}","templated":true}]}}