{"id":11444,"date":"2024-10-09T20:58:15","date_gmt":"2024-10-09T19:58:15","guid":{"rendered":"https:\/\/tremunpiercing.com\/?post_type=product&#038;p=11444"},"modified":"2026-04-13T14:30:49","modified_gmt":"2026-04-13T13:30:49","slug":"kathy","status":"publish","type":"product","link":"https:\/\/tremunpiercing.com\/de\/product\/kathy\/","title":{"rendered":"Kathy"},"content":{"rendered":"<p>Der Kathy Internally Threaded Stud ist ein Premium-Upgrade f\u00fcr alle, die professionell piercen. Aus massivem 14-kar\u00e4tigem Gelbgold gefertigt, ist dieser Ohrstecker eine gro\u00dfartige Kombination aus Luxus und Sicherheit. Der 7 mm gro\u00dfe Ohrstecker aus 14G ist mit einem Zirkoniastein verziert, der alle Blicke auf sich zieht. Er hat ein Innengewinde zum leichteren Einsetzen und f\u00fcr mehr Sicherheit und ist so konzipiert, dass empfindliches Gewebe beim Einsetzen gesch\u00fctzt wird. Der aus hypoallergenen Materialien gefertigte und anlaufbest\u00e4ndige Ohrstecker ist langlebig, sieht lange Zeit gut aus und ist bequem. Dieser Bolzen ist ideal f\u00fcr Labret-, Tragus- oder Knorpelpiercings. Nehmen Sie den Kathy Stud in Ihr Studio auf, um Ihren Kunden einen hochwertigen und sicheren K\u00f6rperschmuck anzubieten.<\/p>","protected":false},"excerpt":{"rendered":"<ul>\n<li>Innengewinde<\/li>\n<li>Material: Gelbgold 14k<\/li>\n<li>Edelstein: Kubischer Zirkoniumdioxid<\/li>\n<li>Spurweite: 14G<\/li>\n<li>Gr\u00f6\u00dfe: 7 mm<\/li>\n<\/ul>","protected":false},"featured_media":18608,"comment_status":"closed","ping_status":"closed","template":"","meta":{"_acf_changed":false},"product_brand":[],"product_cat":[337,463,400],"product_tag":[187,188,189,205,206,212,190,183,213,184,207],"class_list":{"0":"post-11444","1":"product","2":"type-product","3":"status-publish","4":"has-post-thumbnail","6":"product_cat-gold-jewelry","7":"product_cat-tops-gold-tremun","8":"product_cat-tremun","9":"product_tag-conch","10":"product_tag-ear","11":"product_tag-helix","12":"product_tag-lobe","13":"product_tag-lobulo","14":"product_tag-medusa","15":"product_tag-oreja","16":"product_tag-perforacion","17":"product_tag-philtrum","18":"product_tag-piercing","19":"product_tag-tragus","21":"first","22":"instock","23":"taxable","24":"shipping-taxable","25":"purchasable","26":"product-type-simple"},"acf":[],"gallery_images":[29579,29578],"_links":{"self":[{"href":"https:\/\/tremunpiercing.com\/de\/wp-json\/wp\/v2\/product\/11444","targetHints":{"allow":["GET"]}}],"collection":[{"href":"https:\/\/tremunpiercing.com\/de\/wp-json\/wp\/v2\/product"}],"about":[{"href":"https:\/\/tremunpiercing.com\/de\/wp-json\/wp\/v2\/types\/product"}],"replies":[{"embeddable":true,"href":"https:\/\/tremunpiercing.com\/de\/wp-json\/wp\/v2\/comments?post=11444"}],"version-history":[{"count":1,"href":"https:\/\/tremunpiercing.com\/de\/wp-json\/wp\/v2\/product\/11444\/revisions"}],"predecessor-version":[{"id":29580,"href":"https:\/\/tremunpiercing.com\/de\/wp-json\/wp\/v2\/product\/11444\/revisions\/29580"}],"wp:featuredmedia":[{"embeddable":true,"href":"https:\/\/tremunpiercing.com\/de\/wp-json\/wp\/v2\/media\/18608"}],"wp:attachment":[{"href":"https:\/\/tremunpiercing.com\/de\/wp-json\/wp\/v2\/media?parent=11444"}],"wp:term":[{"taxonomy":"product_brand","embeddable":true,"href":"https:\/\/tremunpiercing.com\/de\/wp-json\/wp\/v2\/product_brand?post=11444"},{"taxonomy":"product_cat","embeddable":true,"href":"https:\/\/tremunpiercing.com\/de\/wp-json\/wp\/v2\/product_cat?post=11444"},{"taxonomy":"product_tag","embeddable":true,"href":"https:\/\/tremunpiercing.com\/de\/wp-json\/wp\/v2\/product_tag?post=11444"}],"curies":[{"name":"wp","href":"https:\/\/api.w.org\/{rel}","templated":true}]}}