{"id":12235,"date":"2024-11-12T01:15:11","date_gmt":"2024-11-12T00:15:11","guid":{"rendered":"https:\/\/tremunpiercing.com\/?post_type=product&#038;p=12235"},"modified":"2026-04-19T16:14:27","modified_gmt":"2026-04-19T15:14:27","slug":"micro-labret-push-pin-18g","status":"publish","type":"product","link":"https:\/\/tremunpiercing.com\/de\/product\/micro-labret-push-pin-18g\/","title":{"rendered":"Mikro-Labret Druckstift 18G"},"content":{"rendered":"<p>Der 6mm Titan Labret Push Pin in 18G ist eine geeignete Schmuckgrundlage f\u00fcr professionelle Piercer und Gro\u00dfhandelsanbieter gleicherma\u00dfen. Hergestellt aus Titan F-136 in Implantatqualit\u00e4t, um maximale Biokompatibilit\u00e4t und dauerhaften Verschlei\u00df zu gew\u00e4hrleisten. Erh\u00e4ltlich in L\u00e4ngen von 6 mm bis 10 mm und mit einer flachen Basis von 3 mm, passt dieser Stift zu allen gewindelosen Accessoires. Durch seine lange Lebensdauer und sein geringes Gewicht wird er immer mehr zum bevorzugten Material f\u00fcr Zwischenpiercings. Die einfachen Push-Pin-Systeme erm\u00f6glichen eine einfache Anwendung. Sie m\u00fcssen \u00fcberpr\u00fcft werden und passen in Ihr Piercing, sobald es vollst\u00e4ndig verheilt ist, es sei denn, sie passen nicht, da sie nur Druckstifte sind und nicht vollst\u00e4ndig sicher! Geeignet f\u00fcr Lippen-, Helix-, Tragus- und Knorpelpiercings, ist dies der One-Stop-Shop, den wir alle brauchen und der ein notwendiger Bestandteil jedes Piercingstudios ist. Gro\u00df- und Einzelh\u00e4ndler k\u00f6nnen sich seiner Nachfrage sicher sein, denn er bildet die Grundlage der Piercing-Kollektion eines jeden Profis!<\/p>","protected":false},"excerpt":{"rendered":"<ul>\n<li>Druckstift<\/li>\n<li>Kompatibel nur mit Push-Pin-Zubeh\u00f6r<\/li>\n<li>Material: Implantat-G\u00fcteklasse Titan F-136<\/li>\n<li>Spurweite: 18G<\/li>\n<li>L\u00e4nge: 6mm, 7mm, 8mm, 9mm, 10mm<\/li>\n<li>Durchmesser der Basis: 3 mm<\/li>\n<\/ul>","protected":false},"featured_media":15052,"comment_status":"closed","ping_status":"closed","template":"","meta":{"_acf_changed":false},"product_brand":[],"product_cat":[340,344],"product_tag":[187,188,189,210,211,205,206,212,190,183,213,184,293,207],"class_list":{"0":"post-12235","1":"product","2":"type-product","3":"status-publish","4":"has-post-thumbnail","6":"product_cat-titanium-jewelry","7":"product_cat-labret-titanium-jeawelry","8":"product_tag-conch","9":"product_tag-ear","10":"product_tag-helix","11":"product_tag-labret","12":"product_tag-lip","13":"product_tag-lobe","14":"product_tag-lobulo","15":"product_tag-medusa","16":"product_tag-oreja","17":"product_tag-perforacion","18":"product_tag-philtrum","19":"product_tag-piercing","20":"product_tag-push-pin","21":"product_tag-tragus","23":"first","24":"instock","25":"taxable","26":"shipping-taxable","27":"purchasable","28":"product-type-variable"},"acf":[],"gallery_images":[15055,15054,15053],"_links":{"self":[{"href":"https:\/\/tremunpiercing.com\/de\/wp-json\/wp\/v2\/product\/12235","targetHints":{"allow":["GET"]}}],"collection":[{"href":"https:\/\/tremunpiercing.com\/de\/wp-json\/wp\/v2\/product"}],"about":[{"href":"https:\/\/tremunpiercing.com\/de\/wp-json\/wp\/v2\/types\/product"}],"replies":[{"embeddable":true,"href":"https:\/\/tremunpiercing.com\/de\/wp-json\/wp\/v2\/comments?post=12235"}],"version-history":[{"count":0,"href":"https:\/\/tremunpiercing.com\/de\/wp-json\/wp\/v2\/product\/12235\/revisions"}],"wp:featuredmedia":[{"embeddable":true,"href":"https:\/\/tremunpiercing.com\/de\/wp-json\/wp\/v2\/media\/15052"}],"wp:attachment":[{"href":"https:\/\/tremunpiercing.com\/de\/wp-json\/wp\/v2\/media?parent=12235"}],"wp:term":[{"taxonomy":"product_brand","embeddable":true,"href":"https:\/\/tremunpiercing.com\/de\/wp-json\/wp\/v2\/product_brand?post=12235"},{"taxonomy":"product_cat","embeddable":true,"href":"https:\/\/tremunpiercing.com\/de\/wp-json\/wp\/v2\/product_cat?post=12235"},{"taxonomy":"product_tag","embeddable":true,"href":"https:\/\/tremunpiercing.com\/de\/wp-json\/wp\/v2\/product_tag?post=12235"}],"curies":[{"name":"wp","href":"https:\/\/api.w.org\/{rel}","templated":true}]}}