{"id":12467,"date":"2024-12-06T20:02:01","date_gmt":"2024-12-06T19:02:01","guid":{"rendered":"https:\/\/tremunpiercing.com\/?post_type=product&#038;p=12467"},"modified":"2026-04-13T14:26:32","modified_gmt":"2026-04-13T13:26:32","slug":"maria-yellow-gold-with-sapphires","status":"publish","type":"product","link":"https:\/\/tremunpiercing.com\/de\/product\/maria-yellow-gold-with-sapphires\/","title":{"rendered":"Maria Gelbgold mit Saphiren"},"content":{"rendered":"<h2>Saphir-Klicker-Ring<\/h2>\n<p>Der Laboratory Sapphire Maria Yellow Gold Clicker Ring wurde f\u00fcr Ateliers und Gesch\u00e4fte entwickelt, die Wert auf hochwertigen Edelsteinschmuck legen. Der 16G-Klicker aus massivem 14-kar\u00e4tigem Gelbgold hat einen Durchmesser von 8 mm und ist damit vielseitig genug, um in einer Vielzahl von Piercings wie Septum, Daith und Knorpel getragen zu werden. Die Reihe von im Labor gez\u00fcchteten Saphiren verleiht dem Schmuckst\u00fcck eine wundersch\u00f6ne blaue Farbe und tr\u00e4gt sowohl zur \u00c4sthetik als auch zur ethischen Herkunft des Designs bei.<\/p>\n<p>Der sichere Klickverschluss l\u00e4sst sich von Fachleuten leicht einsetzen und herausnehmen, ohne den Komfort f\u00fcr ihre Kunden zu beeintr\u00e4chtigen. Dieses St\u00fcck f\u00fcgt eine neue edle Edelsteinoption zu den Gro\u00dfhandelskollektionen hinzu, die Ihre Kunden eindeutig kaufen k\u00f6nnen, ohne auf Qualit\u00e4t zu verzichten. Das Labor Sapphire Maria Gelbgold Clicker Ring ist langlebig, stilvoll und zeitlos f\u00fcr den anspruchsvollen Piercing-Studio auf der Suche nach etwas High-End, um Kunden, die in Zentren, die nur Low-End-Qualit\u00e4t Schmuck bieten entt\u00e4uscht worden sind, bieten.<\/p>","protected":false},"excerpt":{"rendered":"<ul>\n<li>Klicker-Ring<\/li>\n<li>Material: 14K Gelbgold<\/li>\n<li>Durchmesser: 8 mm<\/li>\n<li>Spurweite: 16G<\/li>\n<li>Edelstein: Labor-Saphire<\/li>\n<\/ul>","protected":false},"featured_media":12469,"comment_status":"closed","ping_status":"closed","template":"","meta":{"_acf_changed":false},"product_brand":[],"product_cat":[337,464,400],"product_tag":[192,193,202,179,180,194,188,189,195,196,226,190,183,184,197,198],"class_list":{"0":"post-12467","1":"product","2":"type-product","3":"status-publish","4":"has-post-thumbnail","6":"product_cat-gold-jewelry","7":"product_cat-rings-gold-tremun","8":"product_cat-tremun","9":"product_tag-anillo","10":"product_tag-argolla","11":"product_tag-clicker","12":"product_tag-cristal","13":"product_tag-cz","14":"product_tag-daith","15":"product_tag-ear","16":"product_tag-helix","17":"product_tag-hinged-ring","18":"product_tag-nariz","19":"product_tag-opal","20":"product_tag-oreja","21":"product_tag-perforacion","22":"product_tag-piercing","23":"product_tag-ring","24":"product_tag-septum","26":"first","27":"instock","28":"taxable","29":"shipping-taxable","30":"purchasable","31":"product-type-simple"},"acf":[],"gallery_images":[29572,29573],"_links":{"self":[{"href":"https:\/\/tremunpiercing.com\/de\/wp-json\/wp\/v2\/product\/12467","targetHints":{"allow":["GET"]}}],"collection":[{"href":"https:\/\/tremunpiercing.com\/de\/wp-json\/wp\/v2\/product"}],"about":[{"href":"https:\/\/tremunpiercing.com\/de\/wp-json\/wp\/v2\/types\/product"}],"replies":[{"embeddable":true,"href":"https:\/\/tremunpiercing.com\/de\/wp-json\/wp\/v2\/comments?post=12467"}],"version-history":[{"count":1,"href":"https:\/\/tremunpiercing.com\/de\/wp-json\/wp\/v2\/product\/12467\/revisions"}],"predecessor-version":[{"id":29574,"href":"https:\/\/tremunpiercing.com\/de\/wp-json\/wp\/v2\/product\/12467\/revisions\/29574"}],"wp:featuredmedia":[{"embeddable":true,"href":"https:\/\/tremunpiercing.com\/de\/wp-json\/wp\/v2\/media\/12469"}],"wp:attachment":[{"href":"https:\/\/tremunpiercing.com\/de\/wp-json\/wp\/v2\/media?parent=12467"}],"wp:term":[{"taxonomy":"product_brand","embeddable":true,"href":"https:\/\/tremunpiercing.com\/de\/wp-json\/wp\/v2\/product_brand?post=12467"},{"taxonomy":"product_cat","embeddable":true,"href":"https:\/\/tremunpiercing.com\/de\/wp-json\/wp\/v2\/product_cat?post=12467"},{"taxonomy":"product_tag","embeddable":true,"href":"https:\/\/tremunpiercing.com\/de\/wp-json\/wp\/v2\/product_tag?post=12467"}],"curies":[{"name":"wp","href":"https:\/\/api.w.org\/{rel}","templated":true}]}}