{"id":12668,"date":"2024-12-19T01:38:03","date_gmt":"2024-12-19T00:38:03","guid":{"rendered":"https:\/\/tremunpiercing.com\/?post_type=product&#038;p=12668"},"modified":"2026-04-18T10:25:47","modified_gmt":"2026-04-18T09:25:47","slug":"micro-labret-push-pin-post-only-base-3mm","status":"publish","type":"product","link":"https:\/\/tremunpiercing.com\/de\/product\/micro-labret-push-pin-post-only-base-3mm\/","title":{"rendered":"Micro Labret Push Pin (nur POST) (Basis 3mm)"},"content":{"rendered":"<p>Der Micro Labret Push Pin Post ist eine unverzichtbare Erg\u00e4nzung f\u00fcr alle professionellen Piercingstudios. Speziell f\u00fcr Push-Pin-Oberteile gedacht, wird dieser Stift aus hochwertigem Implantat-Titan (F-136) hergestellt, das Sicherheit, Haltbarkeit und Biokompatibilit\u00e4t f\u00fcr jeden Hauttyp bietet. Er wird in einer d\u00fcnnen Breite von 20G und L\u00e4ngen von 5 mm, 6 mm oder 7 mm angeboten. Sie k\u00f6nnen ihn nach Belieben kombinieren, je nachdem, welche Platzierung des Piercings Ihr Kunde bevorzugt. Der Micro Labret Push Pin Post ist universell f\u00fcr fast jeden Kunden geeignet und bietet zus\u00e4tzlich einen au\u00dfergew\u00f6hnlichen Komfort w\u00e4hrend des Heilungsprozesses. Mit einer flachen Basis von 3 mm liegt der Micro Labret Push Pin Pfosten bequem auf der Haut und bietet dennoch einen stabilen Halt mit geringer Irritation.<\/p>\n<p>Der Micro Labret Push Pin ist ein reiner Stift, der dem Piercer die M\u00f6glichkeit gibt, den Katalog der erh\u00e4ltlichen Push-Pin-Accessoires beliebig zu kombinieren - genau das, was jeder Piercer in seiner Schmucksammlung sucht. Ein weiterer Grund, warum Piercing-Experten auf der ganzen Welt ihren Mikrolabrets wegen ihrer hypoallergenen Eigenschaften und ihrer Langlebigkeit vertrauen, ist die Tatsache, dass die Labrets aus leichtem und dennoch haltbarem Titan bestehen. Sie sind eine weitere gro\u00dfartige Gro\u00dfhandelsoption f\u00fcr Ihr Studio, Ihren Tattoo-Shop oder Ihren Einzelh\u00e4ndler, der seinen Bestand an Qualit\u00e4tspiercings mit professionellen Ergebnissen erweitern m\u00f6chte.<\/p>","protected":false},"excerpt":{"rendered":"<ul>\n<li>Druckstift<\/li>\n<li>Kompatibel nur mit Push-Pin-Zubeh\u00f6r<\/li>\n<li>Material: Implantat-G\u00fcteklasse Titan F-136<\/li>\n<li>Spurweite: 20G<\/li>\n<li>L\u00e4nge: 5 mm, 6 mm, 7 mm<\/li>\n<li>Durchmesser der Basis: 3 mm<\/li>\n<\/ul>","protected":false},"featured_media":15054,"comment_status":"closed","ping_status":"closed","template":"","meta":{"_acf_changed":false},"product_brand":[],"product_cat":[340,344],"product_tag":[187,188,189,210,211,205,206,212,190,183,213,184,293,207],"class_list":{"0":"post-12668","1":"product","2":"type-product","3":"status-publish","4":"has-post-thumbnail","6":"product_cat-titanium-jewelry","7":"product_cat-labret-titanium-jeawelry","8":"product_tag-conch","9":"product_tag-ear","10":"product_tag-helix","11":"product_tag-labret","12":"product_tag-lip","13":"product_tag-lobe","14":"product_tag-lobulo","15":"product_tag-medusa","16":"product_tag-oreja","17":"product_tag-perforacion","18":"product_tag-philtrum","19":"product_tag-piercing","20":"product_tag-push-pin","21":"product_tag-tragus","23":"first","24":"instock","25":"taxable","26":"shipping-taxable","27":"purchasable","28":"product-type-variable"},"acf":[],"gallery_images":[15055,15053,15052],"_links":{"self":[{"href":"https:\/\/tremunpiercing.com\/de\/wp-json\/wp\/v2\/product\/12668","targetHints":{"allow":["GET"]}}],"collection":[{"href":"https:\/\/tremunpiercing.com\/de\/wp-json\/wp\/v2\/product"}],"about":[{"href":"https:\/\/tremunpiercing.com\/de\/wp-json\/wp\/v2\/types\/product"}],"replies":[{"embeddable":true,"href":"https:\/\/tremunpiercing.com\/de\/wp-json\/wp\/v2\/comments?post=12668"}],"version-history":[{"count":0,"href":"https:\/\/tremunpiercing.com\/de\/wp-json\/wp\/v2\/product\/12668\/revisions"}],"wp:featuredmedia":[{"embeddable":true,"href":"https:\/\/tremunpiercing.com\/de\/wp-json\/wp\/v2\/media\/15054"}],"wp:attachment":[{"href":"https:\/\/tremunpiercing.com\/de\/wp-json\/wp\/v2\/media?parent=12668"}],"wp:term":[{"taxonomy":"product_brand","embeddable":true,"href":"https:\/\/tremunpiercing.com\/de\/wp-json\/wp\/v2\/product_brand?post=12668"},{"taxonomy":"product_cat","embeddable":true,"href":"https:\/\/tremunpiercing.com\/de\/wp-json\/wp\/v2\/product_cat?post=12668"},{"taxonomy":"product_tag","embeddable":true,"href":"https:\/\/tremunpiercing.com\/de\/wp-json\/wp\/v2\/product_tag?post=12668"}],"curies":[{"name":"wp","href":"https:\/\/api.w.org\/{rel}","templated":true}]}}