{"id":13047,"date":"2025-01-10T17:35:50","date_gmt":"2025-01-10T16:35:50","guid":{"rendered":"https:\/\/tremunpiercing.com\/?post_type=product&#038;p=13047"},"modified":"2026-04-13T10:55:40","modified_gmt":"2026-04-13T09:55:40","slug":"microflower-white-gold","status":"publish","type":"product","link":"https:\/\/tremunpiercing.com\/de\/product\/microflower-white-gold\/","title":{"rendered":"Mikroblume Wei\u00dfgold"},"content":{"rendered":"<p>Die Microflower White Gold ist ein feiner, raffinierter Artikel von Shanga Jewellery. Sie wurde f\u00fcr Profis entworfen, die elegante und raffinierte K\u00f6rperschmuck-Kollektionen m\u00f6gen und trotzdem ein sehr funktionelles und praktisches Schmuckst\u00fcck haben. Er ist aus 18 Karat Wei\u00dfgold gefertigt und hat einen gewindelosen Steckverschluss, der entweder mit 16G oder 14G gewindelosen Labret-Stiften funktioniert. Dies ist ideal f\u00fcr alle verschiedenen Piercings. Es verf\u00fcgt \u00fcber funkelnde Zirkonia-Edelsteine mit 4 mm gro\u00dfen Bl\u00fcten, die Knorpel-, Tragus- oder Lappenpiercings einen letzten Hauch von Eleganz verleihen. Piercingstudios und Einzelh\u00e4ndler werden es zu sch\u00e4tzen wissen, dass es sich um ein komplett fadenloses Design handelt, was bedeutet, dass es schnell und einfach am Kunden befestigt werden kann, w\u00e4hrend es auch f\u00fcr den Kunden sehr bequem ist.<\/p>\n<p>Die Microflower ist aus hochwertigem 18-kar\u00e4tigem Gold gefertigt, das lang anhaltenden Glanz und Biokompatibilit\u00e4t f\u00fcr Kunden garantiert, die ein luxuri\u00f6ses K\u00f6rperschmuckerlebnis w\u00fcnschen. Dieser Artikel ist Jahr f\u00fcr Jahr ein Bestseller und vereint Stil, Haltbarkeit und Sicherheit in einem Klassiker, was ihn zu einem Must-Have f\u00fcr professionelle Kollektionen macht.<\/p>","protected":false},"excerpt":{"rendered":"<ul>\n<li>Gewindeloses Oberteil - 25ga Edelstahlstift<\/li>\n<li>Material: Wei\u00dfgold 18k<\/li>\n<li>Edelstein: Kubischer Zirkoniumdioxid<\/li>\n<li>Kompatibel mit 16G und 14G gewindelosen Labretstiften<\/li>\n<li>Gr\u00f6\u00dfe: ca. 4 mm<\/li>\n<li>Marke: Shanga-Schmuck<\/li>\n<\/ul>","protected":false},"featured_media":13050,"comment_status":"closed","ping_status":"closed","template":"","meta":{"_acf_changed":false},"product_brand":[],"product_cat":[337,398],"product_tag":[187,188,189,205,206,212,190,183,213,184,207],"class_list":{"0":"post-13047","1":"product","2":"type-product","3":"status-publish","4":"has-post-thumbnail","6":"product_cat-gold-jewelry","7":"product_cat-shanga","8":"product_tag-conch","9":"product_tag-ear","10":"product_tag-helix","11":"product_tag-lobe","12":"product_tag-lobulo","13":"product_tag-medusa","14":"product_tag-oreja","15":"product_tag-perforacion","16":"product_tag-philtrum","17":"product_tag-piercing","18":"product_tag-tragus","20":"first","21":"instock","22":"taxable","23":"shipping-taxable","24":"purchasable","25":"product-type-simple"},"acf":[],"gallery_images":[29522,29523],"_links":{"self":[{"href":"https:\/\/tremunpiercing.com\/de\/wp-json\/wp\/v2\/product\/13047","targetHints":{"allow":["GET"]}}],"collection":[{"href":"https:\/\/tremunpiercing.com\/de\/wp-json\/wp\/v2\/product"}],"about":[{"href":"https:\/\/tremunpiercing.com\/de\/wp-json\/wp\/v2\/types\/product"}],"replies":[{"embeddable":true,"href":"https:\/\/tremunpiercing.com\/de\/wp-json\/wp\/v2\/comments?post=13047"}],"version-history":[{"count":1,"href":"https:\/\/tremunpiercing.com\/de\/wp-json\/wp\/v2\/product\/13047\/revisions"}],"predecessor-version":[{"id":28943,"href":"https:\/\/tremunpiercing.com\/de\/wp-json\/wp\/v2\/product\/13047\/revisions\/28943"}],"wp:featuredmedia":[{"embeddable":true,"href":"https:\/\/tremunpiercing.com\/de\/wp-json\/wp\/v2\/media\/13050"}],"wp:attachment":[{"href":"https:\/\/tremunpiercing.com\/de\/wp-json\/wp\/v2\/media?parent=13047"}],"wp:term":[{"taxonomy":"product_brand","embeddable":true,"href":"https:\/\/tremunpiercing.com\/de\/wp-json\/wp\/v2\/product_brand?post=13047"},{"taxonomy":"product_cat","embeddable":true,"href":"https:\/\/tremunpiercing.com\/de\/wp-json\/wp\/v2\/product_cat?post=13047"},{"taxonomy":"product_tag","embeddable":true,"href":"https:\/\/tremunpiercing.com\/de\/wp-json\/wp\/v2\/product_tag?post=13047"}],"curies":[{"name":"wp","href":"https:\/\/api.w.org\/{rel}","templated":true}]}}