{"id":13527,"date":"2025-02-06T17:52:12","date_gmt":"2025-02-06T16:52:12","guid":{"rendered":"https:\/\/tremunpiercing.com\/?post_type=product&#038;p=13527"},"modified":"2026-04-21T12:33:16","modified_gmt":"2026-04-21T11:33:16","slug":"cluster-pink-cz","status":"publish","type":"product","link":"https:\/\/tremunpiercing.com\/de\/product\/cluster-pink-cz\/","title":{"rendered":"Cluster Rosa CZ"},"content":{"rendered":"<p>Der Pink Cluster CZ ist eine unverzichtbare Erg\u00e4nzung f\u00fcr Studios und T\u00e4towierl\u00e4den, die auf der Suche nach witzigem, aber gut verarbeitetem Schmuck sind. Hergestellt aus Titan F-136 in Implantatqualit\u00e4t, ist dieses St\u00fcck mit Innengewinde garantiert hypoallergen, so dass es f\u00fcr einen Benutzer mit empfindlicher Haut bestimmt ist, der Schmuck tragen kann, der sicher ist. Unser 14G-Cluster besteht aus drei Zirkonia-Steinen mit einer Gr\u00f6\u00dfe von 4 mm, 3 mm und 2 mm und hat einen sanften rosa Schimmer, der bei diesem Ohr-, Lippen- oder Knorpelpiercing-Schmuck moderne Weiblichkeit hervorruft. Wir konzentrieren uns auf die Funktionalit\u00e4t, aber auch die Sch\u00f6nheit ist uns wichtig. Diese rosa CZ-Cluster ist eine gro\u00dfartige Erg\u00e4nzung zu Ihrem Gro\u00dfhandel Piercing-Schmuck Bestellungen!<\/p>\n<p>&nbsp;<\/p>","protected":false},"excerpt":{"rendered":"<ul>\n<li>Innengewinde<\/li>\n<li>Material: Implantat-G\u00fcteklasse Titan F-136<\/li>\n<li>Edelsteingr\u00f6\u00dfen: 4mm, 3mm und 2mm<\/li>\n<li>Spurweite: 14G<\/li>\n<li>Edelstein: Kubischer Zirkoniumdioxid<\/li>\n<\/ul>","protected":false},"featured_media":13822,"comment_status":"closed","ping_status":"closed","template":"","meta":{"_acf_changed":false},"product_brand":[],"product_cat":[340,343],"product_tag":[225,187,179,180,188,189,190,200,183,184,185],"class_list":{"0":"post-13527","1":"product","2":"type-product","3":"status-publish","4":"has-post-thumbnail","6":"product_cat-titanium-jewelry","7":"product_cat-tops-titanium-jewelry","8":"product_tag-cluster","9":"product_tag-conch","10":"product_tag-cristal","11":"product_tag-cz","12":"product_tag-ear","13":"product_tag-helix","14":"product_tag-oreja","15":"product_tag-ornamental","16":"product_tag-perforacion","17":"product_tag-piercing","18":"product_tag-shiny","20":"first","21":"instock","22":"taxable","23":"shipping-taxable","24":"purchasable","25":"product-type-simple"},"acf":[],"gallery_images":[27887,27888],"_links":{"self":[{"href":"https:\/\/tremunpiercing.com\/de\/wp-json\/wp\/v2\/product\/13527","targetHints":{"allow":["GET"]}}],"collection":[{"href":"https:\/\/tremunpiercing.com\/de\/wp-json\/wp\/v2\/product"}],"about":[{"href":"https:\/\/tremunpiercing.com\/de\/wp-json\/wp\/v2\/types\/product"}],"replies":[{"embeddable":true,"href":"https:\/\/tremunpiercing.com\/de\/wp-json\/wp\/v2\/comments?post=13527"}],"version-history":[{"count":1,"href":"https:\/\/tremunpiercing.com\/de\/wp-json\/wp\/v2\/product\/13527\/revisions"}],"predecessor-version":[{"id":27893,"href":"https:\/\/tremunpiercing.com\/de\/wp-json\/wp\/v2\/product\/13527\/revisions\/27893"}],"wp:featuredmedia":[{"embeddable":true,"href":"https:\/\/tremunpiercing.com\/de\/wp-json\/wp\/v2\/media\/13822"}],"wp:attachment":[{"href":"https:\/\/tremunpiercing.com\/de\/wp-json\/wp\/v2\/media?parent=13527"}],"wp:term":[{"taxonomy":"product_brand","embeddable":true,"href":"https:\/\/tremunpiercing.com\/de\/wp-json\/wp\/v2\/product_brand?post=13527"},{"taxonomy":"product_cat","embeddable":true,"href":"https:\/\/tremunpiercing.com\/de\/wp-json\/wp\/v2\/product_cat?post=13527"},{"taxonomy":"product_tag","embeddable":true,"href":"https:\/\/tremunpiercing.com\/de\/wp-json\/wp\/v2\/product_tag?post=13527"}],"curies":[{"name":"wp","href":"https:\/\/api.w.org\/{rel}","templated":true}]}}