{"id":13622,"date":"2025-02-07T18:19:08","date_gmt":"2025-02-07T17:19:08","guid":{"rendered":"https:\/\/tremunpiercing.com\/?post_type=product&#038;p=13622"},"modified":"2025-09-03T07:57:06","modified_gmt":"2025-09-03T06:57:06","slug":"threadless-insertion-pin-titanium","status":"publish","type":"product","link":"https:\/\/tremunpiercing.com\/de\/product\/threadless-insertion-pin-titanium\/","title":{"rendered":"Gewindeloser Einsteckstift Titan"},"content":{"rendered":"<p>Der gewindelose Einf\u00fchrstift aus Titan ist ein unverzichtbares professionelles Werkzeug f\u00fcr Piercer, das das Einf\u00fchren von Schmuck reibungslos und sicher gestaltet. Der gewindelose Einf\u00fchrungsstift besteht aus Titan F-136 in Implantatqualit\u00e4t und ist biokompatibel, leicht und korrosionsbest\u00e4ndig, was ihn zum bevorzugten Material f\u00fcr jedes Piercingverfahren macht, bei dem Sicherheit an erster Stelle steht. Mit einer L\u00e4nge von 30 mm und einer St\u00e4rke von 18 G (1 mm) ist dieser fadenlose Einf\u00fchrungsstift sehr handlich, um fadenlosen Schmuck durch offene, frische und\/oder verheilte Piercings zu f\u00fchren, was f\u00fcr den Kunden so wenig wie m\u00f6glich unangenehm ist. Die glatte und polierte Oberfl\u00e4che des Titans zieht nicht und erm\u00f6glicht eine glatte Flugbahn bei gleichzeitiger Minimierung von Trauma oder Unbehagen w\u00e4hrend des Wechsels oder der Einf\u00fchrung von neuem Schmuck.<\/p>\n<p>Dar\u00fcber hinaus ist Titan hypoallergen, so dass sich der Threadless Insertion Pin f\u00fcr empfindliche Kunden eignet und die Sicherheit in professionell eingerichteten und gepflegten Piercing-Studios gew\u00e4hrleistet ist. Der Threadless Insertion Pin ist au\u00dferdem leicht zu reinigen, langlebig und vertrauensw\u00fcrdig. Wenn Sie ein Studio oder ein professioneller Piercer sind, der Wert auf Pr\u00e4zision und Komfort f\u00fcr seine Kunden legt, ist der gewindelose Einf\u00fchrungsstift aus Titan die zuverl\u00e4ssige, qualitativ hochwertige Einf\u00fchrungsstiftoption.<\/p>","protected":false},"excerpt":{"rendered":"<ul>\n<li>Gewindeloser Einsteckstift<\/li>\n<li>Material: Implantat-G\u00fcteklasse Titan F-136<\/li>\n<li>Feinheit: 18G - 1mm<\/li>\n<li>L\u00e4nge: 30 mm<\/li>\n<\/ul>","protected":false},"featured_media":7187,"comment_status":"closed","ping_status":"closed","template":"","meta":{"_acf_changed":false},"product_brand":[],"product_cat":[328,374],"product_tag":[313,314,311,279,312],"class_list":{"0":"post-13622","1":"product","2":"type-product","3":"status-publish","4":"has-post-thumbnail","6":"product_cat-supplies","7":"product_cat-tools","8":"product_tag-herramientas","9":"product_tag-insercion","10":"product_tag-insertion-pin","11":"product_tag-supplies","12":"product_tag-supply","14":"first","15":"instock","16":"taxable","17":"shipping-taxable","18":"purchasable","19":"product-type-simple"},"acf":[],"gallery_images":[7185,7186],"_links":{"self":[{"href":"https:\/\/tremunpiercing.com\/de\/wp-json\/wp\/v2\/product\/13622","targetHints":{"allow":["GET"]}}],"collection":[{"href":"https:\/\/tremunpiercing.com\/de\/wp-json\/wp\/v2\/product"}],"about":[{"href":"https:\/\/tremunpiercing.com\/de\/wp-json\/wp\/v2\/types\/product"}],"replies":[{"embeddable":true,"href":"https:\/\/tremunpiercing.com\/de\/wp-json\/wp\/v2\/comments?post=13622"}],"version-history":[{"count":0,"href":"https:\/\/tremunpiercing.com\/de\/wp-json\/wp\/v2\/product\/13622\/revisions"}],"wp:featuredmedia":[{"embeddable":true,"href":"https:\/\/tremunpiercing.com\/de\/wp-json\/wp\/v2\/media\/7187"}],"wp:attachment":[{"href":"https:\/\/tremunpiercing.com\/de\/wp-json\/wp\/v2\/media?parent=13622"}],"wp:term":[{"taxonomy":"product_brand","embeddable":true,"href":"https:\/\/tremunpiercing.com\/de\/wp-json\/wp\/v2\/product_brand?post=13622"},{"taxonomy":"product_cat","embeddable":true,"href":"https:\/\/tremunpiercing.com\/de\/wp-json\/wp\/v2\/product_cat?post=13622"},{"taxonomy":"product_tag","embeddable":true,"href":"https:\/\/tremunpiercing.com\/de\/wp-json\/wp\/v2\/product_tag?post=13622"}],"curies":[{"name":"wp","href":"https:\/\/api.w.org\/{rel}","templated":true}]}}