{"id":15607,"date":"2025-04-14T16:55:18","date_gmt":"2025-04-14T15:55:18","guid":{"rendered":"https:\/\/tremunpiercing.com\/?post_type=product&#038;p=15607"},"modified":"2026-03-23T12:17:17","modified_gmt":"2026-03-23T11:17:17","slug":"septum-clicker-tina-emerald","status":"publish","type":"product","link":"https:\/\/tremunpiercing.com\/de\/product\/septum-clicker-tina-emerald\/","title":{"rendered":"Septumklicker Tina Smaragd"},"content":{"rendered":"<p>Der Tina Emerald Septum Clicker ist ein stilvoller Clicker-Ring f\u00fcr Piercing-Profis, Studios und Gro\u00dfh\u00e4ndler. Hergestellt aus Implantat-Titan F-136, ist es hypoallergen f\u00fcr die Sicherheit w\u00e4hrend der gesamten Lebensdauer des Piercings, und es wird l\u00e4nger dauern, ohne jedes Risiko von Korrosion, so dass es die ideale Option f\u00fcr Kunden mit empfindlicher Haut.Die Tina Emerald hat einen Durchmesser von 10 mm, eine 16G Gauge, eine 7 mm Klicker L\u00e4nge, und ist mit einem 4 mm Smaragd Zirkonia Edelstein untergebracht.<\/p>\n<p>Die Form \u00e4hnelt zwei halbkreisf\u00f6rmigen Zweigen, die ein Glied bilden. Es ist ein Grundnahrungsmittel f\u00fcr professionelle Kleidung, hat ein seri\u00f6ses Verschlusssystem und wird ein gutes St\u00fcck f\u00fcr den Alltag sein. Die Lebendigkeit des smaragdgr\u00fcnen Zirkoniasteins bleibt nicht unbemerkt und sorgt f\u00fcr einen sch\u00f6nen Farbakzent, der die Blicke auf sich zieht. Der Septum Clicker ist ein Favorit unter Kunden, die lautere, stilvolle Optionen bevorzugen, und er wird sie nicht entt\u00e4uschen.<\/p>","protected":false},"excerpt":{"rendered":"<ul>\n<li>Klicker-Ring<\/li>\n<li>Material: Implantat-G\u00fcteklasse Titan F-136<\/li>\n<li>Durchmesser: 10 mm<\/li>\n<li>Spurweite: 16G<\/li>\n<li>Klicker L\u00e4nge: 7mm<\/li>\n<li>Edelstein: Kubischer Zirkoniumdioxid<\/li>\n<\/ul>","protected":false},"featured_media":16177,"comment_status":"closed","ping_status":"closed","template":"","meta":{"_acf_changed":false},"product_brand":[],"product_cat":[341,340],"product_tag":[192,193,202,179,180,194,188,189,195,196,226,190,183,184,197,198],"class_list":{"0":"post-15607","1":"product","2":"type-product","3":"status-publish","4":"has-post-thumbnail","6":"product_cat-rings-titanium-jewelry","7":"product_cat-titanium-jewelry","8":"product_tag-anillo","9":"product_tag-argolla","10":"product_tag-clicker","11":"product_tag-cristal","12":"product_tag-cz","13":"product_tag-daith","14":"product_tag-ear","15":"product_tag-helix","16":"product_tag-hinged-ring","17":"product_tag-nariz","18":"product_tag-opal","19":"product_tag-oreja","20":"product_tag-perforacion","21":"product_tag-piercing","22":"product_tag-ring","23":"product_tag-septum","25":"first","26":"instock","27":"taxable","28":"shipping-taxable","29":"purchasable","30":"product-type-simple"},"acf":[],"gallery_images":[27787,27788],"_links":{"self":[{"href":"https:\/\/tremunpiercing.com\/de\/wp-json\/wp\/v2\/product\/15607","targetHints":{"allow":["GET"]}}],"collection":[{"href":"https:\/\/tremunpiercing.com\/de\/wp-json\/wp\/v2\/product"}],"about":[{"href":"https:\/\/tremunpiercing.com\/de\/wp-json\/wp\/v2\/types\/product"}],"replies":[{"embeddable":true,"href":"https:\/\/tremunpiercing.com\/de\/wp-json\/wp\/v2\/comments?post=15607"}],"version-history":[{"count":1,"href":"https:\/\/tremunpiercing.com\/de\/wp-json\/wp\/v2\/product\/15607\/revisions"}],"predecessor-version":[{"id":27789,"href":"https:\/\/tremunpiercing.com\/de\/wp-json\/wp\/v2\/product\/15607\/revisions\/27789"}],"wp:featuredmedia":[{"embeddable":true,"href":"https:\/\/tremunpiercing.com\/de\/wp-json\/wp\/v2\/media\/16177"}],"wp:attachment":[{"href":"https:\/\/tremunpiercing.com\/de\/wp-json\/wp\/v2\/media?parent=15607"}],"wp:term":[{"taxonomy":"product_brand","embeddable":true,"href":"https:\/\/tremunpiercing.com\/de\/wp-json\/wp\/v2\/product_brand?post=15607"},{"taxonomy":"product_cat","embeddable":true,"href":"https:\/\/tremunpiercing.com\/de\/wp-json\/wp\/v2\/product_cat?post=15607"},{"taxonomy":"product_tag","embeddable":true,"href":"https:\/\/tremunpiercing.com\/de\/wp-json\/wp\/v2\/product_tag?post=15607"}],"curies":[{"name":"wp","href":"https:\/\/api.w.org\/{rel}","templated":true}]}}