{"id":15637,"date":"2025-04-14T18:00:32","date_gmt":"2025-04-14T17:00:32","guid":{"rendered":"https:\/\/tremunpiercing.com\/?post_type=product&#038;p=15637"},"modified":"2026-04-15T15:30:54","modified_gmt":"2026-04-15T14:30:54","slug":"lilbit-push-pin-amethyst","status":"publish","type":"product","link":"https:\/\/tremunpiercing.com\/de\/product\/lilbit-push-pin-amethyst\/","title":{"rendered":"Lilbit Druckknopf Amethyst"},"content":{"rendered":"<p>Der Lilbit Push Pin Amethyst ist ein wundersch\u00f6nes Schmuckst\u00fcck, das jede Piercing-Kollektion mit einem herrlich satten, von Edelsteinen inspirierten Farbton aufwerten wird. Das Design ist aus medizinischem Titan F-136 gefertigt, was bedeutet, dass es sicher, hypoallergen und sehr langlebig ist. Der funkelnde Amethyst-Zirkonia-Edelstein reflektiert das Licht wundersch\u00f6n und macht es zu einem St\u00fcck, das von Kunden bevorzugt wird, die zu einem eleganten, aber hellen Stil neigen.<\/p>\n<p>Dieses St\u00fcck kann nur mit Stecknadel-Labors verwendet werden und ist in verschiedenen Durchmessern (1,5 mm-3 mm) erh\u00e4ltlich, was professionellen Studios eine wertvolle Vielseitigkeit und Zuverl\u00e4ssigkeit bietet. Dieses St\u00fcck ist eine lohnende Erg\u00e4nzung von einem vertrauensw\u00fcrdigen Hersteller und bietet Kunden einen hervorragenden Schmuck, der ihrem Wunsch nach Sicherheit und Stil entspricht.<\/p>","protected":false},"excerpt":{"rendered":"<ul>\n<li>Push-Pin-Zubeh\u00f6r<\/li>\n<li>Nur mit Druckstift-Labyrinthen kampff\u00e4hig<\/li>\n<li>Material: Implantat-G\u00fcteklasse Titan F-136<\/li>\n<li>Spurweite: 25G<\/li>\n<li>Durchmesser: 1,5mm - 2mm - 2,5mm - 3mm<\/li>\n<li>Edelstein: Kubischer Zirkoniumdioxid<\/li>\n<\/ul>","protected":false},"featured_media":15642,"comment_status":"closed","ping_status":"closed","template":"","meta":{"_acf_changed":false},"product_brand":[],"product_cat":[340,343],"product_tag":[218,295,296,187,188,189,205,206,212,190,183,213,184,297,294,207],"class_list":{"0":"post-15637","1":"product","2":"type-product","3":"status-publish","4":"has-post-thumbnail","6":"product_cat-titanium-jewelry","7":"product_cat-tops-titanium-jewelry","8":"product_tag-ball","9":"product_tag-bola","10":"product_tag-bolita","11":"product_tag-conch","12":"product_tag-ear","13":"product_tag-helix","14":"product_tag-lobe","15":"product_tag-lobulo","16":"product_tag-medusa","17":"product_tag-oreja","18":"product_tag-perforacion","19":"product_tag-philtrum","20":"product_tag-piercing","21":"product_tag-repuesto","22":"product_tag-spare","23":"product_tag-tragus","25":"first","26":"instock","27":"taxable","28":"shipping-taxable","29":"purchasable","30":"product-type-variable"},"acf":[],"gallery_images":[27772,27771],"_links":{"self":[{"href":"https:\/\/tremunpiercing.com\/de\/wp-json\/wp\/v2\/product\/15637","targetHints":{"allow":["GET"]}}],"collection":[{"href":"https:\/\/tremunpiercing.com\/de\/wp-json\/wp\/v2\/product"}],"about":[{"href":"https:\/\/tremunpiercing.com\/de\/wp-json\/wp\/v2\/types\/product"}],"replies":[{"embeddable":true,"href":"https:\/\/tremunpiercing.com\/de\/wp-json\/wp\/v2\/comments?post=15637"}],"version-history":[{"count":1,"href":"https:\/\/tremunpiercing.com\/de\/wp-json\/wp\/v2\/product\/15637\/revisions"}],"predecessor-version":[{"id":27775,"href":"https:\/\/tremunpiercing.com\/de\/wp-json\/wp\/v2\/product\/15637\/revisions\/27775"}],"wp:featuredmedia":[{"embeddable":true,"href":"https:\/\/tremunpiercing.com\/de\/wp-json\/wp\/v2\/media\/15642"}],"wp:attachment":[{"href":"https:\/\/tremunpiercing.com\/de\/wp-json\/wp\/v2\/media?parent=15637"}],"wp:term":[{"taxonomy":"product_brand","embeddable":true,"href":"https:\/\/tremunpiercing.com\/de\/wp-json\/wp\/v2\/product_brand?post=15637"},{"taxonomy":"product_cat","embeddable":true,"href":"https:\/\/tremunpiercing.com\/de\/wp-json\/wp\/v2\/product_cat?post=15637"},{"taxonomy":"product_tag","embeddable":true,"href":"https:\/\/tremunpiercing.com\/de\/wp-json\/wp\/v2\/product_tag?post=15637"}],"curies":[{"name":"wp","href":"https:\/\/api.w.org\/{rel}","templated":true}]}}