{"id":15649,"date":"2025-04-14T18:06:58","date_gmt":"2025-04-14T17:06:58","guid":{"rendered":"https:\/\/tremunpiercing.com\/?post_type=product&#038;p=15649"},"modified":"2026-04-19T16:14:27","modified_gmt":"2026-04-19T15:14:27","slug":"lilbit-push-pin-black","status":"publish","type":"product","link":"https:\/\/tremunpiercing.com\/de\/product\/lilbit-push-pin-black\/","title":{"rendered":"Lilbit Push Pin Schwarz"},"content":{"rendered":"<p>Der Lilbit Black Push Pin ist ein stilvolles, klassisches Accessoire, das speziell f\u00fcr professionelle Piercing-Studios und Piercing-H\u00e4ndler entwickelt wurde. Der Push Pin ist aus Titan F-136 in Implantatqualit\u00e4t gefertigt, das sicher, langlebig und absolut hypoallergen f\u00fcr instinktive Piercer ist! Das St\u00fcck verf\u00fcgt \u00fcber einen schwarzen Zirkoniastein, der zu Kunden passt, die einen modernen und kantigen Look w\u00fcnschen. Bestimmt f\u00fcr die Verwendung mit Push-Pin <a href=\"https:\/\/tremunpiercing.com\/product-category\/titanium-jewelry\/labret-titanium-jeawelry\/\">Labyrinthe<\/a> Es ist in verschiedenen Durchmessern (1,5 mm-3mm) f\u00fcr Ihre Piercing-Anforderungen erh\u00e4ltlich. Kaufen Sie Piercing-Schmuck online mit Vertrauen; als bekannter und angesehener Hersteller k\u00f6nnen wir Ihr Studio von l\u00e4ssig bis professionell machen!<\/p>","protected":false},"excerpt":{"rendered":"<ul>\n<li>Push-Pin-Zubeh\u00f6r<\/li>\n<li>Nur mit Druckstift-Labyrinthen kampff\u00e4hig<\/li>\n<li>Material: Implantat-G\u00fcteklasse Titan F-136<\/li>\n<li>Spurweite: 25G<\/li>\n<li>Durchmesser: 1,5mm - 2mm - 2,5mm - 3mm<\/li>\n<li>Edelstein: Kubischer Zirkoniumdioxid<\/li>\n<\/ul>","protected":false},"featured_media":15654,"comment_status":"closed","ping_status":"closed","template":"","meta":{"_acf_changed":false},"product_brand":[],"product_cat":[340,343],"product_tag":[218,295,296,187,188,189,205,206,212,190,183,213,184,297,294,207],"class_list":{"0":"post-15649","1":"product","2":"type-product","3":"status-publish","4":"has-post-thumbnail","6":"product_cat-titanium-jewelry","7":"product_cat-tops-titanium-jewelry","8":"product_tag-ball","9":"product_tag-bola","10":"product_tag-bolita","11":"product_tag-conch","12":"product_tag-ear","13":"product_tag-helix","14":"product_tag-lobe","15":"product_tag-lobulo","16":"product_tag-medusa","17":"product_tag-oreja","18":"product_tag-perforacion","19":"product_tag-philtrum","20":"product_tag-piercing","21":"product_tag-repuesto","22":"product_tag-spare","23":"product_tag-tragus","25":"first","26":"instock","27":"taxable","28":"shipping-taxable","29":"purchasable","30":"product-type-variable"},"acf":[],"gallery_images":[27770,27769],"_links":{"self":[{"href":"https:\/\/tremunpiercing.com\/de\/wp-json\/wp\/v2\/product\/15649","targetHints":{"allow":["GET"]}}],"collection":[{"href":"https:\/\/tremunpiercing.com\/de\/wp-json\/wp\/v2\/product"}],"about":[{"href":"https:\/\/tremunpiercing.com\/de\/wp-json\/wp\/v2\/types\/product"}],"replies":[{"embeddable":true,"href":"https:\/\/tremunpiercing.com\/de\/wp-json\/wp\/v2\/comments?post=15649"}],"version-history":[{"count":1,"href":"https:\/\/tremunpiercing.com\/de\/wp-json\/wp\/v2\/product\/15649\/revisions"}],"predecessor-version":[{"id":27774,"href":"https:\/\/tremunpiercing.com\/de\/wp-json\/wp\/v2\/product\/15649\/revisions\/27774"}],"wp:featuredmedia":[{"embeddable":true,"href":"https:\/\/tremunpiercing.com\/de\/wp-json\/wp\/v2\/media\/15654"}],"wp:attachment":[{"href":"https:\/\/tremunpiercing.com\/de\/wp-json\/wp\/v2\/media?parent=15649"}],"wp:term":[{"taxonomy":"product_brand","embeddable":true,"href":"https:\/\/tremunpiercing.com\/de\/wp-json\/wp\/v2\/product_brand?post=15649"},{"taxonomy":"product_cat","embeddable":true,"href":"https:\/\/tremunpiercing.com\/de\/wp-json\/wp\/v2\/product_cat?post=15649"},{"taxonomy":"product_tag","embeddable":true,"href":"https:\/\/tremunpiercing.com\/de\/wp-json\/wp\/v2\/product_tag?post=15649"}],"curies":[{"name":"wp","href":"https:\/\/api.w.org\/{rel}","templated":true}]}}