{"id":15655,"date":"2025-04-14T18:13:13","date_gmt":"2025-04-14T17:13:13","guid":{"rendered":"https:\/\/tremunpiercing.com\/?post_type=product&#038;p=15655"},"modified":"2026-04-16T15:34:03","modified_gmt":"2026-04-16T14:34:03","slug":"lilbit-push-pin-lavander","status":"publish","type":"product","link":"https:\/\/tremunpiercing.com\/de\/product\/lilbit-push-pin-lavander\/","title":{"rendered":"Lilbit Druckknopf Lavendel"},"content":{"rendered":"<p>Der Lilbit Push Pin Lavender ist ein hochwertiges Push Pin Zubeh\u00f6r, das speziell f\u00fcr professionelle Piercer und Studios hergestellt wird. Dieser hypoallergene Push Pin ist aus Titan F-136 in Implantatqualit\u00e4t hergestellt, was h\u00f6chste Sicherheit und Komfort gew\u00e4hrleistet (und wahrscheinlich die beste Option, wenn Sie einen Kunden mit empfindlicher Haut haben). Die sch\u00f6ne lavendelfarbene Farbe funkelt mit einem sch\u00f6nen lavendelfarbenen Zirkonia-Akzent. Dies macht dieses Accessoire leicht zu tragen jeden Tag und bietet eine nette kleine Upgrade zu jedem Ohr-Piercing.<\/p>\n<p>Erh\u00e4ltlich in verschiedenen Durchmessern (1,5 mm bis 3 mm), kann diese Stecknadel f\u00fcr alle verschiedenen Arten von Piercings angepasst werden, einschlie\u00dflich eines soliden, sicheren Sitzes mit Stecknadel <a href=\"https:\/\/tremunpiercing.com\/product-category\/titanium-jewelry\/labret-titanium-jeawelry\/\">Labyrinthe<\/a>. F\u00fcgen Sie diese Lavendel Edelstein zu Ihrer Sammlung und bieten Sie Ihren Kunden sicher, medizinischer Qualit\u00e4t Schmuck von einem der besten Gro\u00dfhandel Lieferanten.<\/p>","protected":false},"excerpt":{"rendered":"<ul>\n<li>Push-Pin-Zubeh\u00f6r<\/li>\n<li>Nur mit Druckstift-Labyrinthen kampff\u00e4hig<\/li>\n<li>Material: Implantat-G\u00fcteklasse Titan F-136<\/li>\n<li>Spurweite: 25G<\/li>\n<li>Durchmesser: 1,5mm - 2mm - 2,5mm - 3mm<\/li>\n<li>Edelstein: Kubischer Zirkoniumdioxid<\/li>\n<\/ul>","protected":false},"featured_media":15660,"comment_status":"closed","ping_status":"closed","template":"","meta":{"_acf_changed":false},"product_brand":[],"product_cat":[340,343],"product_tag":[218,295,296,187,188,189,205,206,212,190,183,213,184,297,294,207],"class_list":{"0":"post-15655","1":"product","2":"type-product","3":"status-publish","4":"has-post-thumbnail","6":"product_cat-titanium-jewelry","7":"product_cat-tops-titanium-jewelry","8":"product_tag-ball","9":"product_tag-bola","10":"product_tag-bolita","11":"product_tag-conch","12":"product_tag-ear","13":"product_tag-helix","14":"product_tag-lobe","15":"product_tag-lobulo","16":"product_tag-medusa","17":"product_tag-oreja","18":"product_tag-perforacion","19":"product_tag-philtrum","20":"product_tag-piercing","21":"product_tag-repuesto","22":"product_tag-spare","23":"product_tag-tragus","25":"first","26":"instock","27":"taxable","28":"shipping-taxable","29":"purchasable","30":"product-type-variable"},"acf":[],"gallery_images":[27759,27758],"_links":{"self":[{"href":"https:\/\/tremunpiercing.com\/de\/wp-json\/wp\/v2\/product\/15655","targetHints":{"allow":["GET"]}}],"collection":[{"href":"https:\/\/tremunpiercing.com\/de\/wp-json\/wp\/v2\/product"}],"about":[{"href":"https:\/\/tremunpiercing.com\/de\/wp-json\/wp\/v2\/types\/product"}],"replies":[{"embeddable":true,"href":"https:\/\/tremunpiercing.com\/de\/wp-json\/wp\/v2\/comments?post=15655"}],"version-history":[{"count":1,"href":"https:\/\/tremunpiercing.com\/de\/wp-json\/wp\/v2\/product\/15655\/revisions"}],"predecessor-version":[{"id":27764,"href":"https:\/\/tremunpiercing.com\/de\/wp-json\/wp\/v2\/product\/15655\/revisions\/27764"}],"wp:featuredmedia":[{"embeddable":true,"href":"https:\/\/tremunpiercing.com\/de\/wp-json\/wp\/v2\/media\/15660"}],"wp:attachment":[{"href":"https:\/\/tremunpiercing.com\/de\/wp-json\/wp\/v2\/media?parent=15655"}],"wp:term":[{"taxonomy":"product_brand","embeddable":true,"href":"https:\/\/tremunpiercing.com\/de\/wp-json\/wp\/v2\/product_brand?post=15655"},{"taxonomy":"product_cat","embeddable":true,"href":"https:\/\/tremunpiercing.com\/de\/wp-json\/wp\/v2\/product_cat?post=15655"},{"taxonomy":"product_tag","embeddable":true,"href":"https:\/\/tremunpiercing.com\/de\/wp-json\/wp\/v2\/product_tag?post=15655"}],"curies":[{"name":"wp","href":"https:\/\/api.w.org\/{rel}","templated":true}]}}