{"id":15673,"date":"2025-04-14T18:19:31","date_gmt":"2025-04-14T17:19:31","guid":{"rendered":"https:\/\/tremunpiercing.com\/?post_type=product&#038;p=15673"},"modified":"2026-04-18T10:25:48","modified_gmt":"2026-04-18T09:25:48","slug":"lilbit-push-pin-sapphire-blue","status":"publish","type":"product","link":"https:\/\/tremunpiercing.com\/de\/product\/lilbit-push-pin-sapphire-blue\/","title":{"rendered":"Lilbit Push Pin Saphirblau"},"content":{"rendered":"<p>Der Lilbit Push Pin Sapphire Blue ist ein kleines, aber farbenfrohes fadenloses Piercing f\u00fcr den professionellen Einsatz. Dieses fadenlose Piercing ist aus Implant Grade Titanium F-136 gefertigt und weist alle drei Attribute von gro\u00dfartigem K\u00f6rperschmuck auf: es ist leicht, weltraumtauglich und 100% hypoallergen.<\/p>\n<p>Der Lilbit Push Pin Sapphire Blue kann nur mit Push Pin Labrets der St\u00e4rke 25 getragen werden und ist mit einem Durchmesser von 1,5 mm, 2 mm, 2,5 mm oder 3 mm erh\u00e4ltlich, was eine Vielzahl von Anbringungsm\u00f6glichkeiten bietet. Das St\u00fcck hebt einen atemberaubenden, hellen und funkelnden saphirblauen Zirkonia-Edelstein hervor, der f\u00fcr ein farbenfrohes, k\u00fchnes Funkeln f\u00fcr alle Knorpel, Lappen oder <a href=\"https:\/\/tremunpiercing.com\/product-category\/titanium-jewelry\/nose-titanium-jewelry\/\">Nasenpiercings<\/a>.<\/p>\n<p>Gl\u00fccklicherweise vertrauen unsere Kunden aus Piercingstudios und T\u00e4towierern in ganz Europa auf unsere sichere Versorgung mit K\u00f6rperschmuck und die Herstellung von Piercingschmuck. Wir sind stolz darauf, ein Lieferant von medizinischem Gro\u00dfhandelspiercingschmuck in den USA, Gro\u00dfbritannien und Spanien zu sein. Wenn Sie den saphirblauen Lilbit Push Pin bestellen und ihn in Ihre Gro\u00dfhandels-K\u00f6rperschmuck-Kollektion aufnehmen, bieten Sie Ihren Kunden eine relativ sichere Modeoption, die sowohl Qualit\u00e4t als auch Professionalit\u00e4t verk\u00f6rpert.<\/p>","protected":false},"excerpt":{"rendered":"<ul>\n<li>Push-Pin-Zubeh\u00f6r<\/li>\n<li>Nur mit Druckstift-Labyrinthen kampff\u00e4hig<\/li>\n<li>Material: Implantat-G\u00fcteklasse Titan F-136<\/li>\n<li>Spurweite: 25G<\/li>\n<li>Durchmesser: 1,5mm - 2mm - 2,5mm - 3mm<\/li>\n<li>Edelstein: Kubischer Zirkoniumdioxid<\/li>\n<\/ul>","protected":false},"featured_media":15678,"comment_status":"closed","ping_status":"closed","template":"","meta":{"_acf_changed":false},"product_brand":[],"product_cat":[340,343],"product_tag":[218,295,296,187,188,189,205,206,212,190,183,213,184,297,294,207],"class_list":{"0":"post-15673","1":"product","2":"type-product","3":"status-publish","4":"has-post-thumbnail","6":"product_cat-titanium-jewelry","7":"product_cat-tops-titanium-jewelry","8":"product_tag-ball","9":"product_tag-bola","10":"product_tag-bolita","11":"product_tag-conch","12":"product_tag-ear","13":"product_tag-helix","14":"product_tag-lobe","15":"product_tag-lobulo","16":"product_tag-medusa","17":"product_tag-oreja","18":"product_tag-perforacion","19":"product_tag-philtrum","20":"product_tag-piercing","21":"product_tag-repuesto","22":"product_tag-spare","23":"product_tag-tragus","25":"first","26":"instock","27":"taxable","28":"shipping-taxable","29":"purchasable","30":"product-type-variable"},"acf":[],"gallery_images":[27736,27737],"_links":{"self":[{"href":"https:\/\/tremunpiercing.com\/de\/wp-json\/wp\/v2\/product\/15673","targetHints":{"allow":["GET"]}}],"collection":[{"href":"https:\/\/tremunpiercing.com\/de\/wp-json\/wp\/v2\/product"}],"about":[{"href":"https:\/\/tremunpiercing.com\/de\/wp-json\/wp\/v2\/types\/product"}],"replies":[{"embeddable":true,"href":"https:\/\/tremunpiercing.com\/de\/wp-json\/wp\/v2\/comments?post=15673"}],"version-history":[{"count":1,"href":"https:\/\/tremunpiercing.com\/de\/wp-json\/wp\/v2\/product\/15673\/revisions"}],"predecessor-version":[{"id":27738,"href":"https:\/\/tremunpiercing.com\/de\/wp-json\/wp\/v2\/product\/15673\/revisions\/27738"}],"wp:featuredmedia":[{"embeddable":true,"href":"https:\/\/tremunpiercing.com\/de\/wp-json\/wp\/v2\/media\/15678"}],"wp:attachment":[{"href":"https:\/\/tremunpiercing.com\/de\/wp-json\/wp\/v2\/media?parent=15673"}],"wp:term":[{"taxonomy":"product_brand","embeddable":true,"href":"https:\/\/tremunpiercing.com\/de\/wp-json\/wp\/v2\/product_brand?post=15673"},{"taxonomy":"product_cat","embeddable":true,"href":"https:\/\/tremunpiercing.com\/de\/wp-json\/wp\/v2\/product_cat?post=15673"},{"taxonomy":"product_tag","embeddable":true,"href":"https:\/\/tremunpiercing.com\/de\/wp-json\/wp\/v2\/product_tag?post=15673"}],"curies":[{"name":"wp","href":"https:\/\/api.w.org\/{rel}","templated":true}]}}