{"id":15785,"date":"2025-04-15T18:07:44","date_gmt":"2025-04-15T17:07:44","guid":{"rendered":"https:\/\/tremunpiercing.com\/?post_type=product&#038;p=15785"},"modified":"2026-04-17T17:06:28","modified_gmt":"2026-04-17T16:06:28","slug":"dermal-top-sw-crystal-amethyst","status":"publish","type":"product","link":"https:\/\/tremunpiercing.com\/de\/product\/dermal-top-sw-crystal-amethyst\/","title":{"rendered":"Dermal Top - SW Kristall Amethyst"},"content":{"rendered":"<p>Der Dermal Top - SW Crystal Amethyst ist ein ausgezeichnetes Produkt f\u00fcr Piercer, die sicheren, hochwertigen K\u00f6rperschmuck suchen. Hergestellt aus Implant Grade Titanium F-136, ist es hypoallergen, langlebig und geeignet f\u00fcr den Einsatz von Profis in K\u00f6rperpiercing. Mit seinem Innengewinde l\u00e4sst er sich problemlos an K\u00f6rperpiercings anbringen und korrekt befestigen. Das macht ihn ideal f\u00fcr Hautpiercings, die unter der Hautoberfl\u00e4che an verschiedenen K\u00f6rperstellen angebracht werden, und die Gr\u00f6\u00dfe macht ihn flexibel f\u00fcr Studios und Kunden. Der Amethyst SW-Kristall verleiht dem Piercing ein tiefviolettes, k\u00f6nigliches Finish mit einer lebendigen Farbe, mit der Ihre Kunden zufrieden sein werden.<\/p>","protected":false},"excerpt":{"rendered":"<ul>\n<li>Innengewinde<\/li>\n<li>Material: Implantat-G\u00fcteklasse Titan F-136<\/li>\n<li>Durchmesser: 2,5mm - 3mm - 4mm - 5mm<\/li>\n<li>Spurweite: 16G - 14G<\/li>\n<\/ul>","protected":false},"featured_media":15798,"comment_status":"closed","ping_status":"closed","template":"","meta":{"_acf_changed":false},"product_brand":[],"product_cat":[442,340,343],"product_tag":[187,215,216,188,189,210,211,212,190,183,213,184,207],"class_list":{"0":"post-15785","1":"product","2":"type-product","3":"status-publish","4":"has-post-thumbnail","6":"product_cat-sw","7":"product_cat-titanium-jewelry","8":"product_cat-tops-titanium-jewelry","9":"product_tag-conch","10":"product_tag-dermal-top","11":"product_tag-disc","12":"product_tag-ear","13":"product_tag-helix","14":"product_tag-labret","15":"product_tag-lip","16":"product_tag-medusa","17":"product_tag-oreja","18":"product_tag-perforacion","19":"product_tag-philtrum","20":"product_tag-piercing","21":"product_tag-tragus","23":"first","24":"instock","25":"taxable","26":"shipping-taxable","27":"purchasable","28":"product-type-variable"},"acf":[],"gallery_images":[27719,27718],"_links":{"self":[{"href":"https:\/\/tremunpiercing.com\/de\/wp-json\/wp\/v2\/product\/15785","targetHints":{"allow":["GET"]}}],"collection":[{"href":"https:\/\/tremunpiercing.com\/de\/wp-json\/wp\/v2\/product"}],"about":[{"href":"https:\/\/tremunpiercing.com\/de\/wp-json\/wp\/v2\/types\/product"}],"replies":[{"embeddable":true,"href":"https:\/\/tremunpiercing.com\/de\/wp-json\/wp\/v2\/comments?post=15785"}],"version-history":[{"count":1,"href":"https:\/\/tremunpiercing.com\/de\/wp-json\/wp\/v2\/product\/15785\/revisions"}],"predecessor-version":[{"id":27720,"href":"https:\/\/tremunpiercing.com\/de\/wp-json\/wp\/v2\/product\/15785\/revisions\/27720"}],"wp:featuredmedia":[{"embeddable":true,"href":"https:\/\/tremunpiercing.com\/de\/wp-json\/wp\/v2\/media\/15798"}],"wp:attachment":[{"href":"https:\/\/tremunpiercing.com\/de\/wp-json\/wp\/v2\/media?parent=15785"}],"wp:term":[{"taxonomy":"product_brand","embeddable":true,"href":"https:\/\/tremunpiercing.com\/de\/wp-json\/wp\/v2\/product_brand?post=15785"},{"taxonomy":"product_cat","embeddable":true,"href":"https:\/\/tremunpiercing.com\/de\/wp-json\/wp\/v2\/product_cat?post=15785"},{"taxonomy":"product_tag","embeddable":true,"href":"https:\/\/tremunpiercing.com\/de\/wp-json\/wp\/v2\/product_tag?post=15785"}],"curies":[{"name":"wp","href":"https:\/\/api.w.org\/{rel}","templated":true}]}}