{"id":15805,"date":"2025-04-15T18:20:25","date_gmt":"2025-04-15T17:20:25","guid":{"rendered":"https:\/\/tremunpiercing.com\/?post_type=product&#038;p=15805"},"modified":"2026-04-21T12:33:24","modified_gmt":"2026-04-21T11:33:24","slug":"dermal-top-sw-crystal-rose","status":"publish","type":"product","link":"https:\/\/tremunpiercing.com\/de\/product\/dermal-top-sw-crystal-rose\/","title":{"rendered":"Dermal Top - SW Crystal Rose"},"content":{"rendered":"<p>Der Dermal Top-SW Crystal Rose ist eine sichere und modische Option f\u00fcr Kunden, die dezente, aber sch\u00f6ne Farbt\u00f6ne bevorzugen. Hergestellt aus Implant Grade Titanium F-136, ist der Dermal Top sowohl hypoallergen als auch robust und konzentriert sich auf die Sicherheit und den Komfort Ihrer Kunden. Das Innengewinde erm\u00f6glicht eine reibungslose Anwendung und ist f\u00fcr den professionellen Einsatz gedacht. Der Dermal Top ist in den Durchmessern 2,5 mm, 3 mm, 4 mm und 5 mm f\u00fcr die St\u00e4rken 16 g - 14 g erh\u00e4ltlich und bietet somit die M\u00f6glichkeit f\u00fcr eine Vielzahl von dermalen Platzierungen. Der zarte Rose SW-Kristall schm\u00fcckt die Mitte des Schmuckst\u00fccks und verleiht Ihrer Kundin, die eine dezentere Form des Schmucks sucht, einen femininen Hauch von sanftem Funkeln.<\/p>","protected":false},"excerpt":{"rendered":"<ul>\n<li>Innengewinde<\/li>\n<li>Material: Implantat-G\u00fcteklasse Titan F-136<\/li>\n<li>Durchmesser: 2,5mm - 3mm - 4mm - 5mm<\/li>\n<li>Spurweite: 16G - 14G<\/li>\n<\/ul>","protected":false},"featured_media":15822,"comment_status":"closed","ping_status":"closed","template":"","meta":{"_acf_changed":false},"product_brand":[],"product_cat":[442,340,343],"product_tag":[187,215,216,188,189,210,211,212,190,183,213,184,207],"class_list":{"0":"post-15805","1":"product","2":"type-product","3":"status-publish","4":"has-post-thumbnail","6":"product_cat-sw","7":"product_cat-titanium-jewelry","8":"product_cat-tops-titanium-jewelry","9":"product_tag-conch","10":"product_tag-dermal-top","11":"product_tag-disc","12":"product_tag-ear","13":"product_tag-helix","14":"product_tag-labret","15":"product_tag-lip","16":"product_tag-medusa","17":"product_tag-oreja","18":"product_tag-perforacion","19":"product_tag-philtrum","20":"product_tag-piercing","21":"product_tag-tragus","23":"first","24":"instock","25":"taxable","26":"shipping-taxable","27":"purchasable","28":"product-type-variable"},"acf":[],"gallery_images":[27714,27715],"_links":{"self":[{"href":"https:\/\/tremunpiercing.com\/de\/wp-json\/wp\/v2\/product\/15805","targetHints":{"allow":["GET"]}}],"collection":[{"href":"https:\/\/tremunpiercing.com\/de\/wp-json\/wp\/v2\/product"}],"about":[{"href":"https:\/\/tremunpiercing.com\/de\/wp-json\/wp\/v2\/types\/product"}],"replies":[{"embeddable":true,"href":"https:\/\/tremunpiercing.com\/de\/wp-json\/wp\/v2\/comments?post=15805"}],"version-history":[{"count":1,"href":"https:\/\/tremunpiercing.com\/de\/wp-json\/wp\/v2\/product\/15805\/revisions"}],"predecessor-version":[{"id":27716,"href":"https:\/\/tremunpiercing.com\/de\/wp-json\/wp\/v2\/product\/15805\/revisions\/27716"}],"wp:featuredmedia":[{"embeddable":true,"href":"https:\/\/tremunpiercing.com\/de\/wp-json\/wp\/v2\/media\/15822"}],"wp:attachment":[{"href":"https:\/\/tremunpiercing.com\/de\/wp-json\/wp\/v2\/media?parent=15805"}],"wp:term":[{"taxonomy":"product_brand","embeddable":true,"href":"https:\/\/tremunpiercing.com\/de\/wp-json\/wp\/v2\/product_brand?post=15805"},{"taxonomy":"product_cat","embeddable":true,"href":"https:\/\/tremunpiercing.com\/de\/wp-json\/wp\/v2\/product_cat?post=15805"},{"taxonomy":"product_tag","embeddable":true,"href":"https:\/\/tremunpiercing.com\/de\/wp-json\/wp\/v2\/product_tag?post=15805"}],"curies":[{"name":"wp","href":"https:\/\/api.w.org\/{rel}","templated":true}]}}