{"id":15843,"date":"2025-04-15T19:20:47","date_gmt":"2025-04-15T18:20:47","guid":{"rendered":"https:\/\/tremunpiercing.com\/?post_type=product&#038;p=15843"},"modified":"2026-04-17T17:06:28","modified_gmt":"2026-04-17T16:06:28","slug":"dermal-top-sw-crystal-emerald","status":"publish","type":"product","link":"https:\/\/tremunpiercing.com\/de\/product\/dermal-top-sw-crystal-emerald\/","title":{"rendered":"Dermal Top - SW Crystal Emerald"},"content":{"rendered":"<p>Kombinieren Sie Eleganz und Sicherheit mit dem Dermal Top-SW Crystal Emerald. Dieser Dermal Top wurde f\u00fcr Piercer mit hohen Qualit\u00e4tsanspr\u00fcchen hergestellt und besteht aus Implant Grade Titan F-136. Er ist hypoallergen und ultraleicht f\u00fcr ein sicheres und komfortables Langzeittragen. Bei der Auswahl von K\u00f6rperschmuck achten die Arbeiter auf Sicherheit, und Schmuck mit Innengewinde l\u00e4sst sich leichter und sicherer einf\u00fchren und ist daher ideal f\u00fcr den professionellen Einsatz.<\/p>\n<p>Der Dermal Top-SW Crystal Emerald ist in einer Reihe von Durchmessern von 2,5 mm bis 5 mm und in den St\u00e4rken 16G-14G erh\u00e4ltlich, was ihn zu einem idealen St\u00fcck f\u00fcr Mehrfachplatzierungen macht. Der smaragdgr\u00fcne SW-Kristall hat ein sattes gr\u00fcnes Funkeln, was ihn zu einem sch\u00f6nen St\u00fcck f\u00fcr Kundenkollektionen macht. Best\u00fccken Sie Ihr Studio noch heute mit Emerald Dermal <a href=\"https:\/\/tremunpiercing.com\/product-category\/titanium-jewelry\/tops-titanium-jewelry\/\">Tops<\/a> von einem sicheren Anbieter von K\u00f6rperschmuck.<\/p>","protected":false},"excerpt":{"rendered":"<ul>\n<li>Innengewinde<\/li>\n<li>Material: Implantat-G\u00fcteklasse Titan F-136<\/li>\n<li>Durchmesser: 2,5mm - 3mm - 4mm - 5mm<\/li>\n<li>Spurweite: 16G - 14G<\/li>\n<\/ul>","protected":false},"featured_media":15851,"comment_status":"closed","ping_status":"closed","template":"","meta":{"_acf_changed":false},"product_brand":[],"product_cat":[442,340,343],"product_tag":[187,215,216,188,189,210,211,212,190,183,213,184,207],"class_list":{"0":"post-15843","1":"product","2":"type-product","3":"status-publish","4":"has-post-thumbnail","6":"product_cat-sw","7":"product_cat-titanium-jewelry","8":"product_cat-tops-titanium-jewelry","9":"product_tag-conch","10":"product_tag-dermal-top","11":"product_tag-disc","12":"product_tag-ear","13":"product_tag-helix","14":"product_tag-labret","15":"product_tag-lip","16":"product_tag-medusa","17":"product_tag-oreja","18":"product_tag-perforacion","19":"product_tag-philtrum","20":"product_tag-piercing","21":"product_tag-tragus","23":"first","24":"instock","25":"taxable","26":"shipping-taxable","27":"purchasable","28":"product-type-variable"},"acf":[],"gallery_images":[27708,27707],"_links":{"self":[{"href":"https:\/\/tremunpiercing.com\/de\/wp-json\/wp\/v2\/product\/15843","targetHints":{"allow":["GET"]}}],"collection":[{"href":"https:\/\/tremunpiercing.com\/de\/wp-json\/wp\/v2\/product"}],"about":[{"href":"https:\/\/tremunpiercing.com\/de\/wp-json\/wp\/v2\/types\/product"}],"replies":[{"embeddable":true,"href":"https:\/\/tremunpiercing.com\/de\/wp-json\/wp\/v2\/comments?post=15843"}],"version-history":[{"count":1,"href":"https:\/\/tremunpiercing.com\/de\/wp-json\/wp\/v2\/product\/15843\/revisions"}],"predecessor-version":[{"id":27710,"href":"https:\/\/tremunpiercing.com\/de\/wp-json\/wp\/v2\/product\/15843\/revisions\/27710"}],"wp:featuredmedia":[{"embeddable":true,"href":"https:\/\/tremunpiercing.com\/de\/wp-json\/wp\/v2\/media\/15851"}],"wp:attachment":[{"href":"https:\/\/tremunpiercing.com\/de\/wp-json\/wp\/v2\/media?parent=15843"}],"wp:term":[{"taxonomy":"product_brand","embeddable":true,"href":"https:\/\/tremunpiercing.com\/de\/wp-json\/wp\/v2\/product_brand?post=15843"},{"taxonomy":"product_cat","embeddable":true,"href":"https:\/\/tremunpiercing.com\/de\/wp-json\/wp\/v2\/product_cat?post=15843"},{"taxonomy":"product_tag","embeddable":true,"href":"https:\/\/tremunpiercing.com\/de\/wp-json\/wp\/v2\/product_tag?post=15843"}],"curies":[{"name":"wp","href":"https:\/\/api.w.org\/{rel}","templated":true}]}}