{"id":15871,"date":"2025-04-15T22:24:55","date_gmt":"2025-04-15T21:24:55","guid":{"rendered":"https:\/\/tremunpiercing.com\/?post_type=product&#038;p=15871"},"modified":"2026-04-20T18:01:42","modified_gmt":"2026-04-20T17:01:42","slug":"dermal-top-sw-crystal-jet","status":"publish","type":"product","link":"https:\/\/tremunpiercing.com\/de\/product\/dermal-top-sw-crystal-jet\/","title":{"rendered":"Dermal Top - SW Crystal Jet"},"content":{"rendered":"<p data-pm-slice=\"1 1 []\">Der Dermal Top - SW Crystal Jet ist ein elegantes, qualitativ hochwertiges Dermal Top-Zubeh\u00f6r f\u00fcr Piercer und Studios. Hergestellt aus Implant Grade Titanium F-136 Material, dieses <a href=\"https:\/\/tremunpiercing.com\/product-category\/titanium-jewelry\/tops-titanium-jewelry\/\">top<\/a> verwendet ein Innengewinde f\u00fcr die sichersten, hypoallergenen und haltbarsten Optionen, die es gibt. Erh\u00e4ltlich in den Gr\u00f6\u00dfen 2,5 mm, 3 mm, 4 mm und 5 mm, zusammen mit den St\u00e4rken 16G - 14G, bietet es Ihnen Flexibilit\u00e4t bei der Platzierung des Piercings, um eine ma\u00dfgeschneiderte Artikelauswahl zu erhalten. Ein tiefschwarzer SW Crystal Jet Edelstein verleiht ihm einen kantigen, eleganten Look, der Ihren Kunden, die modernen, auff\u00e4lligen Schmuck w\u00fcnschen, sicher gefallen wird. Wenn Sie ein Piercer sind oder ein Studio oder Tattoo-Shop, perfektionieren Sie Ihre Gro\u00dfhandel Piercing-Schmuck-Kollektion erfordert diese dermale Top, um Ihre Sammlung zu vervollst\u00e4ndigen.<\/p>","protected":false},"excerpt":{"rendered":"<ul>\n<li>Innengewinde<\/li>\n<li>Material: Implantat-G\u00fcteklasse Titan F-136<\/li>\n<li>Durchmesser: 2,5mm - 3mm - 4mm - 5mm<\/li>\n<li>Spurweite: 16G - 14G<\/li>\n<\/ul>","protected":false},"featured_media":15879,"comment_status":"closed","ping_status":"closed","template":"","meta":{"_acf_changed":false},"product_brand":[],"product_cat":[442,340,343],"product_tag":[187,215,216,188,189,210,211,212,190,183,213,184,207],"class_list":{"0":"post-15871","1":"product","2":"type-product","3":"status-publish","4":"has-post-thumbnail","6":"product_cat-sw","7":"product_cat-titanium-jewelry","8":"product_cat-tops-titanium-jewelry","9":"product_tag-conch","10":"product_tag-dermal-top","11":"product_tag-disc","12":"product_tag-ear","13":"product_tag-helix","14":"product_tag-labret","15":"product_tag-lip","16":"product_tag-medusa","17":"product_tag-oreja","18":"product_tag-perforacion","19":"product_tag-philtrum","20":"product_tag-piercing","21":"product_tag-tragus","23":"first","24":"instock","25":"taxable","26":"shipping-taxable","27":"purchasable","28":"product-type-variable"},"acf":[],"gallery_images":[27702,27703],"_links":{"self":[{"href":"https:\/\/tremunpiercing.com\/de\/wp-json\/wp\/v2\/product\/15871","targetHints":{"allow":["GET"]}}],"collection":[{"href":"https:\/\/tremunpiercing.com\/de\/wp-json\/wp\/v2\/product"}],"about":[{"href":"https:\/\/tremunpiercing.com\/de\/wp-json\/wp\/v2\/types\/product"}],"replies":[{"embeddable":true,"href":"https:\/\/tremunpiercing.com\/de\/wp-json\/wp\/v2\/comments?post=15871"}],"version-history":[{"count":1,"href":"https:\/\/tremunpiercing.com\/de\/wp-json\/wp\/v2\/product\/15871\/revisions"}],"predecessor-version":[{"id":27704,"href":"https:\/\/tremunpiercing.com\/de\/wp-json\/wp\/v2\/product\/15871\/revisions\/27704"}],"wp:featuredmedia":[{"embeddable":true,"href":"https:\/\/tremunpiercing.com\/de\/wp-json\/wp\/v2\/media\/15879"}],"wp:attachment":[{"href":"https:\/\/tremunpiercing.com\/de\/wp-json\/wp\/v2\/media?parent=15871"}],"wp:term":[{"taxonomy":"product_brand","embeddable":true,"href":"https:\/\/tremunpiercing.com\/de\/wp-json\/wp\/v2\/product_brand?post=15871"},{"taxonomy":"product_cat","embeddable":true,"href":"https:\/\/tremunpiercing.com\/de\/wp-json\/wp\/v2\/product_cat?post=15871"},{"taxonomy":"product_tag","embeddable":true,"href":"https:\/\/tremunpiercing.com\/de\/wp-json\/wp\/v2\/product_tag?post=15871"}],"curies":[{"name":"wp","href":"https:\/\/api.w.org\/{rel}","templated":true}]}}