{"id":17798,"date":"2025-06-05T17:32:26","date_gmt":"2025-06-05T16:32:26","guid":{"rendered":"https:\/\/tremunpiercing.com\/?post_type=product&#038;p=17798"},"modified":"2026-04-15T20:44:10","modified_gmt":"2026-04-15T19:44:10","slug":"sunstone-cabochon","status":"publish","type":"product","link":"https:\/\/tremunpiercing.com\/de\/product\/sunstone-cabochon\/","title":{"rendered":"Sonnenstein Cabochon"},"content":{"rendered":"<p>Entdecken Sie nat\u00fcrliche Sch\u00f6nheit in Ihrem Piercing-Inventar mit dem Sunstone Cabochon, hergestellt aus Titan F-136 in Implantatqualit\u00e4t f\u00fcr maximale Sicherheit und Haltbarkeit. Erh\u00e4ltlich in einer Gr\u00f6\u00dfe von 3 mm bis 6 mm und in den Gr\u00f6\u00dfen 16G-14G, ist dieses St\u00fcck f\u00fcr professionelle Piercer, die Qualit\u00e4t zu priorisieren gebaut. Mit einem warmen, funkelnden Sonnenstein, der ein wundersch\u00f6nes Gl\u00fchen ausstrahlt, passt dieser Edelstein sowohl zu subtilen als auch zu \u00fcbergro\u00dfen Piercings.<\/p>\n<p>Tremun Piercing garantiert, dass jedes von uns gelieferte Piercing-Schmuckst\u00fcck hypoallergen ist, ein Innengewinde hat und f\u00fcr das langfristige Tragen geeignet ist. Tremun Piercing wird an Piercingstudios, Tattoo-Shops und Schmuckh\u00e4ndler in der ganzen Welt verkauft. Die Besonderheit der Cabochon-Form eignet sich hervorragend f\u00fcr jede Gro\u00dfhandelsbestellung, und Tremun Piercing sch\u00e4tzt die Unterst\u00fctzung von Einzelh\u00e4ndlern und Verk\u00e4ufern von K\u00f6rperschmuck in ganz Europa, den USA und Gro\u00dfbritannien, die ihre Kunden mit hochwertigem Edelstein-Piercingschmuck versorgen m\u00f6chten. Achten Sie darauf, dass Sie sich sicher eindecken, <strong>Medizinischer K\u00f6rperschmuck im Gro\u00dfhandel<\/strong> und bieten Sie Ihren Kunden einen Edelstein, der sich durch den klassischen Edelsteinstil auszeichnet. <a href=\"https:\/\/tremunpiercing.com\/registration\/\">Resister als professioneller Piercer<\/a><\/p>","protected":false},"excerpt":{"rendered":"<ul>\n<li>Innengewinde<\/li>\n<li>Material: Implantat-G\u00fcteklasse Titan F-136<\/li>\n<li>Durchmesser: 3mm - 4mm - 5mm - 6mm<\/li>\n<li>Spurweite: 16G - 14G<\/li>\n<li>Edelstein: Sonnenstein<\/li>\n<\/ul>","protected":false},"featured_media":17805,"comment_status":"closed","ping_status":"closed","template":"","meta":{"_acf_changed":false},"product_brand":[],"product_cat":[340,343],"product_tag":[192,193,202,179,180,194,188,189,195,196,226,190,183,184,197,198],"class_list":{"0":"post-17798","1":"product","2":"type-product","3":"status-publish","4":"has-post-thumbnail","6":"product_cat-titanium-jewelry","7":"product_cat-tops-titanium-jewelry","8":"product_tag-anillo","9":"product_tag-argolla","10":"product_tag-clicker","11":"product_tag-cristal","12":"product_tag-cz","13":"product_tag-daith","14":"product_tag-ear","15":"product_tag-helix","16":"product_tag-hinged-ring","17":"product_tag-nariz","18":"product_tag-opal","19":"product_tag-oreja","20":"product_tag-perforacion","21":"product_tag-piercing","22":"product_tag-ring","23":"product_tag-septum","25":"first","26":"instock","27":"taxable","28":"shipping-taxable","29":"purchasable","30":"product-type-variable"},"acf":[],"gallery_images":[17804,27666,27667],"_links":{"self":[{"href":"https:\/\/tremunpiercing.com\/de\/wp-json\/wp\/v2\/product\/17798","targetHints":{"allow":["GET"]}}],"collection":[{"href":"https:\/\/tremunpiercing.com\/de\/wp-json\/wp\/v2\/product"}],"about":[{"href":"https:\/\/tremunpiercing.com\/de\/wp-json\/wp\/v2\/types\/product"}],"replies":[{"embeddable":true,"href":"https:\/\/tremunpiercing.com\/de\/wp-json\/wp\/v2\/comments?post=17798"}],"version-history":[{"count":2,"href":"https:\/\/tremunpiercing.com\/de\/wp-json\/wp\/v2\/product\/17798\/revisions"}],"predecessor-version":[{"id":27668,"href":"https:\/\/tremunpiercing.com\/de\/wp-json\/wp\/v2\/product\/17798\/revisions\/27668"}],"wp:featuredmedia":[{"embeddable":true,"href":"https:\/\/tremunpiercing.com\/de\/wp-json\/wp\/v2\/media\/17805"}],"wp:attachment":[{"href":"https:\/\/tremunpiercing.com\/de\/wp-json\/wp\/v2\/media?parent=17798"}],"wp:term":[{"taxonomy":"product_brand","embeddable":true,"href":"https:\/\/tremunpiercing.com\/de\/wp-json\/wp\/v2\/product_brand?post=17798"},{"taxonomy":"product_cat","embeddable":true,"href":"https:\/\/tremunpiercing.com\/de\/wp-json\/wp\/v2\/product_cat?post=17798"},{"taxonomy":"product_tag","embeddable":true,"href":"https:\/\/tremunpiercing.com\/de\/wp-json\/wp\/v2\/product_tag?post=17798"}],"curies":[{"name":"wp","href":"https:\/\/api.w.org\/{rel}","templated":true}]}}