{"id":17832,"date":"2025-06-05T18:59:32","date_gmt":"2025-06-05T17:59:32","guid":{"rendered":"https:\/\/tremunpiercing.com\/?post_type=product&#038;p=17832"},"modified":"2026-04-10T22:39:03","modified_gmt":"2026-04-10T21:39:03","slug":"deborah-sapphire-blue-white-cz","status":"publish","type":"product","link":"https:\/\/tremunpiercing.com\/de\/product\/deborah-sapphire-blue-white-cz\/","title":{"rendered":"Deborah - Saphirblau \/ Wei\u00df CZ"},"content":{"rendered":"<p>Die Deborah Sapphire Blue\/White CZ Internally Threaded Barbell ist ein wundersch\u00f6nes St\u00fcck aus Implantat-Titan F-136, so dass es eine gute Option f\u00fcr Sicherheit und St\u00e4rke. Mit einer St\u00e4rke von 14G ist es stark, hypoallergen und f\u00fcr das langfristige Tragen geeignet. Die Kombination aus saphirblauen und wei\u00dfen Zirkoniasteinen ergibt ein lebhaftes, auff\u00e4lliges Design, das sich f\u00fcr viele verschiedene Arten von Piercings eignet.<\/p>\n<p>Schmuckst\u00fccke mit Innengewinde werden h\u00e4ufig verwendet, da sie f\u00fcr die Tr\u00e4gerin oder den Tr\u00e4ger angenehmer und sicherer sind, weshalb sie von vielen Fachleuten bevorzugt werden. Titan macht dieses Schmuckst\u00fcck langlebig, und das Innengewinde sorgt f\u00fcr Sicherheit. Das polierte Titan sorgt f\u00fcr zus\u00e4tzlichen Komfort f\u00fcr den Kunden und ist gleichzeitig stilvoll und professionell. Dies ist ein gro\u00dfartiges St\u00fcck, das Sie in Ihrer Sammlung haben sollten.<\/p>","protected":false},"excerpt":{"rendered":"<ul>\n<li>Innengewinde<\/li>\n<li>Material: Implantat-G\u00fcteklasse Titan F-136<\/li>\n<li>Spurweite: 14G<\/li>\n<li>Edelstein: Kubischer Zirkoniumdioxid<\/li>\n<\/ul>","protected":false},"featured_media":17833,"comment_status":"closed","ping_status":"closed","template":"","meta":{"_acf_changed":false},"product_brand":[],"product_cat":[343,340],"product_tag":[225,187,179,180,188,189,190,200,183,184,185],"class_list":{"0":"post-17832","1":"product","2":"type-product","3":"status-publish","4":"has-post-thumbnail","6":"product_cat-tops-titanium-jewelry","7":"product_cat-titanium-jewelry","8":"product_tag-cluster","9":"product_tag-conch","10":"product_tag-cristal","11":"product_tag-cz","12":"product_tag-ear","13":"product_tag-helix","14":"product_tag-oreja","15":"product_tag-ornamental","16":"product_tag-perforacion","17":"product_tag-piercing","18":"product_tag-shiny","20":"first","21":"instock","22":"taxable","23":"shipping-taxable","24":"purchasable","25":"product-type-simple"},"acf":[],"gallery_images":[27605,27606],"_links":{"self":[{"href":"https:\/\/tremunpiercing.com\/de\/wp-json\/wp\/v2\/product\/17832","targetHints":{"allow":["GET"]}}],"collection":[{"href":"https:\/\/tremunpiercing.com\/de\/wp-json\/wp\/v2\/product"}],"about":[{"href":"https:\/\/tremunpiercing.com\/de\/wp-json\/wp\/v2\/types\/product"}],"replies":[{"embeddable":true,"href":"https:\/\/tremunpiercing.com\/de\/wp-json\/wp\/v2\/comments?post=17832"}],"version-history":[{"count":1,"href":"https:\/\/tremunpiercing.com\/de\/wp-json\/wp\/v2\/product\/17832\/revisions"}],"predecessor-version":[{"id":27608,"href":"https:\/\/tremunpiercing.com\/de\/wp-json\/wp\/v2\/product\/17832\/revisions\/27608"}],"wp:featuredmedia":[{"embeddable":true,"href":"https:\/\/tremunpiercing.com\/de\/wp-json\/wp\/v2\/media\/17833"}],"wp:attachment":[{"href":"https:\/\/tremunpiercing.com\/de\/wp-json\/wp\/v2\/media?parent=17832"}],"wp:term":[{"taxonomy":"product_brand","embeddable":true,"href":"https:\/\/tremunpiercing.com\/de\/wp-json\/wp\/v2\/product_brand?post=17832"},{"taxonomy":"product_cat","embeddable":true,"href":"https:\/\/tremunpiercing.com\/de\/wp-json\/wp\/v2\/product_cat?post=17832"},{"taxonomy":"product_tag","embeddable":true,"href":"https:\/\/tremunpiercing.com\/de\/wp-json\/wp\/v2\/product_tag?post=17832"}],"curies":[{"name":"wp","href":"https:\/\/api.w.org\/{rel}","templated":true}]}}