{"id":20041,"date":"2025-08-19T21:44:59","date_gmt":"2025-08-19T20:44:59","guid":{"rendered":"https:\/\/tremunpiercing.com\/?post_type=product&#038;p=20041"},"modified":"2026-04-17T18:43:29","modified_gmt":"2026-04-17T17:43:29","slug":"kila-needles-3-inches-box-100-needles-straight","status":"publish","type":"product","link":"https:\/\/tremunpiercing.com\/de\/product\/kila-needles-3-inches-box-100-needles-straight\/","title":{"rendered":"Kila Nadeln - 3 Zoll - (Box - 100 Nadeln) - gerade"},"content":{"rendered":"<h2>Professionelle Piercing Kila Nadeln<\/h2>\n<p>Die geraden Kila Nadeln (3 Zoll) wurden f\u00fcr professionelle Piercer entwickelt, die eine pr\u00e4zise und konsistente Nadelleistung suchen. Die Kila geraden Nadeln (3 Zoll) kommen in Schachteln mit 100 sterilen Nadeln. Die Nadeln sind in den St\u00e4rken 16G-14G erh\u00e4ltlich und eignen sich damit f\u00fcr die meisten Piercingverfahren. Piercingl\u00e4den und -studios sch\u00e4tzen die Kila Straight Needle wegen ihrer Sch\u00e4rfe, Langlebigkeit und Sicherheit f\u00fcr den professionellen Einsatz. Sie ist auch erh\u00e4ltlich bei <a href=\"https:\/\/tremunpiercing.com\/product\/kila-needles-1-inch-box-100-needles-straight\/\">1 Zoll<\/a> Gr\u00f6\u00dfe.<\/p>","protected":false},"excerpt":{"rendered":"<ul>\n<li>Gerade Nadeln<\/li>\n<li>Box 100 Nadeln<\/li>\n<li>Spurweite: 16G - 14G<\/li>\n<li>L\u00e4nge: 3 Zoll - 7,62 cm<\/li>\n<\/ul>","protected":false},"featured_media":10333,"comment_status":"closed","ping_status":"closed","template":"","meta":{"_acf_changed":false},"product_brand":[],"product_cat":[15],"product_tag":[306,183,184,305],"class_list":{"0":"post-20041","1":"product","2":"type-product","3":"status-publish","4":"has-post-thumbnail","6":"product_cat-needles","7":"product_tag-needle","8":"product_tag-perforacion","9":"product_tag-piercing","10":"product_tag-piercing-needle","12":"first","13":"instock","14":"taxable","15":"shipping-taxable","16":"purchasable","17":"product-type-variable"},"acf":[],"gallery_images":[10334,10337,10335,10338,10336],"_links":{"self":[{"href":"https:\/\/tremunpiercing.com\/de\/wp-json\/wp\/v2\/product\/20041","targetHints":{"allow":["GET"]}}],"collection":[{"href":"https:\/\/tremunpiercing.com\/de\/wp-json\/wp\/v2\/product"}],"about":[{"href":"https:\/\/tremunpiercing.com\/de\/wp-json\/wp\/v2\/types\/product"}],"replies":[{"embeddable":true,"href":"https:\/\/tremunpiercing.com\/de\/wp-json\/wp\/v2\/comments?post=20041"}],"version-history":[{"count":0,"href":"https:\/\/tremunpiercing.com\/de\/wp-json\/wp\/v2\/product\/20041\/revisions"}],"wp:featuredmedia":[{"embeddable":true,"href":"https:\/\/tremunpiercing.com\/de\/wp-json\/wp\/v2\/media\/10333"}],"wp:attachment":[{"href":"https:\/\/tremunpiercing.com\/de\/wp-json\/wp\/v2\/media?parent=20041"}],"wp:term":[{"taxonomy":"product_brand","embeddable":true,"href":"https:\/\/tremunpiercing.com\/de\/wp-json\/wp\/v2\/product_brand?post=20041"},{"taxonomy":"product_cat","embeddable":true,"href":"https:\/\/tremunpiercing.com\/de\/wp-json\/wp\/v2\/product_cat?post=20041"},{"taxonomy":"product_tag","embeddable":true,"href":"https:\/\/tremunpiercing.com\/de\/wp-json\/wp\/v2\/product_tag?post=20041"}],"curies":[{"name":"wp","href":"https:\/\/api.w.org\/{rel}","templated":true}]}}