{"id":20544,"date":"2025-08-29T20:22:06","date_gmt":"2025-08-29T19:22:06","guid":{"rendered":"https:\/\/tremunpiercing.com\/?post_type=product&#038;p=20544"},"modified":"2026-04-09T15:53:22","modified_gmt":"2026-04-09T14:53:22","slug":"becky-lab-emerald","status":"publish","type":"product","link":"https:\/\/tremunpiercing.com\/de\/product\/becky-lab-emerald\/","title":{"rendered":"Becky Lab Emerald"},"content":{"rendered":"<p>Der Becky Lab Emerald ist zeitlos und atemberaubend und verleiht jedem professionellen Piercingschmuck einen Hauch von Luxus. Hergestellt aus 14 Karat Gelbgold und mit einem atemberaubenden, im Labor hergestellten smaragdfarbenen Stein, der in einem tiefen Gr\u00fcnton leuchtet, gilt dieser Push-Pin-Schmuck als Goldstandard (25G) f\u00fcr Nasenloch-, Tragus- und Helix-Piercings und verbindet Raffinesse mit Funktionalit\u00e4t. Das ultra-sichere Push-Pin-System ist f\u00fcr Piercer einfach zu installieren und bietet jahrelangen Tragekomfort. Ein echtes Muss f\u00fcr Studios und Einzelh\u00e4ndler, die ihren hochwertigen Goldschmuck auf die n\u00e4chste Stufe heben wollen.<\/p>\n<p>&nbsp;<\/p>","protected":false},"excerpt":{"rendered":"<ul>\n<li>Push-Pin-Zubeh\u00f6r<\/li>\n<li>Spurweite: 25G<\/li>\n<li>Material: Gelbgold 14k<\/li>\n<li>Edelstein: Labor-Smaragd<\/li>\n<\/ul>","protected":false},"featured_media":20565,"comment_status":"closed","ping_status":"closed","template":"","meta":{"_acf_changed":false},"product_brand":[],"product_cat":[400,337,463],"product_tag":[187,188,189,205,206,190,183,184,207],"class_list":{"0":"post-20544","1":"product","2":"type-product","3":"status-publish","4":"has-post-thumbnail","6":"product_cat-tremun","7":"product_cat-gold-jewelry","8":"product_cat-tops-gold-tremun","9":"product_tag-conch","10":"product_tag-ear","11":"product_tag-helix","12":"product_tag-lobe","13":"product_tag-lobulo","14":"product_tag-oreja","15":"product_tag-perforacion","16":"product_tag-piercing","17":"product_tag-tragus","19":"first","20":"instock","21":"taxable","22":"shipping-taxable","23":"purchasable","24":"product-type-simple"},"acf":[],"gallery_images":[29320,29319],"_links":{"self":[{"href":"https:\/\/tremunpiercing.com\/de\/wp-json\/wp\/v2\/product\/20544","targetHints":{"allow":["GET"]}}],"collection":[{"href":"https:\/\/tremunpiercing.com\/de\/wp-json\/wp\/v2\/product"}],"about":[{"href":"https:\/\/tremunpiercing.com\/de\/wp-json\/wp\/v2\/types\/product"}],"replies":[{"embeddable":true,"href":"https:\/\/tremunpiercing.com\/de\/wp-json\/wp\/v2\/comments?post=20544"}],"version-history":[{"count":1,"href":"https:\/\/tremunpiercing.com\/de\/wp-json\/wp\/v2\/product\/20544\/revisions"}],"predecessor-version":[{"id":29321,"href":"https:\/\/tremunpiercing.com\/de\/wp-json\/wp\/v2\/product\/20544\/revisions\/29321"}],"wp:featuredmedia":[{"embeddable":true,"href":"https:\/\/tremunpiercing.com\/de\/wp-json\/wp\/v2\/media\/20565"}],"wp:attachment":[{"href":"https:\/\/tremunpiercing.com\/de\/wp-json\/wp\/v2\/media?parent=20544"}],"wp:term":[{"taxonomy":"product_brand","embeddable":true,"href":"https:\/\/tremunpiercing.com\/de\/wp-json\/wp\/v2\/product_brand?post=20544"},{"taxonomy":"product_cat","embeddable":true,"href":"https:\/\/tremunpiercing.com\/de\/wp-json\/wp\/v2\/product_cat?post=20544"},{"taxonomy":"product_tag","embeddable":true,"href":"https:\/\/tremunpiercing.com\/de\/wp-json\/wp\/v2\/product_tag?post=20544"}],"curies":[{"name":"wp","href":"https:\/\/api.w.org\/{rel}","templated":true}]}}