{"id":20546,"date":"2025-08-29T20:59:22","date_gmt":"2025-08-29T19:59:22","guid":{"rendered":"https:\/\/tremunpiercing.com\/?post_type=product&#038;p=20546"},"modified":"2026-04-09T15:51:59","modified_gmt":"2026-04-09T14:51:59","slug":"becky-mercury-mist-topaz","status":"publish","type":"product","link":"https:\/\/tremunpiercing.com\/de\/product\/becky-mercury-mist-topaz\/","title":{"rendered":"Becky Quecksilber Nebel Topas"},"content":{"rendered":"<p>Der Becky Mercury Mist Topaz Charm fasziniert durch seine schimmernde Farbver\u00e4nderung von sanften Pastellt\u00f6nen zu hellen Lichtreflexen. Aus massivem 14-kar\u00e4tigem Gelbgold gefertigt, ist dieses Push-Pin-Accessoire (25G) best\u00e4ndig und leicht zu tragen. Er wurde f\u00fcr das einfache Tragen in Nasenloch-, Helix- und Tragus-Piercings entworfen und ist ein St\u00fcck, das professionellen Sammlungen Glanz und Luxus verleihen kann. Pilger sind von seiner Vielseitigkeit und Zuverl\u00e4ssigkeit begeistert, Kunden lieben seinen irisierenden Schimmer, und der Becky Mercury Mist Topaz ist wahrlich der Traum eines jeden Designers, der erschwingliche Kunst und Luxus miteinander verbindet!<\/p>\n<p>&nbsp;<\/p>","protected":false},"excerpt":{"rendered":"<ul>\n<li>Push-Pin-Zubeh\u00f6r<\/li>\n<li>Spurweite: 25G<\/li>\n<li>Material: Gelbgold 14k<\/li>\n<li>Edelstein: Quecksilbernebel-Topas<\/li>\n<\/ul>","protected":false},"featured_media":20564,"comment_status":"closed","ping_status":"closed","template":"","meta":{"_acf_changed":false},"product_brand":[],"product_cat":[400,337,463],"product_tag":[187,188,189,205,206,190,183,184,207],"class_list":{"0":"post-20546","1":"product","2":"type-product","3":"status-publish","4":"has-post-thumbnail","6":"product_cat-tremun","7":"product_cat-gold-jewelry","8":"product_cat-tops-gold-tremun","9":"product_tag-conch","10":"product_tag-ear","11":"product_tag-helix","12":"product_tag-lobe","13":"product_tag-lobulo","14":"product_tag-oreja","15":"product_tag-perforacion","16":"product_tag-piercing","17":"product_tag-tragus","19":"first","20":"instock","21":"taxable","22":"shipping-taxable","23":"purchasable","24":"product-type-simple"},"acf":[],"gallery_images":[29314,29315],"_links":{"self":[{"href":"https:\/\/tremunpiercing.com\/de\/wp-json\/wp\/v2\/product\/20546","targetHints":{"allow":["GET"]}}],"collection":[{"href":"https:\/\/tremunpiercing.com\/de\/wp-json\/wp\/v2\/product"}],"about":[{"href":"https:\/\/tremunpiercing.com\/de\/wp-json\/wp\/v2\/types\/product"}],"replies":[{"embeddable":true,"href":"https:\/\/tremunpiercing.com\/de\/wp-json\/wp\/v2\/comments?post=20546"}],"version-history":[{"count":1,"href":"https:\/\/tremunpiercing.com\/de\/wp-json\/wp\/v2\/product\/20546\/revisions"}],"predecessor-version":[{"id":29317,"href":"https:\/\/tremunpiercing.com\/de\/wp-json\/wp\/v2\/product\/20546\/revisions\/29317"}],"wp:featuredmedia":[{"embeddable":true,"href":"https:\/\/tremunpiercing.com\/de\/wp-json\/wp\/v2\/media\/20564"}],"wp:attachment":[{"href":"https:\/\/tremunpiercing.com\/de\/wp-json\/wp\/v2\/media?parent=20546"}],"wp:term":[{"taxonomy":"product_brand","embeddable":true,"href":"https:\/\/tremunpiercing.com\/de\/wp-json\/wp\/v2\/product_brand?post=20546"},{"taxonomy":"product_cat","embeddable":true,"href":"https:\/\/tremunpiercing.com\/de\/wp-json\/wp\/v2\/product_cat?post=20546"},{"taxonomy":"product_tag","embeddable":true,"href":"https:\/\/tremunpiercing.com\/de\/wp-json\/wp\/v2\/product_tag?post=20546"}],"curies":[{"name":"wp","href":"https:\/\/api.w.org\/{rel}","templated":true}]}}