{"id":20783,"date":"2025-09-01T15:52:00","date_gmt":"2025-09-01T14:52:00","guid":{"rendered":"https:\/\/tremunpiercing.com\/?post_type=product&#038;p=20783"},"modified":"2026-04-09T14:56:30","modified_gmt":"2026-04-09T13:56:30","slug":"katia-moissanite-green","status":"publish","type":"product","link":"https:\/\/tremunpiercing.com\/de\/product\/katia-moissanite-green\/","title":{"rendered":"Katia Moissanit Gr\u00fcn"},"content":{"rendered":"<p>Der Katia Moissanite Green definiert den Luxus von Piercing-Schmuck neu und besticht durch seine brillanten und lebendigen Steine. Der Moissanit Edelstein ist ein lebendiges Gr\u00fcn und bietet eine Energie der Modernit\u00e4t; es ist aus massivem 14k Gelbgold gefertigt.<\/p>\n<p>Der 14G-Stift (7 mm) mit Innengewinde bietet Designer-Pr\u00e4zision, Sicherheit und Leichtigkeit beim Schmuckwechsel; er ist ideal f\u00fcr Conch-, Helix- oder Flat-Piercings. Der Katia Moissanite Green ist sehr beliebt bei Studio-Profis, da er Raffinesse und Farbe zu einer reichhaltigen Darstellung von zeitgen\u00f6ssischem K\u00f6rperschmuck beitr\u00e4gt. Der Katia Moissanite Green ist auf Langlebigkeit und Brillanz ausgelegt, was ihn zur ersten Wahl f\u00fcr Piercingstudios und Schmuckanbieter macht, die auf der Suche nach einzigartigen, wertvollen St\u00fccken mit hohem Wert sind.<\/p>","protected":false},"excerpt":{"rendered":"<ul>\n<li>Innengewinde<\/li>\n<li>Spurweite: 14G<\/li>\n<li>Durchmesser: 7 mm<\/li>\n<li>Material: Gelbgold 14k<\/li>\n<li>Edelstein: Moissanit Gr\u00fcn<\/li>\n<\/ul>","protected":false},"featured_media":20972,"comment_status":"closed","ping_status":"closed","template":"","meta":{"_acf_changed":false},"product_brand":[],"product_cat":[400,337,463],"product_tag":[187,188,189,205,206,190,183,184,207],"class_list":{"0":"post-20783","1":"product","2":"type-product","3":"status-publish","4":"has-post-thumbnail","6":"product_cat-tremun","7":"product_cat-gold-jewelry","8":"product_cat-tops-gold-tremun","9":"product_tag-conch","10":"product_tag-ear","11":"product_tag-helix","12":"product_tag-lobe","13":"product_tag-lobulo","14":"product_tag-oreja","15":"product_tag-perforacion","16":"product_tag-piercing","17":"product_tag-tragus","19":"first","20":"instock","21":"taxable","22":"shipping-taxable","23":"purchasable","24":"product-type-simple"},"acf":[],"gallery_images":[29296,29295],"_links":{"self":[{"href":"https:\/\/tremunpiercing.com\/de\/wp-json\/wp\/v2\/product\/20783","targetHints":{"allow":["GET"]}}],"collection":[{"href":"https:\/\/tremunpiercing.com\/de\/wp-json\/wp\/v2\/product"}],"about":[{"href":"https:\/\/tremunpiercing.com\/de\/wp-json\/wp\/v2\/types\/product"}],"replies":[{"embeddable":true,"href":"https:\/\/tremunpiercing.com\/de\/wp-json\/wp\/v2\/comments?post=20783"}],"version-history":[{"count":1,"href":"https:\/\/tremunpiercing.com\/de\/wp-json\/wp\/v2\/product\/20783\/revisions"}],"predecessor-version":[{"id":29299,"href":"https:\/\/tremunpiercing.com\/de\/wp-json\/wp\/v2\/product\/20783\/revisions\/29299"}],"wp:featuredmedia":[{"embeddable":true,"href":"https:\/\/tremunpiercing.com\/de\/wp-json\/wp\/v2\/media\/20972"}],"wp:attachment":[{"href":"https:\/\/tremunpiercing.com\/de\/wp-json\/wp\/v2\/media?parent=20783"}],"wp:term":[{"taxonomy":"product_brand","embeddable":true,"href":"https:\/\/tremunpiercing.com\/de\/wp-json\/wp\/v2\/product_brand?post=20783"},{"taxonomy":"product_cat","embeddable":true,"href":"https:\/\/tremunpiercing.com\/de\/wp-json\/wp\/v2\/product_cat?post=20783"},{"taxonomy":"product_tag","embeddable":true,"href":"https:\/\/tremunpiercing.com\/de\/wp-json\/wp\/v2\/product_tag?post=20783"}],"curies":[{"name":"wp","href":"https:\/\/api.w.org\/{rel}","templated":true}]}}