{"id":20831,"date":"2025-09-01T18:24:05","date_gmt":"2025-09-01T17:24:05","guid":{"rendered":"https:\/\/tremunpiercing.com\/?post_type=product&#038;p=20831"},"modified":"2026-04-20T16:10:06","modified_gmt":"2026-04-20T15:10:06","slug":"edith-tazanite","status":"publish","type":"product","link":"https:\/\/tremunpiercing.com\/de\/product\/edith-tazanite\/","title":{"rendered":"Edith Tasanit"},"content":{"rendered":"<p>Wir stellen Ihnen die Edith Tazanite vor, eine 8 mm gro\u00dfe, komfortable Fassung mit Innengewinde und einem sch\u00f6nen, tief violettblauen, im Labor hergestellten Tansanit, gefasst in wundersch\u00f6nem 14-kar\u00e4tigem Gelbgold. Dieses St\u00fcck ist f\u00fcr anspruchsvolle Liebhaber von sch\u00f6nem und sicherem Schmuck gedacht! Mit einer Spannweite von 8 mm eignet sich dieses Schmuckst\u00fcck f\u00fcr ein k\u00fchnes Statement-Piercing, wie zum Beispiel eine Helix oder kuratierte Knorpelpaarungen. Unsere Mission ist es, die Piercing-Landschaft mit ethisch hergestelltem und verantwortungsvoll beschafftem Piercing-Schmuck in medizinischer Qualit\u00e4t f\u00fcr Piercing-Profis, Tattoo-Shops und Einzelh\u00e4ndler von K\u00f6rperschmuck in Europa, Spanien und den USA zu bev\u00f6lkern.<\/p>\n<p>Gro\u00dfhandelsoptionen f\u00fcr Schmuck f\u00fcr Piercingl\u00e4den und -studios sind verf\u00fcgbar. Der Edith Tanzanite verbindet Luxus mit Funktionalit\u00e4t, Erschwinglichkeit und Eleganz - ideal f\u00fcr Studios, die stolz darauf sind, qualitativ hochwertige St\u00fccke von hohem Wert mit lang anhaltendem Kundenwert und Zufriedenheit durch Wiederk\u00e4ufe anzubieten.<\/p>","protected":false},"excerpt":{"rendered":"<ul>\n<li>Innengewinde<\/li>\n<li>Spurweite: 14G<\/li>\n<li>Durchmesser: 8 mm<\/li>\n<li>Material: Gelbgold 14k<\/li>\n<li>Edelstein: Labor-Tasanit<\/li>\n<\/ul>","protected":false},"featured_media":20838,"comment_status":"closed","ping_status":"closed","template":"","meta":{"_acf_changed":false},"product_brand":[],"product_cat":[400,337,463],"product_tag":[187,188,189,205,206,190,183,184,207],"class_list":{"0":"post-20831","1":"product","2":"type-product","3":"status-publish","4":"has-post-thumbnail","6":"product_cat-tremun","7":"product_cat-gold-jewelry","8":"product_cat-tops-gold-tremun","9":"product_tag-conch","10":"product_tag-ear","11":"product_tag-helix","12":"product_tag-lobe","13":"product_tag-lobulo","14":"product_tag-oreja","15":"product_tag-perforacion","16":"product_tag-piercing","17":"product_tag-tragus","19":"first","20":"instock","21":"taxable","22":"shipping-taxable","23":"purchasable","24":"product-type-simple"},"acf":[],"gallery_images":[29259,29260],"_links":{"self":[{"href":"https:\/\/tremunpiercing.com\/de\/wp-json\/wp\/v2\/product\/20831","targetHints":{"allow":["GET"]}}],"collection":[{"href":"https:\/\/tremunpiercing.com\/de\/wp-json\/wp\/v2\/product"}],"about":[{"href":"https:\/\/tremunpiercing.com\/de\/wp-json\/wp\/v2\/types\/product"}],"replies":[{"embeddable":true,"href":"https:\/\/tremunpiercing.com\/de\/wp-json\/wp\/v2\/comments?post=20831"}],"version-history":[{"count":1,"href":"https:\/\/tremunpiercing.com\/de\/wp-json\/wp\/v2\/product\/20831\/revisions"}],"predecessor-version":[{"id":29261,"href":"https:\/\/tremunpiercing.com\/de\/wp-json\/wp\/v2\/product\/20831\/revisions\/29261"}],"wp:featuredmedia":[{"embeddable":true,"href":"https:\/\/tremunpiercing.com\/de\/wp-json\/wp\/v2\/media\/20838"}],"wp:attachment":[{"href":"https:\/\/tremunpiercing.com\/de\/wp-json\/wp\/v2\/media?parent=20831"}],"wp:term":[{"taxonomy":"product_brand","embeddable":true,"href":"https:\/\/tremunpiercing.com\/de\/wp-json\/wp\/v2\/product_brand?post=20831"},{"taxonomy":"product_cat","embeddable":true,"href":"https:\/\/tremunpiercing.com\/de\/wp-json\/wp\/v2\/product_cat?post=20831"},{"taxonomy":"product_tag","embeddable":true,"href":"https:\/\/tremunpiercing.com\/de\/wp-json\/wp\/v2\/product_tag?post=20831"}],"curies":[{"name":"wp","href":"https:\/\/api.w.org\/{rel}","templated":true}]}}