{"id":20843,"date":"2025-09-01T18:32:58","date_gmt":"2025-09-01T17:32:58","guid":{"rendered":"https:\/\/tremunpiercing.com\/?post_type=product&#038;p=20843"},"modified":"2026-04-16T14:18:58","modified_gmt":"2026-04-16T13:18:58","slug":"ellie-sw-white","status":"publish","type":"product","link":"https:\/\/tremunpiercing.com\/de\/product\/ellie-sw-white\/","title":{"rendered":"Ellie SW Wei\u00df"},"content":{"rendered":"<p>Die ikonische Ellie SW White ist ein Muss f\u00fcr jeden Anbieter von K\u00f6rperschmuck oder Piercingstudios. Mit drei wei\u00dfen Swarovski\u00ae-Steinen im Birnenschliff wurde dieses 14G-Innengewinde aus massivem 14-kar\u00e4tigem Gelbgold so entworfen und hergestellt, dass es in jedem Piercing, ob Helix, Ohrl\u00e4ppchen oder Muschel, maximale Brillanz entfaltet. Minimales aber luxuri\u00f6ses Design, Girlboss-Energie! Bestellen Sie mit Vertrauen von einem sicheren Anbieter von K\u00f6rperschmuck, der f\u00fcr Qualit\u00e4t und Konsistenz bekannt ist.<\/p>","protected":false},"excerpt":{"rendered":"<ul>\n<li>Innengewinde<\/li>\n<li>Spurweite: 14G<\/li>\n<li>Material: Gelbgold 14k<\/li>\n<li>Edelstein: SW Wei\u00df<\/li>\n<\/ul>","protected":false},"featured_media":20844,"comment_status":"closed","ping_status":"closed","template":"","meta":{"_acf_changed":false},"product_brand":[],"product_cat":[400,337,463],"product_tag":[187,188,189,205,206,190,183,184,207],"class_list":{"0":"post-20843","1":"product","2":"type-product","3":"status-publish","4":"has-post-thumbnail","6":"product_cat-tremun","7":"product_cat-gold-jewelry","8":"product_cat-tops-gold-tremun","9":"product_tag-conch","10":"product_tag-ear","11":"product_tag-helix","12":"product_tag-lobe","13":"product_tag-lobulo","14":"product_tag-oreja","15":"product_tag-perforacion","16":"product_tag-piercing","17":"product_tag-tragus","19":"first","20":"instock","21":"taxable","22":"shipping-taxable","23":"purchasable","24":"product-type-simple"},"acf":[],"gallery_images":[29257,29256],"_links":{"self":[{"href":"https:\/\/tremunpiercing.com\/de\/wp-json\/wp\/v2\/product\/20843","targetHints":{"allow":["GET"]}}],"collection":[{"href":"https:\/\/tremunpiercing.com\/de\/wp-json\/wp\/v2\/product"}],"about":[{"href":"https:\/\/tremunpiercing.com\/de\/wp-json\/wp\/v2\/types\/product"}],"replies":[{"embeddable":true,"href":"https:\/\/tremunpiercing.com\/de\/wp-json\/wp\/v2\/comments?post=20843"}],"version-history":[{"count":1,"href":"https:\/\/tremunpiercing.com\/de\/wp-json\/wp\/v2\/product\/20843\/revisions"}],"predecessor-version":[{"id":29258,"href":"https:\/\/tremunpiercing.com\/de\/wp-json\/wp\/v2\/product\/20843\/revisions\/29258"}],"wp:featuredmedia":[{"embeddable":true,"href":"https:\/\/tremunpiercing.com\/de\/wp-json\/wp\/v2\/media\/20844"}],"wp:attachment":[{"href":"https:\/\/tremunpiercing.com\/de\/wp-json\/wp\/v2\/media?parent=20843"}],"wp:term":[{"taxonomy":"product_brand","embeddable":true,"href":"https:\/\/tremunpiercing.com\/de\/wp-json\/wp\/v2\/product_brand?post=20843"},{"taxonomy":"product_cat","embeddable":true,"href":"https:\/\/tremunpiercing.com\/de\/wp-json\/wp\/v2\/product_cat?post=20843"},{"taxonomy":"product_tag","embeddable":true,"href":"https:\/\/tremunpiercing.com\/de\/wp-json\/wp\/v2\/product_tag?post=20843"}],"curies":[{"name":"wp","href":"https:\/\/api.w.org\/{rel}","templated":true}]}}