{"id":20852,"date":"2025-09-01T18:50:20","date_gmt":"2025-09-01T17:50:20","guid":{"rendered":"https:\/\/tremunpiercing.com\/?post_type=product&#038;p=20852"},"modified":"2026-04-16T14:18:59","modified_gmt":"2026-04-16T13:18:59","slug":"ellie-tsavorite","status":"publish","type":"product","link":"https:\/\/tremunpiercing.com\/de\/product\/ellie-tsavorite\/","title":{"rendered":"Ellie Tsavorit"},"content":{"rendered":"<p>Ellie Tsavorite wurde speziell f\u00fcr professionelle Piercingstudios und Einzelh\u00e4ndler von hochwertigem K\u00f6rperschmuck entwickelt. Jeder Ellie Tsavorite enth\u00e4lt drei lupenreine gr\u00fcne Tsavorite im Birnenschliff in massivem 14k Gelbgold. Das Innengewinde sorgt f\u00fcr Ruhe und Komfort. Dieser 14g-Aufsatz bietet zus\u00e4tzlichen Luxus und ist f\u00fcr Kunden geeignet, die hautfreundlichen K\u00f6rperschmuck suchen. Der Elliet Tsavorite ist eine ausgezeichnete Wahl f\u00fcr Helix-, Muschel- oder Lappenpiercings.<\/p>\n<p>Sie k\u00f6nnen die perfekte Menge an Glanz genie\u00dfen, ohne \u00fcbertrieben zu wirken - es ist eine willkommene Erg\u00e4nzung zu jeder Art von Piercingschmuck. Unsere hochwertigen Materialien sind eine gute Wahl f\u00fcr Profis auf der Suche nach hypoallergenen K\u00f6rperschmuck, der die ultimative Qualit\u00e4t und Haltbarkeit hat. Vergewissern Sie sich, dass Sie diesen Schmuck in Ihr Sortiment aufnehmen, wenn Sie ein Anbieter von Gold-K\u00f6rperschmuck sind. Sie werden etwas Besonderes hinzuf\u00fcgen, das Ihre gesch\u00e4tzten Kunden zu sch\u00e4tzen wissen werden.<\/p>","protected":false},"excerpt":{"rendered":"<ul>\n<li>Innengewinde<\/li>\n<li>Spurweite: 14G<\/li>\n<li>Material: Gelbgold 14k<\/li>\n<li>Edelstein: Tsavorit<\/li>\n<\/ul>","protected":false},"featured_media":20853,"comment_status":"closed","ping_status":"closed","template":"","meta":{"_acf_changed":false},"product_brand":[],"product_cat":[400,337,463],"product_tag":[187,188,189,205,206,190,183,184,207],"class_list":{"0":"post-20852","1":"product","2":"type-product","3":"status-publish","4":"has-post-thumbnail","6":"product_cat-tremun","7":"product_cat-gold-jewelry","8":"product_cat-tops-gold-tremun","9":"product_tag-conch","10":"product_tag-ear","11":"product_tag-helix","12":"product_tag-lobe","13":"product_tag-lobulo","14":"product_tag-oreja","15":"product_tag-perforacion","16":"product_tag-piercing","17":"product_tag-tragus","19":"first","20":"instock","21":"taxable","22":"shipping-taxable","23":"purchasable","24":"product-type-simple"},"acf":[],"gallery_images":[29244,29245],"_links":{"self":[{"href":"https:\/\/tremunpiercing.com\/de\/wp-json\/wp\/v2\/product\/20852","targetHints":{"allow":["GET"]}}],"collection":[{"href":"https:\/\/tremunpiercing.com\/de\/wp-json\/wp\/v2\/product"}],"about":[{"href":"https:\/\/tremunpiercing.com\/de\/wp-json\/wp\/v2\/types\/product"}],"replies":[{"embeddable":true,"href":"https:\/\/tremunpiercing.com\/de\/wp-json\/wp\/v2\/comments?post=20852"}],"version-history":[{"count":1,"href":"https:\/\/tremunpiercing.com\/de\/wp-json\/wp\/v2\/product\/20852\/revisions"}],"predecessor-version":[{"id":29250,"href":"https:\/\/tremunpiercing.com\/de\/wp-json\/wp\/v2\/product\/20852\/revisions\/29250"}],"wp:featuredmedia":[{"embeddable":true,"href":"https:\/\/tremunpiercing.com\/de\/wp-json\/wp\/v2\/media\/20853"}],"wp:attachment":[{"href":"https:\/\/tremunpiercing.com\/de\/wp-json\/wp\/v2\/media?parent=20852"}],"wp:term":[{"taxonomy":"product_brand","embeddable":true,"href":"https:\/\/tremunpiercing.com\/de\/wp-json\/wp\/v2\/product_brand?post=20852"},{"taxonomy":"product_cat","embeddable":true,"href":"https:\/\/tremunpiercing.com\/de\/wp-json\/wp\/v2\/product_cat?post=20852"},{"taxonomy":"product_tag","embeddable":true,"href":"https:\/\/tremunpiercing.com\/de\/wp-json\/wp\/v2\/product_tag?post=20852"}],"curies":[{"name":"wp","href":"https:\/\/api.w.org\/{rel}","templated":true}]}}