{"id":20855,"date":"2025-09-01T19:02:19","date_gmt":"2025-09-01T18:02:19","guid":{"rendered":"https:\/\/tremunpiercing.com\/?post_type=product&#038;p=20855"},"modified":"2026-04-16T14:19:01","modified_gmt":"2026-04-16T13:19:01","slug":"molly-amethyst-tazanite","status":"publish","type":"product","link":"https:\/\/tremunpiercing.com\/de\/product\/molly-amethyst-tazanite\/","title":{"rendered":"Molly Amethyst + Tazanit"},"content":{"rendered":"<p>Der majest\u00e4tische und leuchtende Molly Amethyst + Mondstein besteht aus einer herrlichen Kombination aus violetten und schillernden Untert\u00f6nen. Mit einem eleganten Bogen von Pr\u00e4zisions-Edelsteinen geschliffen, wird dieses 14G St\u00fcck mit Innengewinde jedem Piercing-Profi, der das Gl\u00fcck hat, einen Kunden mit anspruchsvollen \u00e4sthetischen Anforderungen zu haben, die M\u00f6glichkeit geben, mit der Pracht dieses St\u00fccks zu prahlen. Molly Amethyst + Mondstein ist aus massivem 14-kar\u00e4tigem Gelbgold gefertigt und damit das perfekte Schmuckst\u00fcck f\u00fcr jeden Piercer, der stilbewusste Kunden sch\u00e4tzt. Bestellen Sie einige dieser K\u00f6rper, um Ihr Publikum zu faszinieren. Perfekt als Gro\u00dfbestellung von gepiercten Paaren oder gesammelt und kuratiert mit Ihrem exklusiven Studioangebot.<\/p>","protected":false},"excerpt":{"rendered":"<ul>\n<li>Innengewinde<\/li>\n<li>Spurweite: 14G<\/li>\n<li>Material: Gelbgold 14k<\/li>\n<li>Edelstein: Amethyst + Tazanit<\/li>\n<\/ul>","protected":false},"featured_media":20857,"comment_status":"closed","ping_status":"closed","template":"","meta":{"_acf_changed":false},"product_brand":[],"product_cat":[400,337,463],"product_tag":[187,188,189,205,206,190,183,184,207],"class_list":{"0":"post-20855","1":"product","2":"type-product","3":"status-publish","4":"has-post-thumbnail","6":"product_cat-tremun","7":"product_cat-gold-jewelry","8":"product_cat-tops-gold-tremun","9":"product_tag-conch","10":"product_tag-ear","11":"product_tag-helix","12":"product_tag-lobe","13":"product_tag-lobulo","14":"product_tag-oreja","15":"product_tag-perforacion","16":"product_tag-piercing","17":"product_tag-tragus","19":"first","20":"instock","21":"taxable","22":"shipping-taxable","23":"purchasable","24":"product-type-simple"},"acf":[],"gallery_images":[29242,29243],"_links":{"self":[{"href":"https:\/\/tremunpiercing.com\/de\/wp-json\/wp\/v2\/product\/20855","targetHints":{"allow":["GET"]}}],"collection":[{"href":"https:\/\/tremunpiercing.com\/de\/wp-json\/wp\/v2\/product"}],"about":[{"href":"https:\/\/tremunpiercing.com\/de\/wp-json\/wp\/v2\/types\/product"}],"replies":[{"embeddable":true,"href":"https:\/\/tremunpiercing.com\/de\/wp-json\/wp\/v2\/comments?post=20855"}],"version-history":[{"count":1,"href":"https:\/\/tremunpiercing.com\/de\/wp-json\/wp\/v2\/product\/20855\/revisions"}],"predecessor-version":[{"id":29249,"href":"https:\/\/tremunpiercing.com\/de\/wp-json\/wp\/v2\/product\/20855\/revisions\/29249"}],"wp:featuredmedia":[{"embeddable":true,"href":"https:\/\/tremunpiercing.com\/de\/wp-json\/wp\/v2\/media\/20857"}],"wp:attachment":[{"href":"https:\/\/tremunpiercing.com\/de\/wp-json\/wp\/v2\/media?parent=20855"}],"wp:term":[{"taxonomy":"product_brand","embeddable":true,"href":"https:\/\/tremunpiercing.com\/de\/wp-json\/wp\/v2\/product_brand?post=20855"},{"taxonomy":"product_cat","embeddable":true,"href":"https:\/\/tremunpiercing.com\/de\/wp-json\/wp\/v2\/product_cat?post=20855"},{"taxonomy":"product_tag","embeddable":true,"href":"https:\/\/tremunpiercing.com\/de\/wp-json\/wp\/v2\/product_tag?post=20855"}],"curies":[{"name":"wp","href":"https:\/\/api.w.org\/{rel}","templated":true}]}}