{"id":21097,"date":"2025-09-05T16:57:21","date_gmt":"2025-09-05T15:57:21","guid":{"rendered":"https:\/\/tremunpiercing.com\/?post_type=product&#038;p=21097"},"modified":"2026-04-20T16:10:06","modified_gmt":"2026-04-20T15:10:06","slug":"kirsty","status":"publish","type":"product","link":"https:\/\/tremunpiercing.com\/de\/product\/kirsty\/","title":{"rendered":"Kirsty"},"content":{"rendered":"<p>Kirsty strahlt subtile Raffinesse aus, mit einem himmlischen Regenbogenmondstein in der Mitte. Die 14-kar\u00e4tige Gelbgold-Dr\u00fcckerr\u00fcckseite dieses Accessoires wurde f\u00fcr Menschen entworfen, die Schlichtheit in Sch\u00f6nheit und Luxus zu sch\u00e4tzen wissen. Sie k\u00f6nnen sicher sein, dass alle Ihre Kunden das 25G-Stiftsystem zu sch\u00e4tzen wissen werden, das eine einfache Installation erm\u00f6glicht - ideal f\u00fcr Piercing-Profis, die sowohl Eleganz als auch Funktionalit\u00e4t in ihren St\u00fccken w\u00fcnschen.<\/p>\n<p>Sein nat\u00fcrlicher Mondstein-Schimmer macht ihn zur perfekten Wahl f\u00fcr jedes Lappen-, Flach- oder Helix-Piercing. Kirsty ist leicht und doch substanziell; der spirituelle Zauber des Mondsteins erg\u00e4nzt seine moderne Sensibilit\u00e4t und macht ihn zu einem begehrten Objekt in erstklassigen Piercingstudios und Schmucksammlungen auf der ganzen Welt.<\/p>","protected":false},"excerpt":{"rendered":"<ul>\n<li>Push-Pin-Zubeh\u00f6r<\/li>\n<li>Spurweite: 25G<\/li>\n<li>Material: Gelbgold 14k<\/li>\n<li>Edelstein: Regenbogen-Mondstein<\/li>\n<\/ul>","protected":false},"featured_media":21098,"comment_status":"closed","ping_status":"closed","template":"","meta":{"_acf_changed":false},"product_brand":[],"product_cat":[400,337,463],"product_tag":[187,188,189,205,206,190,183,184,207],"class_list":{"0":"post-21097","1":"product","2":"type-product","3":"status-publish","4":"has-post-thumbnail","6":"product_cat-tremun","7":"product_cat-gold-jewelry","8":"product_cat-tops-gold-tremun","9":"product_tag-conch","10":"product_tag-ear","11":"product_tag-helix","12":"product_tag-lobe","13":"product_tag-lobulo","14":"product_tag-oreja","15":"product_tag-perforacion","16":"product_tag-piercing","17":"product_tag-tragus","19":"first","20":"instock","21":"taxable","22":"shipping-taxable","23":"purchasable","24":"product-type-simple"},"acf":[],"gallery_images":[29234,29235],"_links":{"self":[{"href":"https:\/\/tremunpiercing.com\/de\/wp-json\/wp\/v2\/product\/21097","targetHints":{"allow":["GET"]}}],"collection":[{"href":"https:\/\/tremunpiercing.com\/de\/wp-json\/wp\/v2\/product"}],"about":[{"href":"https:\/\/tremunpiercing.com\/de\/wp-json\/wp\/v2\/types\/product"}],"replies":[{"embeddable":true,"href":"https:\/\/tremunpiercing.com\/de\/wp-json\/wp\/v2\/comments?post=21097"}],"version-history":[{"count":1,"href":"https:\/\/tremunpiercing.com\/de\/wp-json\/wp\/v2\/product\/21097\/revisions"}],"predecessor-version":[{"id":29238,"href":"https:\/\/tremunpiercing.com\/de\/wp-json\/wp\/v2\/product\/21097\/revisions\/29238"}],"wp:featuredmedia":[{"embeddable":true,"href":"https:\/\/tremunpiercing.com\/de\/wp-json\/wp\/v2\/media\/21098"}],"wp:attachment":[{"href":"https:\/\/tremunpiercing.com\/de\/wp-json\/wp\/v2\/media?parent=21097"}],"wp:term":[{"taxonomy":"product_brand","embeddable":true,"href":"https:\/\/tremunpiercing.com\/de\/wp-json\/wp\/v2\/product_brand?post=21097"},{"taxonomy":"product_cat","embeddable":true,"href":"https:\/\/tremunpiercing.com\/de\/wp-json\/wp\/v2\/product_cat?post=21097"},{"taxonomy":"product_tag","embeddable":true,"href":"https:\/\/tremunpiercing.com\/de\/wp-json\/wp\/v2\/product_tag?post=21097"}],"curies":[{"name":"wp","href":"https:\/\/api.w.org\/{rel}","templated":true}]}}