{"id":21286,"date":"2025-09-08T15:37:04","date_gmt":"2025-09-08T14:37:04","guid":{"rendered":"https:\/\/tremunpiercing.com\/?post_type=product&#038;p=21286"},"modified":"2026-04-09T10:36:23","modified_gmt":"2026-04-09T09:36:23","slug":"margot-swiss-blue-topaz","status":"publish","type":"product","link":"https:\/\/tremunpiercing.com\/de\/product\/margot-swiss-blue-topaz\/","title":{"rendered":"Margot - Schweizer Blautopas"},"content":{"rendered":"<h2 data-start=\"5461\" data-end=\"5516\">Margot Schweizer Blautopas (Push Pin Accessory)<\/h2>\n<p>Das Margot Swiss Blue Topaz Push Pin Accessoire bereichert die Sch\u00f6nheit Ihrer professionellen Piercing-Kollektion. Das Schmuckst\u00fcck besteht aus 14-kar\u00e4tigem Gelbgold und pr\u00e4sentiert die dramatische Klarheit des Schweizer Blautopas, w\u00e4hrend wei\u00dfe Swarovski neben dem Stein f\u00fcr ein raffiniertes Funkeln sorgen. Die klassische blaue Farbe ist eine zeitlose Wahl, modern, und kann leicht gemischt und abgestimmt werden in einem entworfenen, kuratierten Ohr.<\/p>\n<p>Das Zubeh\u00f6r ist 25G, passt gut, und dient als Push-Pin, so dass ein sicheres St\u00fcck f\u00fcr Piercer mit der Leichtigkeit der Lage zu installieren. Dies ist gro\u00dfartig f\u00fcr Ihr Studio oder Schmucklieferant, um einen Lebenszyklus von Luxus mit einem bequemen Tragekomfort K\u00f6rperschmuck Design f\u00fcr Kunden, die feine Edelsteine lieben bieten. Der Margot Swiss Blue Topaz ist ein atemberaubendes St\u00fcck Handwerkskunst und kr\u00e4ftige Farbe; dieses Accessoire wird in der Aufstellung eines jeden Piercing-Erlebnisses bemerkt.<\/p>","protected":false},"excerpt":{"rendered":"<ul>\n<li>Push-Pin-Zubeh\u00f6r<\/li>\n<li>Spurweite: 25G<\/li>\n<li>Material: Gelbgold 14k<\/li>\n<li>Edelstein: Schweizer Blautopas + SW Wei\u00df<\/li>\n<\/ul>","protected":false},"featured_media":21287,"comment_status":"closed","ping_status":"closed","template":"","meta":{"_acf_changed":false},"product_brand":[],"product_cat":[400,337,463],"product_tag":[187,188,189,205,206,190,183,184,207],"class_list":{"0":"post-21286","1":"product","2":"type-product","3":"status-publish","4":"has-post-thumbnail","6":"product_cat-tremun","7":"product_cat-gold-jewelry","8":"product_cat-tops-gold-tremun","9":"product_tag-conch","10":"product_tag-ear","11":"product_tag-helix","12":"product_tag-lobe","13":"product_tag-lobulo","14":"product_tag-oreja","15":"product_tag-perforacion","16":"product_tag-piercing","17":"product_tag-tragus","19":"first","20":"instock","21":"taxable","22":"shipping-taxable","23":"purchasable","24":"product-type-simple"},"acf":[],"gallery_images":[29213,29214],"_links":{"self":[{"href":"https:\/\/tremunpiercing.com\/de\/wp-json\/wp\/v2\/product\/21286","targetHints":{"allow":["GET"]}}],"collection":[{"href":"https:\/\/tremunpiercing.com\/de\/wp-json\/wp\/v2\/product"}],"about":[{"href":"https:\/\/tremunpiercing.com\/de\/wp-json\/wp\/v2\/types\/product"}],"replies":[{"embeddable":true,"href":"https:\/\/tremunpiercing.com\/de\/wp-json\/wp\/v2\/comments?post=21286"}],"version-history":[{"count":1,"href":"https:\/\/tremunpiercing.com\/de\/wp-json\/wp\/v2\/product\/21286\/revisions"}],"predecessor-version":[{"id":29215,"href":"https:\/\/tremunpiercing.com\/de\/wp-json\/wp\/v2\/product\/21286\/revisions\/29215"}],"wp:featuredmedia":[{"embeddable":true,"href":"https:\/\/tremunpiercing.com\/de\/wp-json\/wp\/v2\/media\/21287"}],"wp:attachment":[{"href":"https:\/\/tremunpiercing.com\/de\/wp-json\/wp\/v2\/media?parent=21286"}],"wp:term":[{"taxonomy":"product_brand","embeddable":true,"href":"https:\/\/tremunpiercing.com\/de\/wp-json\/wp\/v2\/product_brand?post=21286"},{"taxonomy":"product_cat","embeddable":true,"href":"https:\/\/tremunpiercing.com\/de\/wp-json\/wp\/v2\/product_cat?post=21286"},{"taxonomy":"product_tag","embeddable":true,"href":"https:\/\/tremunpiercing.com\/de\/wp-json\/wp\/v2\/product_tag?post=21286"}],"curies":[{"name":"wp","href":"https:\/\/api.w.org\/{rel}","templated":true}]}}