{"id":21292,"date":"2025-09-08T15:56:07","date_gmt":"2025-09-08T14:56:07","guid":{"rendered":"https:\/\/tremunpiercing.com\/?post_type=product&#038;p=21292"},"modified":"2026-04-09T10:36:05","modified_gmt":"2026-04-09T09:36:05","slug":"margot-tsavorite","status":"publish","type":"product","link":"https:\/\/tremunpiercing.com\/de\/product\/margot-tsavorite\/","title":{"rendered":"Margot - Tsavorit"},"content":{"rendered":"<h2>Margot Tsavorit (Push-Pin-Zubeh\u00f6r)<\/h2>\n<p>Der Margot Tsavorit Push Pin Accessoire verbindet den Luxus von 14 Karat Gelbgold mit der lebendigen Brillanz des gr\u00fcnen Tsavorits. Mit seiner lebendigen F\u00e4rbung in Edelsteinqualit\u00e4t wertet der Tsavorit jeden kuratierten Ohrschmuck auf. Zusammen mit den wei\u00dfen Swarovski-Steinen bietet die Margot Push Pin eine fantastische Kombination aus K\u00fchnheit und einem Hauch von Glanz. Die zarte St\u00e4rke von 25G bietet einen angenehmen Tragekomfort und sicheren Halt und ist somit eine ausgezeichnete Wahl f\u00fcr neue und bereits verheilte Piercings. Unser Push-Pin-System macht es einfach zu tragen, garantiert einen professionellen Halt und erf\u00fcllt die Anforderungen eines Piercingstudios oder Juweliers, der Wert auf Luxus und Benutzerfreundlichkeit legt. Das Margot Push Pin Accessoire ist zu einem Publikumsliebling f\u00fcr Kunden geworden, die ein auff\u00e4lliges Schmuckst\u00fcck jenseits eines Smaragds suchen und dennoch das verf\u00fchrerische Gef\u00fchl von High-End-Schmuck genie\u00dfen. Mit ihrer verf\u00fchrerischen Schlichtheit, den komplement\u00e4ren Farben und der fachm\u00e4nnischen Verarbeitung ist die Margot eine ausgezeichnete Wahl f\u00fcr jedes professionelle Gesch\u00e4ft.<\/p>","protected":false},"excerpt":{"rendered":"<ul>\n<li>Push-Pin-Zubeh\u00f6r<\/li>\n<li>Spurweite: 25G<\/li>\n<li>Material: Gelbgold 14k<\/li>\n<li>Edelstein: Tsavorit + SW Wei\u00df<\/li>\n<\/ul>","protected":false},"featured_media":21293,"comment_status":"closed","ping_status":"closed","template":"","meta":{"_acf_changed":false},"product_brand":[],"product_cat":[400,337,463],"product_tag":[187,188,189,205,206,190,183,184,207],"class_list":{"0":"post-21292","1":"product","2":"type-product","3":"status-publish","4":"has-post-thumbnail","6":"product_cat-tremun","7":"product_cat-gold-jewelry","8":"product_cat-tops-gold-tremun","9":"product_tag-conch","10":"product_tag-ear","11":"product_tag-helix","12":"product_tag-lobe","13":"product_tag-lobulo","14":"product_tag-oreja","15":"product_tag-perforacion","16":"product_tag-piercing","17":"product_tag-tragus","19":"first","20":"instock","21":"taxable","22":"shipping-taxable","23":"purchasable","24":"product-type-simple"},"acf":[],"gallery_images":[29210,29211],"_links":{"self":[{"href":"https:\/\/tremunpiercing.com\/de\/wp-json\/wp\/v2\/product\/21292","targetHints":{"allow":["GET"]}}],"collection":[{"href":"https:\/\/tremunpiercing.com\/de\/wp-json\/wp\/v2\/product"}],"about":[{"href":"https:\/\/tremunpiercing.com\/de\/wp-json\/wp\/v2\/types\/product"}],"replies":[{"embeddable":true,"href":"https:\/\/tremunpiercing.com\/de\/wp-json\/wp\/v2\/comments?post=21292"}],"version-history":[{"count":1,"href":"https:\/\/tremunpiercing.com\/de\/wp-json\/wp\/v2\/product\/21292\/revisions"}],"predecessor-version":[{"id":29212,"href":"https:\/\/tremunpiercing.com\/de\/wp-json\/wp\/v2\/product\/21292\/revisions\/29212"}],"wp:featuredmedia":[{"embeddable":true,"href":"https:\/\/tremunpiercing.com\/de\/wp-json\/wp\/v2\/media\/21293"}],"wp:attachment":[{"href":"https:\/\/tremunpiercing.com\/de\/wp-json\/wp\/v2\/media?parent=21292"}],"wp:term":[{"taxonomy":"product_brand","embeddable":true,"href":"https:\/\/tremunpiercing.com\/de\/wp-json\/wp\/v2\/product_brand?post=21292"},{"taxonomy":"product_cat","embeddable":true,"href":"https:\/\/tremunpiercing.com\/de\/wp-json\/wp\/v2\/product_cat?post=21292"},{"taxonomy":"product_tag","embeddable":true,"href":"https:\/\/tremunpiercing.com\/de\/wp-json\/wp\/v2\/product_tag?post=21292"}],"curies":[{"name":"wp","href":"https:\/\/api.w.org\/{rel}","templated":true}]}}