{"id":21295,"date":"2025-09-08T16:02:55","date_gmt":"2025-09-08T15:02:55","guid":{"rendered":"https:\/\/tremunpiercing.com\/?post_type=product&#038;p=21295"},"modified":"2026-04-09T10:18:15","modified_gmt":"2026-04-09T09:18:15","slug":"margot-moss-agate","status":"publish","type":"product","link":"https:\/\/tremunpiercing.com\/de\/product\/margot-moss-agate\/","title":{"rendered":"Margot - Moosachat"},"content":{"rendered":"<h2>Margot Moosachat (Push Pin Accessory)<\/h2>\n<p>Das Margot Moss Achat Push Pin Accessoire ist ein raffiniertes K\u00f6rperschmuckst\u00fcck, das aus 14-kar\u00e4tigem Gelbgold gefertigt wurde, um die Kunstfertigkeit des zeitgen\u00f6ssischen Piercingprozesses zu unterstreichen. Die Handwerkskunst hebt die organische Form des Moosachats hervor und bringt gleichzeitig die organische Sch\u00f6nheit des Edelsteins zur Geltung: nat\u00fcrliche gr\u00fcne Einschl\u00fcsse, die dem Stein Charakter verleihen. Die wei\u00dfen Swarovski-Akzente sorgen f\u00fcr das perfekte Ma\u00df an Glanz und bleiben dennoch weich und tragbar. Mit seiner Pr\u00e4zisionsst\u00e4rke von 25G ist das Accessoire bequem und f\u00fcr den professionellen Einsatz in den verschiedenen Piercingpositionen des Ohrs geeignet.<\/p>\n<p>Dank Merkmalen wie dem nat\u00fcrlichen Push-Pin-Verschluss bietet das St\u00fcck eine ideale Kombination aus Sicherheit und der Gewissheit, dass es jeden Tag getragen werden kann, da es den Strapazen eines Accessoires standh\u00e4lt. Es ist ein ideales Angebot an Piercing-Studio oder Schmuck Einzelhandel Erfahrung. Der Achat Margot Moss ist ein perfektes Spiegelbild luxuri\u00f6ser Kunstfertigkeit, die auf organischen Charme trifft. Dieses Angebot wird Ihre Kunden mit Sicherheit begeistern und ihre erste Wahl werden, wenn es darum geht, ein Gef\u00fchl von erdiger Raffinesse zu vermitteln. Das Accessoire passt in jedes kurative Ohrprojekt und bietet die Unikate, die das Margot Moss Achat Push-Pin-Accessoire zu einer unverzichtbaren Erg\u00e4nzung f\u00fcr jede professionelle oder Inszenierung Sammlung machen.<\/p>","protected":false},"excerpt":{"rendered":"<ul>\n<li>Push-Pin-Zubeh\u00f6r<\/li>\n<li>Spurweite: 25G<\/li>\n<li>Material: Gelbgold 14k<\/li>\n<li>Edelstein: Moosachat + SW Wei\u00df<\/li>\n<\/ul>","protected":false},"featured_media":21296,"comment_status":"closed","ping_status":"closed","template":"","meta":{"_acf_changed":false},"product_brand":[],"product_cat":[400,337,463],"product_tag":[187,188,189,205,206,190,183,184,207],"class_list":{"0":"post-21295","1":"product","2":"type-product","3":"status-publish","4":"has-post-thumbnail","6":"product_cat-tremun","7":"product_cat-gold-jewelry","8":"product_cat-tops-gold-tremun","9":"product_tag-conch","10":"product_tag-ear","11":"product_tag-helix","12":"product_tag-lobe","13":"product_tag-lobulo","14":"product_tag-oreja","15":"product_tag-perforacion","16":"product_tag-piercing","17":"product_tag-tragus","19":"first","20":"instock","21":"taxable","22":"shipping-taxable","23":"purchasable","24":"product-type-simple"},"acf":[],"gallery_images":[29207,29208],"_links":{"self":[{"href":"https:\/\/tremunpiercing.com\/de\/wp-json\/wp\/v2\/product\/21295","targetHints":{"allow":["GET"]}}],"collection":[{"href":"https:\/\/tremunpiercing.com\/de\/wp-json\/wp\/v2\/product"}],"about":[{"href":"https:\/\/tremunpiercing.com\/de\/wp-json\/wp\/v2\/types\/product"}],"replies":[{"embeddable":true,"href":"https:\/\/tremunpiercing.com\/de\/wp-json\/wp\/v2\/comments?post=21295"}],"version-history":[{"count":1,"href":"https:\/\/tremunpiercing.com\/de\/wp-json\/wp\/v2\/product\/21295\/revisions"}],"predecessor-version":[{"id":29209,"href":"https:\/\/tremunpiercing.com\/de\/wp-json\/wp\/v2\/product\/21295\/revisions\/29209"}],"wp:featuredmedia":[{"embeddable":true,"href":"https:\/\/tremunpiercing.com\/de\/wp-json\/wp\/v2\/media\/21296"}],"wp:attachment":[{"href":"https:\/\/tremunpiercing.com\/de\/wp-json\/wp\/v2\/media?parent=21295"}],"wp:term":[{"taxonomy":"product_brand","embeddable":true,"href":"https:\/\/tremunpiercing.com\/de\/wp-json\/wp\/v2\/product_brand?post=21295"},{"taxonomy":"product_cat","embeddable":true,"href":"https:\/\/tremunpiercing.com\/de\/wp-json\/wp\/v2\/product_cat?post=21295"},{"taxonomy":"product_tag","embeddable":true,"href":"https:\/\/tremunpiercing.com\/de\/wp-json\/wp\/v2\/product_tag?post=21295"}],"curies":[{"name":"wp","href":"https:\/\/api.w.org\/{rel}","templated":true}]}}