{"id":21956,"date":"2025-09-17T16:26:13","date_gmt":"2025-09-17T15:26:13","guid":{"rendered":"https:\/\/tremunpiercing.com\/?post_type=product&#038;p=21956"},"modified":"2026-04-14T16:47:27","modified_gmt":"2026-04-14T15:47:27","slug":"prong-leaf-light-peony-opal","status":"publish","type":"product","link":"https:\/\/tremunpiercing.com\/de\/product\/prong-leaf-light-peony-opal\/","title":{"rendered":"Prong Leaf Light Pfingstrose Opal"},"content":{"rendered":"<p>Der Prong Leaf Light Peony Opal Schmuck pr\u00e4sentiert sanfte opalisierende T\u00f6ne, die in jedem Licht sanft funkeln. Dieser handgef\u00e4delte K\u00f6rperschmuck aus implantierbarem Titan (F-136) hat einzigartige blattf\u00f6rmige Merkmale und helle Pfingstrosen-Opal-Edelsteine, die ihm einen nat\u00fcrlichen und dennoch luxuri\u00f6sen Stil verleihen. Mit verschiedenen Kugelgr\u00f6\u00dfen (4 mm-6 mm &amp; 5 mm-8 mm &amp; 11 mm) erm\u00f6glicht er professionellen Piercern, einzigartige Schmuckst\u00fccke f\u00fcr ihre Kunden zu kreieren und kann als Bauchnabel-, Helix- oder Muschelpiercing getragen werden. Die Sicherheit des Gewindes und die Haptik dieses Schmucks sorgen daf\u00fcr, dass Sie ihn jeden Tag bequem tragen k\u00f6nnen.<\/p>\n<p>Dieses dekorative K\u00f6rperschmuckst\u00fcck ist die perfekte feminine Erg\u00e4nzung f\u00fcr jedes kuratierte Ohr oder jede Sammlung und ist bei Piercingstudios und Schmuckh\u00e4ndlern in Europa, Gro\u00dfbritannien und den USA gleicherma\u00dfen sehr beliebt.<\/p>","protected":false},"excerpt":{"rendered":"<ul>\n<li>Innengewinde<\/li>\n<li>Material: Implantat-G\u00fcteklasse Titan F-136<\/li>\n<li>Gr\u00f6\u00dfe: 4,5 mm<\/li>\n<li>Spurweite: 16G<\/li>\n<li>Edelstein: Heller Pfingstrosen-Opal<\/li>\n<\/ul>","protected":false},"featured_media":22290,"comment_status":"closed","ping_status":"closed","template":"","meta":{"_acf_changed":false},"product_brand":[],"product_cat":[340,343],"product_tag":[187,179,180,188,209,189,210,211,212,199,190,183,213,184,214,185,207],"class_list":{"0":"post-21956","1":"product","2":"type-product","3":"status-publish","4":"has-post-thumbnail","6":"product_cat-titanium-jewelry","7":"product_cat-tops-titanium-jewelry","8":"product_tag-conch","9":"product_tag-cristal","10":"product_tag-cz","11":"product_tag-ear","12":"product_tag-faux-rook","13":"product_tag-helix","14":"product_tag-labret","15":"product_tag-lip","16":"product_tag-medusa","17":"product_tag-nostril","18":"product_tag-oreja","19":"product_tag-perforacion","20":"product_tag-philtrum","21":"product_tag-piercing","22":"product_tag-rook","23":"product_tag-shiny","24":"product_tag-tragus","26":"first","27":"instock","28":"taxable","29":"shipping-taxable","30":"purchasable","31":"product-type-simple"},"acf":[],"gallery_images":[27572,27571],"_links":{"self":[{"href":"https:\/\/tremunpiercing.com\/de\/wp-json\/wp\/v2\/product\/21956","targetHints":{"allow":["GET"]}}],"collection":[{"href":"https:\/\/tremunpiercing.com\/de\/wp-json\/wp\/v2\/product"}],"about":[{"href":"https:\/\/tremunpiercing.com\/de\/wp-json\/wp\/v2\/types\/product"}],"replies":[{"embeddable":true,"href":"https:\/\/tremunpiercing.com\/de\/wp-json\/wp\/v2\/comments?post=21956"}],"version-history":[{"count":1,"href":"https:\/\/tremunpiercing.com\/de\/wp-json\/wp\/v2\/product\/21956\/revisions"}],"predecessor-version":[{"id":27575,"href":"https:\/\/tremunpiercing.com\/de\/wp-json\/wp\/v2\/product\/21956\/revisions\/27575"}],"wp:featuredmedia":[{"embeddable":true,"href":"https:\/\/tremunpiercing.com\/de\/wp-json\/wp\/v2\/media\/22290"}],"wp:attachment":[{"href":"https:\/\/tremunpiercing.com\/de\/wp-json\/wp\/v2\/media?parent=21956"}],"wp:term":[{"taxonomy":"product_brand","embeddable":true,"href":"https:\/\/tremunpiercing.com\/de\/wp-json\/wp\/v2\/product_brand?post=21956"},{"taxonomy":"product_cat","embeddable":true,"href":"https:\/\/tremunpiercing.com\/de\/wp-json\/wp\/v2\/product_cat?post=21956"},{"taxonomy":"product_tag","embeddable":true,"href":"https:\/\/tremunpiercing.com\/de\/wp-json\/wp\/v2\/product_tag?post=21956"}],"curies":[{"name":"wp","href":"https:\/\/api.w.org\/{rel}","templated":true}]}}