{"id":21958,"date":"2025-09-17T16:30:55","date_gmt":"2025-09-17T15:30:55","guid":{"rendered":"https:\/\/tremunpiercing.com\/?post_type=product&#038;p=21958"},"modified":"2026-04-18T13:39:21","modified_gmt":"2026-04-18T12:39:21","slug":"trinity-sw","status":"publish","type":"product","link":"https:\/\/tremunpiercing.com\/de\/product\/trinity-sw\/","title":{"rendered":"Dreifaltigkeit - SW"},"content":{"rendered":"<p>Der Trinity SW Titanaufsatz verbindet frischen strukturellen Minimalismus mit klassisch funkelnder Brillanz. Dieser aus implantierbarem Titan (F-136) gefertigte Aufsatz mit Innengewinde verf\u00fcgt \u00fcber drei schimmernde Swarovski-Kristalle, die das Licht in allen Winkeln einfangen. Sie ist f\u00fcr Komfort und Langlebigkeit ausgelegt und eignet sich hervorragend f\u00fcr eine Vielzahl von Stellen, wie z. B. Helix, Tragus, Muschel oder Lappen.<\/p>\n<p>Au\u00dferdem sind alle Kristalle perfekt ausgerichtet, um ein schickes Dreieck zu bilden, das auf nat\u00fcrliche Weise dezentes Funkeln erzeugt, ohne vom Ohr abzulenken. Der Trinity-SW ist in den Gr\u00f6\u00dfen 2,5 mm, 3,6 mm und 4,5 mm erh\u00e4ltlich. Damit ist er die perfekte Wahl f\u00fcr professionelle Piercer, die ihren Kunden eine hochwertige, hypoallergene Wahl anbieten m\u00f6chten, an der sie lange Freude haben werden.<\/p>","protected":false},"excerpt":{"rendered":"<ul>\n<li>Innengewinde<\/li>\n<li>Material: Implantat-G\u00fcteklasse Titan F-136<\/li>\n<li>Spurweite: 16G<\/li>\n<li>Edelstein: Swarovski-Kristall<\/li>\n<li>Gr\u00f6\u00dfen: 2,5mm - 3,6mm - 4,5mm<\/li>\n<\/ul>","protected":false},"featured_media":22104,"comment_status":"closed","ping_status":"closed","template":"","meta":{"_acf_changed":false},"product_brand":[],"product_cat":[442,340,343],"product_tag":[187,188,189,210,205,206,212,190,183,213,184,207],"class_list":{"0":"post-21958","1":"product","2":"type-product","3":"status-publish","4":"has-post-thumbnail","6":"product_cat-sw","7":"product_cat-titanium-jewelry","8":"product_cat-tops-titanium-jewelry","9":"product_tag-conch","10":"product_tag-ear","11":"product_tag-helix","12":"product_tag-labret","13":"product_tag-lobe","14":"product_tag-lobulo","15":"product_tag-medusa","16":"product_tag-oreja","17":"product_tag-perforacion","18":"product_tag-philtrum","19":"product_tag-piercing","20":"product_tag-tragus","22":"first","23":"instock","24":"taxable","25":"shipping-taxable","26":"purchasable","27":"product-type-variable"},"acf":[],"gallery_images":[22105,27627,22106,27624,22107,27626,27625],"_links":{"self":[{"href":"https:\/\/tremunpiercing.com\/de\/wp-json\/wp\/v2\/product\/21958","targetHints":{"allow":["GET"]}}],"collection":[{"href":"https:\/\/tremunpiercing.com\/de\/wp-json\/wp\/v2\/product"}],"about":[{"href":"https:\/\/tremunpiercing.com\/de\/wp-json\/wp\/v2\/types\/product"}],"replies":[{"embeddable":true,"href":"https:\/\/tremunpiercing.com\/de\/wp-json\/wp\/v2\/comments?post=21958"}],"version-history":[{"count":1,"href":"https:\/\/tremunpiercing.com\/de\/wp-json\/wp\/v2\/product\/21958\/revisions"}],"predecessor-version":[{"id":27579,"href":"https:\/\/tremunpiercing.com\/de\/wp-json\/wp\/v2\/product\/21958\/revisions\/27579"}],"wp:featuredmedia":[{"embeddable":true,"href":"https:\/\/tremunpiercing.com\/de\/wp-json\/wp\/v2\/media\/22104"}],"wp:attachment":[{"href":"https:\/\/tremunpiercing.com\/de\/wp-json\/wp\/v2\/media?parent=21958"}],"wp:term":[{"taxonomy":"product_brand","embeddable":true,"href":"https:\/\/tremunpiercing.com\/de\/wp-json\/wp\/v2\/product_brand?post=21958"},{"taxonomy":"product_cat","embeddable":true,"href":"https:\/\/tremunpiercing.com\/de\/wp-json\/wp\/v2\/product_cat?post=21958"},{"taxonomy":"product_tag","embeddable":true,"href":"https:\/\/tremunpiercing.com\/de\/wp-json\/wp\/v2\/product_tag?post=21958"}],"curies":[{"name":"wp","href":"https:\/\/api.w.org\/{rel}","templated":true}]}}