{"id":21994,"date":"2025-09-17T19:38:46","date_gmt":"2025-09-17T18:38:46","guid":{"rendered":"https:\/\/tremunpiercing.com\/?post_type=product&#038;p=21994"},"modified":"2026-03-18T16:21:28","modified_gmt":"2026-03-18T15:21:28","slug":"lena-sw-mint-green","status":"publish","type":"product","link":"https:\/\/tremunpiercing.com\/de\/product\/lena-sw-mint-green\/","title":{"rendered":"Lena - SW Mintgr\u00fcn"},"content":{"rendered":"<p>Der Lena - SW Mint Green ist ein lustiger Farbtupfer in jeder professionellen Piercinglinie. Gefertigt aus Implant Grade Titanium F-136, verf\u00fcgt dieses 16G, 3mm Innengewinde St\u00fcck \u00fcber einen wundersch\u00f6nen Swarovski Mint Green Kristall, der mit frischer Energie leuchtet. Geeignet f\u00fcr Labrets, Helix- und Tragus-Piercings, kombiniert dieses St\u00fcck Komfort mit Sch\u00f6nheit.<\/p>\n<p>Die Innenf\u00e4den sorgen f\u00fcr ein sicheres, einfaches Tragen und minimieren die Gefahr von Irritationen. Das Lena Mint Green wurde f\u00fcr Studios entwickelt, die Wert auf Sicherheit und Qualit\u00e4t legen. Es vereint Qualit\u00e4t, Farbe und Luxus - das St\u00fcck ist die perfekte Erg\u00e4nzung f\u00fcr ein hochwertiges Display!<\/p>","protected":false},"excerpt":{"rendered":"<ul>\n<li>Innengewinde<\/li>\n<li>Material: Implantat-G\u00fcteklasse Titan F-136<\/li>\n<li>Gr\u00f6\u00dfe: 3mm<\/li>\n<li>Edelstein: Swarovski-Kristall<\/li>\n<li>Spurweite: 16G<\/li>\n<\/ul>","protected":false},"featured_media":22378,"comment_status":"closed","ping_status":"closed","template":"","meta":{"_acf_changed":false},"product_brand":[],"product_cat":[442,340,343],"product_tag":[187,188,189,210,211,199,190,183,184],"class_list":{"0":"post-21994","1":"product","2":"type-product","3":"status-publish","4":"has-post-thumbnail","6":"product_cat-sw","7":"product_cat-titanium-jewelry","8":"product_cat-tops-titanium-jewelry","9":"product_tag-conch","10":"product_tag-ear","11":"product_tag-helix","12":"product_tag-labret","13":"product_tag-lip","14":"product_tag-nostril","15":"product_tag-oreja","16":"product_tag-perforacion","17":"product_tag-piercing","19":"first","20":"instock","21":"taxable","22":"shipping-taxable","23":"purchasable","24":"product-type-simple"},"acf":[],"gallery_images":[27502,27503],"_links":{"self":[{"href":"https:\/\/tremunpiercing.com\/de\/wp-json\/wp\/v2\/product\/21994","targetHints":{"allow":["GET"]}}],"collection":[{"href":"https:\/\/tremunpiercing.com\/de\/wp-json\/wp\/v2\/product"}],"about":[{"href":"https:\/\/tremunpiercing.com\/de\/wp-json\/wp\/v2\/types\/product"}],"replies":[{"embeddable":true,"href":"https:\/\/tremunpiercing.com\/de\/wp-json\/wp\/v2\/comments?post=21994"}],"version-history":[{"count":1,"href":"https:\/\/tremunpiercing.com\/de\/wp-json\/wp\/v2\/product\/21994\/revisions"}],"predecessor-version":[{"id":27504,"href":"https:\/\/tremunpiercing.com\/de\/wp-json\/wp\/v2\/product\/21994\/revisions\/27504"}],"wp:featuredmedia":[{"embeddable":true,"href":"https:\/\/tremunpiercing.com\/de\/wp-json\/wp\/v2\/media\/22378"}],"wp:attachment":[{"href":"https:\/\/tremunpiercing.com\/de\/wp-json\/wp\/v2\/media?parent=21994"}],"wp:term":[{"taxonomy":"product_brand","embeddable":true,"href":"https:\/\/tremunpiercing.com\/de\/wp-json\/wp\/v2\/product_brand?post=21994"},{"taxonomy":"product_cat","embeddable":true,"href":"https:\/\/tremunpiercing.com\/de\/wp-json\/wp\/v2\/product_cat?post=21994"},{"taxonomy":"product_tag","embeddable":true,"href":"https:\/\/tremunpiercing.com\/de\/wp-json\/wp\/v2\/product_tag?post=21994"}],"curies":[{"name":"wp","href":"https:\/\/api.w.org\/{rel}","templated":true}]}}