{"id":22004,"date":"2025-09-17T19:46:58","date_gmt":"2025-09-17T18:46:58","guid":{"rendered":"https:\/\/tremunpiercing.com\/?post_type=product&#038;p=22004"},"modified":"2026-04-14T16:47:26","modified_gmt":"2026-04-14T15:47:26","slug":"lena-sw-light-peony","status":"publish","type":"product","link":"https:\/\/tremunpiercing.com\/de\/product\/lena-sw-light-peony\/","title":{"rendered":"Lena - Opal Hell Pfingstrose"},"content":{"rendered":"<p>Der Lena-Opal Light Peony ist f\u00fcr diejenigen gedacht, die weiche, feminine Details lieben. Der Opal Light Peony Stein ist wundersch\u00f6n leuchtend und das Implant Grade Titanium F-136 Schmuckst\u00fcck hat ein Innengewinde f\u00fcr Komfort und Sicherheit.<\/p>\n<p>Dieses St\u00fcck hat eine Gr\u00f6\u00dfe von etwa 3 mm - perfekt f\u00fcr Tragus-, Helix-, Labret- und Flachpiercings. Das pastellfarbene Schimmern des Opals f\u00e4ngt das Licht sanft ein und bietet gleichzeitig ein zartes Funkeln, das perfekt f\u00fcr den Alltag ist.<\/p>\n<p>Der Lena Opal Light Peony ist bei Piercingstudios und Fachleuten bekannt und beliebt. Er bietet \u00fcberragenden Charme, Biokompatibilit\u00e4t und eine auf Titan basierende St\u00e4rke - ein hochwertiger Schmuck, der in jeder auf Eleganz ausgerichteten Kollektion unverzichtbar ist.<\/p>","protected":false},"excerpt":{"rendered":"<ul>\n<li>Innengewinde<\/li>\n<li>Material: Implantat-G\u00fcteklasse Titan F-136<\/li>\n<li>Gr\u00f6\u00dfe: 3mm<\/li>\n<li>Edelstein: Opal Light Pfingstrose<\/li>\n<li>Spurweite: 16G<\/li>\n<\/ul>","protected":false},"featured_media":22005,"comment_status":"closed","ping_status":"closed","template":"","meta":{"_acf_changed":false},"product_brand":[],"product_cat":[340,343],"product_tag":[187,188,189,210,211,199,190,183,184],"class_list":{"0":"post-22004","1":"product","2":"type-product","3":"status-publish","4":"has-post-thumbnail","6":"product_cat-titanium-jewelry","7":"product_cat-tops-titanium-jewelry","8":"product_tag-conch","9":"product_tag-ear","10":"product_tag-helix","11":"product_tag-labret","12":"product_tag-lip","13":"product_tag-nostril","14":"product_tag-oreja","15":"product_tag-perforacion","16":"product_tag-piercing","18":"first","19":"instock","20":"taxable","21":"shipping-taxable","22":"purchasable","23":"product-type-simple"},"acf":[],"gallery_images":[27498,27499],"_links":{"self":[{"href":"https:\/\/tremunpiercing.com\/de\/wp-json\/wp\/v2\/product\/22004","targetHints":{"allow":["GET"]}}],"collection":[{"href":"https:\/\/tremunpiercing.com\/de\/wp-json\/wp\/v2\/product"}],"about":[{"href":"https:\/\/tremunpiercing.com\/de\/wp-json\/wp\/v2\/types\/product"}],"replies":[{"embeddable":true,"href":"https:\/\/tremunpiercing.com\/de\/wp-json\/wp\/v2\/comments?post=22004"}],"version-history":[{"count":1,"href":"https:\/\/tremunpiercing.com\/de\/wp-json\/wp\/v2\/product\/22004\/revisions"}],"predecessor-version":[{"id":27501,"href":"https:\/\/tremunpiercing.com\/de\/wp-json\/wp\/v2\/product\/22004\/revisions\/27501"}],"wp:featuredmedia":[{"embeddable":true,"href":"https:\/\/tremunpiercing.com\/de\/wp-json\/wp\/v2\/media\/22005"}],"wp:attachment":[{"href":"https:\/\/tremunpiercing.com\/de\/wp-json\/wp\/v2\/media?parent=22004"}],"wp:term":[{"taxonomy":"product_brand","embeddable":true,"href":"https:\/\/tremunpiercing.com\/de\/wp-json\/wp\/v2\/product_brand?post=22004"},{"taxonomy":"product_cat","embeddable":true,"href":"https:\/\/tremunpiercing.com\/de\/wp-json\/wp\/v2\/product_cat?post=22004"},{"taxonomy":"product_tag","embeddable":true,"href":"https:\/\/tremunpiercing.com\/de\/wp-json\/wp\/v2\/product_tag?post=22004"}],"curies":[{"name":"wp","href":"https:\/\/api.w.org\/{rel}","templated":true}]}}