{"id":22159,"date":"2025-09-22T23:07:42","date_gmt":"2025-09-22T22:07:42","guid":{"rendered":"https:\/\/tremunpiercing.com\/?post_type=product&#038;p=22159"},"modified":"2026-04-19T23:03:56","modified_gmt":"2026-04-19T22:03:56","slug":"emily-red-garnet","status":"publish","type":"product","link":"https:\/\/tremunpiercing.com\/de\/product\/emily-red-garnet\/","title":{"rendered":"Emily - Roter Granat"},"content":{"rendered":"<p>Der Emily - Red Garnet ist feurig und raffiniert zugleich. Eine Kombination aus nat\u00fcrlichem Granat und Granat-CZ erzeugt einen satten, tiefroten Glanz, der gut zu diesem einzigartigen Design passt. Hergestellt aus implantierbarem Titan F-136, bietet das 16G Innengewinde-Design maximalen Komfort und Haltbarkeit.<\/p>\n<p>Das St\u00fcck wurde speziell f\u00fcr flache, Helix- oder Muschelpiercings entworfen und bietet sowohl St\u00e4rke als auch Sch\u00f6nheit. Die einzigartigen, kr\u00e4ftigen Rott\u00f6ne des Granat-Edelsteins stehen f\u00fcr Energie und Leidenschaft und sind ein Statement f\u00fcr jedes Piercing.<\/p>\n<p>Der Emily - Red Garnet ist eine gute Wahl f\u00fcr Ateliers und H\u00e4ndler, die ihren Kunden Edelsteinschmuck mit W\u00e4rme und Luxus anbieten m\u00f6chten.<\/p>","protected":false},"excerpt":{"rendered":"<ul>\n<li>Innengewinde<\/li>\n<li>Material: Implantat-G\u00fcteklasse Titan F-136<\/li>\n<li>Spurweite: 16G<\/li>\n<li>Edelstein: Nat\u00fcrlicher Granat + Granat CZ<\/li>\n<\/ul>","protected":false},"featured_media":22160,"comment_status":"closed","ping_status":"closed","template":"","meta":{"_acf_changed":false},"product_brand":[],"product_cat":[340,343],"product_tag":[187,188,189,205,206,190,183,184,207],"class_list":{"0":"post-22159","1":"product","2":"type-product","3":"status-publish","4":"has-post-thumbnail","6":"product_cat-titanium-jewelry","7":"product_cat-tops-titanium-jewelry","8":"product_tag-conch","9":"product_tag-ear","10":"product_tag-helix","11":"product_tag-lobe","12":"product_tag-lobulo","13":"product_tag-oreja","14":"product_tag-perforacion","15":"product_tag-piercing","16":"product_tag-tragus","18":"first","19":"instock","20":"taxable","21":"shipping-taxable","22":"purchasable","23":"product-type-simple"},"acf":[],"gallery_images":[27427,27428],"_links":{"self":[{"href":"https:\/\/tremunpiercing.com\/de\/wp-json\/wp\/v2\/product\/22159","targetHints":{"allow":["GET"]}}],"collection":[{"href":"https:\/\/tremunpiercing.com\/de\/wp-json\/wp\/v2\/product"}],"about":[{"href":"https:\/\/tremunpiercing.com\/de\/wp-json\/wp\/v2\/types\/product"}],"replies":[{"embeddable":true,"href":"https:\/\/tremunpiercing.com\/de\/wp-json\/wp\/v2\/comments?post=22159"}],"version-history":[{"count":1,"href":"https:\/\/tremunpiercing.com\/de\/wp-json\/wp\/v2\/product\/22159\/revisions"}],"predecessor-version":[{"id":27429,"href":"https:\/\/tremunpiercing.com\/de\/wp-json\/wp\/v2\/product\/22159\/revisions\/27429"}],"wp:featuredmedia":[{"embeddable":true,"href":"https:\/\/tremunpiercing.com\/de\/wp-json\/wp\/v2\/media\/22160"}],"wp:attachment":[{"href":"https:\/\/tremunpiercing.com\/de\/wp-json\/wp\/v2\/media?parent=22159"}],"wp:term":[{"taxonomy":"product_brand","embeddable":true,"href":"https:\/\/tremunpiercing.com\/de\/wp-json\/wp\/v2\/product_brand?post=22159"},{"taxonomy":"product_cat","embeddable":true,"href":"https:\/\/tremunpiercing.com\/de\/wp-json\/wp\/v2\/product_cat?post=22159"},{"taxonomy":"product_tag","embeddable":true,"href":"https:\/\/tremunpiercing.com\/de\/wp-json\/wp\/v2\/product_tag?post=22159"}],"curies":[{"name":"wp","href":"https:\/\/api.w.org\/{rel}","templated":true}]}}