{"id":22162,"date":"2025-09-22T23:10:50","date_gmt":"2025-09-22T22:10:50","guid":{"rendered":"https:\/\/tremunpiercing.com\/?post_type=product&#038;p=22162"},"modified":"2026-04-18T22:16:28","modified_gmt":"2026-04-18T21:16:28","slug":"emily-moss-agate","status":"publish","type":"product","link":"https:\/\/tremunpiercing.com\/de\/product\/emily-moss-agate\/","title":{"rendered":"Emily - Moosachat"},"content":{"rendered":"<p>Der Emily Moosachat ist m\u00fchelos k\u00fchl und friedlich - er ist ein nat\u00fcrlicher Moosachatstein, der in Titan F-136 Implantatqualit\u00e4t gefasst ist. Die Maserung in Gr\u00fcn und Wei\u00df macht jedes St\u00fcck organisch einzigartig. Dieser 16G-Schmuck mit Innengewinde ist bequem und sicher f\u00fcr langes Tragen und eine sichere Option f\u00fcr flache, Helix- oder Tragus-Piercings. Er hat subtile erdige T\u00f6ne, die zu einer minimalistischen oder erdfarbenen Kollektion passen. Der Emily-Moss Achat ist f\u00fcr Piercing-Profis und Schmuck-Gro\u00dfh\u00e4ndler gedacht und verleiht jeder kuratierten Ohr- oder Edelsteinkollektion eine neue, nat\u00fcrliche Ausstrahlung.<\/p>","protected":false},"excerpt":{"rendered":"<ul>\n<li>Innengewinde<\/li>\n<li>Material: Implantat-G\u00fcteklasse Titan F-136<\/li>\n<li>Spurweite: 16G<\/li>\n<li>Edelstein: Moosachat<\/li>\n<\/ul>","protected":false},"featured_media":22163,"comment_status":"closed","ping_status":"closed","template":"","meta":{"_acf_changed":false},"product_brand":[],"product_cat":[340,343],"product_tag":[187,188,189,205,206,190,183,184,207],"class_list":{"0":"post-22162","1":"product","2":"type-product","3":"status-publish","4":"has-post-thumbnail","6":"product_cat-titanium-jewelry","7":"product_cat-tops-titanium-jewelry","8":"product_tag-conch","9":"product_tag-ear","10":"product_tag-helix","11":"product_tag-lobe","12":"product_tag-lobulo","13":"product_tag-oreja","14":"product_tag-perforacion","15":"product_tag-piercing","16":"product_tag-tragus","18":"first","19":"instock","20":"taxable","21":"shipping-taxable","22":"purchasable","23":"product-type-simple"},"acf":[],"gallery_images":[27426,27430],"_links":{"self":[{"href":"https:\/\/tremunpiercing.com\/de\/wp-json\/wp\/v2\/product\/22162","targetHints":{"allow":["GET"]}}],"collection":[{"href":"https:\/\/tremunpiercing.com\/de\/wp-json\/wp\/v2\/product"}],"about":[{"href":"https:\/\/tremunpiercing.com\/de\/wp-json\/wp\/v2\/types\/product"}],"replies":[{"embeddable":true,"href":"https:\/\/tremunpiercing.com\/de\/wp-json\/wp\/v2\/comments?post=22162"}],"version-history":[{"count":1,"href":"https:\/\/tremunpiercing.com\/de\/wp-json\/wp\/v2\/product\/22162\/revisions"}],"predecessor-version":[{"id":27424,"href":"https:\/\/tremunpiercing.com\/de\/wp-json\/wp\/v2\/product\/22162\/revisions\/27424"}],"wp:featuredmedia":[{"embeddable":true,"href":"https:\/\/tremunpiercing.com\/de\/wp-json\/wp\/v2\/media\/22163"}],"wp:attachment":[{"href":"https:\/\/tremunpiercing.com\/de\/wp-json\/wp\/v2\/media?parent=22162"}],"wp:term":[{"taxonomy":"product_brand","embeddable":true,"href":"https:\/\/tremunpiercing.com\/de\/wp-json\/wp\/v2\/product_brand?post=22162"},{"taxonomy":"product_cat","embeddable":true,"href":"https:\/\/tremunpiercing.com\/de\/wp-json\/wp\/v2\/product_cat?post=22162"},{"taxonomy":"product_tag","embeddable":true,"href":"https:\/\/tremunpiercing.com\/de\/wp-json\/wp\/v2\/product_tag?post=22162"}],"curies":[{"name":"wp","href":"https:\/\/api.w.org\/{rel}","templated":true}]}}