{"id":22171,"date":"2025-09-22T23:19:25","date_gmt":"2025-09-22T22:19:25","guid":{"rendered":"https:\/\/tremunpiercing.com\/?post_type=product&#038;p=22171"},"modified":"2026-04-20T16:10:05","modified_gmt":"2026-04-20T15:10:05","slug":"oval-cab-amethyst","status":"publish","type":"product","link":"https:\/\/tremunpiercing.com\/de\/product\/oval-cab-amethyst\/","title":{"rendered":"Oval Cab - Amethyst"},"content":{"rendered":"<p>Der Oval Cab - Amethyst hebt die Sch\u00f6nheit des nat\u00fcrlichen Amethysts hervor, der in Titan F-136 mit Implantatqualit\u00e4t gefasst ist, was bedeutet, dass Sie ihn lange Zeit sicher tragen k\u00f6nnen. Der ovale Cabochon (5,6 mm x 3,3 mm) ist ein glatt poliertes St\u00fcck mit einer satten violetten F\u00e4rbung. Kein Wunder, dass er bei denjenigen, die Qualit\u00e4t und \u00c4sthetik zu sch\u00e4tzen wissen, sofort Eindruck macht. Der 16G-Stift mit Innengewinde sitzt sicher und verhindert Irritationen, ist aber auch ideal f\u00fcr Helix-, Lappen- und Traguspiercings geeignet.<\/p>\n<p>Jedes St\u00fcck zeigt die Einzigartigkeit von Natursteinen, daher sollte jedes St\u00fcck einen kleinen Unterschied aufweisen. Dieses St\u00fcck ist mit dem Profi im Sinn gemacht, was bedeutet, dass es perfekt f\u00fcr Piercing-K\u00fcnstler und Schmuck-Anbieter, die etwas organisch und elegant in jedem Detail wollen!<\/p>","protected":false},"excerpt":{"rendered":"<ul>\n<li>Innengewinde<\/li>\n<li>Material: Implantat-G\u00fcteklasse Titan F-136<\/li>\n<li>Spurweite: 16G<\/li>\n<li>Edelstein: Amethyst - Naturstein<\/li>\n<li>Gr\u00f6\u00dfe des Edelsteins: 5,6 mm x 3,3 mm<\/li>\n<\/ul>","protected":false},"featured_media":22172,"comment_status":"closed","ping_status":"closed","template":"","meta":{"_acf_changed":false},"product_brand":[],"product_cat":[340,343],"product_tag":[187,179,180,188,209,189,210,211,212,190,183,184,207],"class_list":{"0":"post-22171","1":"product","2":"type-product","3":"status-publish","4":"has-post-thumbnail","6":"product_cat-titanium-jewelry","7":"product_cat-tops-titanium-jewelry","8":"product_tag-conch","9":"product_tag-cristal","10":"product_tag-cz","11":"product_tag-ear","12":"product_tag-faux-rook","13":"product_tag-helix","14":"product_tag-labret","15":"product_tag-lip","16":"product_tag-medusa","17":"product_tag-oreja","18":"product_tag-perforacion","19":"product_tag-piercing","20":"product_tag-tragus","22":"first","23":"instock","24":"taxable","25":"shipping-taxable","26":"purchasable","27":"product-type-simple"},"acf":[],"gallery_images":[22173,27444,27443],"_links":{"self":[{"href":"https:\/\/tremunpiercing.com\/de\/wp-json\/wp\/v2\/product\/22171","targetHints":{"allow":["GET"]}}],"collection":[{"href":"https:\/\/tremunpiercing.com\/de\/wp-json\/wp\/v2\/product"}],"about":[{"href":"https:\/\/tremunpiercing.com\/de\/wp-json\/wp\/v2\/types\/product"}],"replies":[{"embeddable":true,"href":"https:\/\/tremunpiercing.com\/de\/wp-json\/wp\/v2\/comments?post=22171"}],"version-history":[{"count":1,"href":"https:\/\/tremunpiercing.com\/de\/wp-json\/wp\/v2\/product\/22171\/revisions"}],"predecessor-version":[{"id":27445,"href":"https:\/\/tremunpiercing.com\/de\/wp-json\/wp\/v2\/product\/22171\/revisions\/27445"}],"wp:featuredmedia":[{"embeddable":true,"href":"https:\/\/tremunpiercing.com\/de\/wp-json\/wp\/v2\/media\/22172"}],"wp:attachment":[{"href":"https:\/\/tremunpiercing.com\/de\/wp-json\/wp\/v2\/media?parent=22171"}],"wp:term":[{"taxonomy":"product_brand","embeddable":true,"href":"https:\/\/tremunpiercing.com\/de\/wp-json\/wp\/v2\/product_brand?post=22171"},{"taxonomy":"product_cat","embeddable":true,"href":"https:\/\/tremunpiercing.com\/de\/wp-json\/wp\/v2\/product_cat?post=22171"},{"taxonomy":"product_tag","embeddable":true,"href":"https:\/\/tremunpiercing.com\/de\/wp-json\/wp\/v2\/product_tag?post=22171"}],"curies":[{"name":"wp","href":"https:\/\/api.w.org\/{rel}","templated":true}]}}