{"id":22201,"date":"2025-09-23T19:51:14","date_gmt":"2025-09-23T18:51:14","guid":{"rendered":"https:\/\/tremunpiercing.com\/?post_type=product&#038;p=22201"},"modified":"2026-04-19T10:21:22","modified_gmt":"2026-04-19T09:21:22","slug":"angel-sw-white","status":"publish","type":"product","link":"https:\/\/tremunpiercing.com\/de\/product\/angel-sw-white\/","title":{"rendered":"Engel - SW Wei\u00df"},"content":{"rendered":"<p>Die Angel SW White strahlt Luxus mit exquisiter Brillanz aus, verziert mit SW-Zirkonia-Steinen. Hergestellt aus Implant Grade Titan F-136, ist dieses St\u00fcck von h\u00f6chster Qualit\u00e4t, biokompatibel und langlebig. Das 16G-Innengewinde wird von Piercern wegen seiner bequemen und einfachen Passform immer wieder bevorzugt. Das helle Funkeln eignet sich perfekt f\u00fcr Helix-, Lappen- und Traguspiercings und ist damit eine gro\u00dfartige Option f\u00fcr Kunden, die einen eleganten Look ohne l\u00e4stige Unannehmlichkeiten w\u00fcnschen.<\/p>\n<p>Angel wurde f\u00fcr eine Leistung in Studioqualit\u00e4t entwickelt und verleiht jeder Schmuckkollektion Raffinesse. Jedes Detail verk\u00f6rpert Pr\u00e4zision, Reinheit und den unverg\u00e4nglichen Reiz zeitgen\u00f6ssischer Schmuckst\u00fccke.<\/p>","protected":false},"excerpt":{"rendered":"<ul>\n<li>Innengewinde<\/li>\n<li>Material: Implantat-G\u00fcteklasse Titan F-136<\/li>\n<li>Spurweite: 16G<\/li>\n<li>Edelstein: SW - Premium Zirkoniumdioxid<\/li>\n<li>Gr\u00f6\u00dfe: 3mm x 6mm<\/li>\n<\/ul>","protected":false},"featured_media":22202,"comment_status":"closed","ping_status":"closed","template":"","meta":{"_acf_changed":false},"product_brand":[],"product_cat":[442,340,343],"product_tag":[187,179,180,188,209,189,210,211,212,190,183,184,207],"class_list":{"0":"post-22201","1":"product","2":"type-product","3":"status-publish","4":"has-post-thumbnail","6":"product_cat-sw","7":"product_cat-titanium-jewelry","8":"product_cat-tops-titanium-jewelry","9":"product_tag-conch","10":"product_tag-cristal","11":"product_tag-cz","12":"product_tag-ear","13":"product_tag-faux-rook","14":"product_tag-helix","15":"product_tag-labret","16":"product_tag-lip","17":"product_tag-medusa","18":"product_tag-oreja","19":"product_tag-perforacion","20":"product_tag-piercing","21":"product_tag-tragus","23":"first","24":"instock","25":"taxable","26":"shipping-taxable","27":"purchasable","28":"product-type-variable"},"acf":[],"gallery_images":[22203,27419,27420],"_links":{"self":[{"href":"https:\/\/tremunpiercing.com\/de\/wp-json\/wp\/v2\/product\/22201","targetHints":{"allow":["GET"]}}],"collection":[{"href":"https:\/\/tremunpiercing.com\/de\/wp-json\/wp\/v2\/product"}],"about":[{"href":"https:\/\/tremunpiercing.com\/de\/wp-json\/wp\/v2\/types\/product"}],"replies":[{"embeddable":true,"href":"https:\/\/tremunpiercing.com\/de\/wp-json\/wp\/v2\/comments?post=22201"}],"version-history":[{"count":1,"href":"https:\/\/tremunpiercing.com\/de\/wp-json\/wp\/v2\/product\/22201\/revisions"}],"predecessor-version":[{"id":27421,"href":"https:\/\/tremunpiercing.com\/de\/wp-json\/wp\/v2\/product\/22201\/revisions\/27421"}],"wp:featuredmedia":[{"embeddable":true,"href":"https:\/\/tremunpiercing.com\/de\/wp-json\/wp\/v2\/media\/22202"}],"wp:attachment":[{"href":"https:\/\/tremunpiercing.com\/de\/wp-json\/wp\/v2\/media?parent=22201"}],"wp:term":[{"taxonomy":"product_brand","embeddable":true,"href":"https:\/\/tremunpiercing.com\/de\/wp-json\/wp\/v2\/product_brand?post=22201"},{"taxonomy":"product_cat","embeddable":true,"href":"https:\/\/tremunpiercing.com\/de\/wp-json\/wp\/v2\/product_cat?post=22201"},{"taxonomy":"product_tag","embeddable":true,"href":"https:\/\/tremunpiercing.com\/de\/wp-json\/wp\/v2\/product_tag?post=22201"}],"curies":[{"name":"wp","href":"https:\/\/api.w.org\/{rel}","templated":true}]}}