{"id":22252,"date":"2025-09-23T20:52:45","date_gmt":"2025-09-23T19:52:45","guid":{"rendered":"https:\/\/tremunpiercing.com\/?post_type=product&#038;p=22252"},"modified":"2026-03-20T16:09:11","modified_gmt":"2026-03-20T15:09:11","slug":"grace-moss-agate","status":"publish","type":"product","link":"https:\/\/tremunpiercing.com\/de\/product\/grace-moss-agate\/","title":{"rendered":"Anmut - Moosachat"},"content":{"rendered":"<p>Bringen Sie einen organischen Hauch von Eleganz in Ihre Schmucklinie mit dem Labret aus Moosachat Grace. Sie besteht aus einer atemberaubenden, polierten, nat\u00fcrlichen Platte aus echtem Moosachat mit einzigartigen erdgr\u00fcnen Einschl\u00fcssen, die an eine kleine Landschaft erinnern. Sie ist sicher in einer sauberen, flachen L\u00fcnette aus Implant Grade Titan (F-136) gefasst, die ein hohes Ma\u00df an Biokompatibilit\u00e4t gew\u00e4hrleistet.<\/p>\n<p>Der 16G-Innengewindepfosten sitzt sicher und bequem f\u00fcr Ihre Kunden. Mit seiner gro\u00dfz\u00fcgigen 8mm x 4mm gro\u00dfen Oberfl\u00e4che macht er eine sch\u00f6ne organische Aussage in einem Muschel-, Lappen- oder Helix-Piercing. Er wird Kunden ansprechen, die etwas Erhabenes und Einzigartiges suchen, und ist eine gro\u00dfartige Erg\u00e4nzung f\u00fcr die Sammlung eines jeden professionellen Studios.<\/p>","protected":false},"excerpt":{"rendered":"<ul>\n<li>Innengewinde<\/li>\n<li>Material: Implantat-G\u00fcteklasse Titan F-136<\/li>\n<li>Spurweite: 16G<\/li>\n<li>Gem: <span data-sheets-root=\"1\">Moosachat<\/span><\/li>\n<li>Gr\u00f6\u00dfe: 8mm x 4mm<\/li>\n<\/ul>","protected":false},"featured_media":22253,"comment_status":"closed","ping_status":"closed","template":"","meta":{"_acf_changed":false},"product_brand":[],"product_cat":[343,340],"product_tag":[187,188,209,189,205,206,190,183,184,207],"class_list":{"0":"post-22252","1":"product","2":"type-product","3":"status-publish","4":"has-post-thumbnail","6":"product_cat-tops-titanium-jewelry","7":"product_cat-titanium-jewelry","8":"product_tag-conch","9":"product_tag-ear","10":"product_tag-faux-rook","11":"product_tag-helix","12":"product_tag-lobe","13":"product_tag-lobulo","14":"product_tag-oreja","15":"product_tag-perforacion","16":"product_tag-piercing","17":"product_tag-tragus","19":"first","20":"instock","21":"taxable","22":"shipping-taxable","23":"purchasable","24":"product-type-simple"},"acf":[],"gallery_images":[27398,27399],"_links":{"self":[{"href":"https:\/\/tremunpiercing.com\/de\/wp-json\/wp\/v2\/product\/22252","targetHints":{"allow":["GET"]}}],"collection":[{"href":"https:\/\/tremunpiercing.com\/de\/wp-json\/wp\/v2\/product"}],"about":[{"href":"https:\/\/tremunpiercing.com\/de\/wp-json\/wp\/v2\/types\/product"}],"replies":[{"embeddable":true,"href":"https:\/\/tremunpiercing.com\/de\/wp-json\/wp\/v2\/comments?post=22252"}],"version-history":[{"count":1,"href":"https:\/\/tremunpiercing.com\/de\/wp-json\/wp\/v2\/product\/22252\/revisions"}],"predecessor-version":[{"id":27400,"href":"https:\/\/tremunpiercing.com\/de\/wp-json\/wp\/v2\/product\/22252\/revisions\/27400"}],"wp:featuredmedia":[{"embeddable":true,"href":"https:\/\/tremunpiercing.com\/de\/wp-json\/wp\/v2\/media\/22253"}],"wp:attachment":[{"href":"https:\/\/tremunpiercing.com\/de\/wp-json\/wp\/v2\/media?parent=22252"}],"wp:term":[{"taxonomy":"product_brand","embeddable":true,"href":"https:\/\/tremunpiercing.com\/de\/wp-json\/wp\/v2\/product_brand?post=22252"},{"taxonomy":"product_cat","embeddable":true,"href":"https:\/\/tremunpiercing.com\/de\/wp-json\/wp\/v2\/product_cat?post=22252"},{"taxonomy":"product_tag","embeddable":true,"href":"https:\/\/tremunpiercing.com\/de\/wp-json\/wp\/v2\/product_tag?post=22252"}],"curies":[{"name":"wp","href":"https:\/\/api.w.org\/{rel}","templated":true}]}}