{"id":22255,"date":"2025-09-23T21:00:52","date_gmt":"2025-09-23T20:00:52","guid":{"rendered":"https:\/\/tremunpiercing.com\/?post_type=product&#038;p=22255"},"modified":"2026-04-15T15:30:56","modified_gmt":"2026-04-15T14:30:56","slug":"prong-sw-ab","status":"publish","type":"product","link":"https:\/\/tremunpiercing.com\/de\/product\/prong-sw-ab\/","title":{"rendered":"Abzweigung SW - AB"},"content":{"rendered":"<p>Fangen Sie das Licht und die Aufmerksamkeit Ihrer Kunden mit unserem Prong SW AB Labret ein. Hergestellt aus Titan in Implantatqualit\u00e4t (F-136) ist dies ein Must-Have f\u00fcr Ihr Studio. Die Vier-Zacken-Fassung h\u00e4lt sicher atemberaubende Aurora Borealis Zirkonia, die das Licht einfangen und bei Bewegung ein schillerndes Regenbogenfeuer erzeugen. Das Innengewinde erm\u00f6glicht einen reibungslosen, reizfreien Sitz f\u00fcr aktive, heilende Piercings oder zum Tragen an verheilten Piercings.<\/p>\n<p>Erh\u00e4ltlich von 3mm bis 6mm Gesichtsgr\u00f6\u00dfe und einem 16G Stift. Ein perfektes Gespr\u00e4chsthema f\u00fcr Nasenl\u00f6cher, Lippen und mehr. F\u00fchren Sie diesen meistverkauften, optisch ansprechenden Schmuck, damit Ihre Kunden eine wirklich atemberaubende Option genie\u00dfen k\u00f6nnen, die sicher und hypoallergen ist und zur Wettbewerbsf\u00e4higkeit Ihres Studios beitr\u00e4gt.<\/p>","protected":false},"excerpt":{"rendered":"<ul>\n<li>Innengewinde<\/li>\n<li>Material: Implantat-G\u00fcteklasse Titan F-136<\/li>\n<li>Spurweite: 16G<\/li>\n<li>Gr\u00f6\u00dfe: 3mm - 4mm - 5mm - 6mm<\/li>\n<li>Edelstein: Aurora Borealis Cubic Zirkonia<\/li>\n<\/ul>","protected":false},"featured_media":22257,"comment_status":"closed","ping_status":"closed","template":"","meta":{"_acf_changed":false},"product_brand":[],"product_cat":[442,340,343],"product_tag":[187,179,180,188,209,189,210,211,212,190,183,184,207],"class_list":{"0":"post-22255","1":"product","2":"type-product","3":"status-publish","4":"has-post-thumbnail","6":"product_cat-sw","7":"product_cat-titanium-jewelry","8":"product_cat-tops-titanium-jewelry","9":"product_tag-conch","10":"product_tag-cristal","11":"product_tag-cz","12":"product_tag-ear","13":"product_tag-faux-rook","14":"product_tag-helix","15":"product_tag-labret","16":"product_tag-lip","17":"product_tag-medusa","18":"product_tag-oreja","19":"product_tag-perforacion","20":"product_tag-piercing","21":"product_tag-tragus","23":"first","24":"instock","25":"taxable","26":"shipping-taxable","27":"purchasable","28":"product-type-variable"},"acf":[],"gallery_images":[27402,27401],"_links":{"self":[{"href":"https:\/\/tremunpiercing.com\/de\/wp-json\/wp\/v2\/product\/22255","targetHints":{"allow":["GET"]}}],"collection":[{"href":"https:\/\/tremunpiercing.com\/de\/wp-json\/wp\/v2\/product"}],"about":[{"href":"https:\/\/tremunpiercing.com\/de\/wp-json\/wp\/v2\/types\/product"}],"replies":[{"embeddable":true,"href":"https:\/\/tremunpiercing.com\/de\/wp-json\/wp\/v2\/comments?post=22255"}],"version-history":[{"count":1,"href":"https:\/\/tremunpiercing.com\/de\/wp-json\/wp\/v2\/product\/22255\/revisions"}],"predecessor-version":[{"id":27405,"href":"https:\/\/tremunpiercing.com\/de\/wp-json\/wp\/v2\/product\/22255\/revisions\/27405"}],"wp:featuredmedia":[{"embeddable":true,"href":"https:\/\/tremunpiercing.com\/de\/wp-json\/wp\/v2\/media\/22257"}],"wp:attachment":[{"href":"https:\/\/tremunpiercing.com\/de\/wp-json\/wp\/v2\/media?parent=22255"}],"wp:term":[{"taxonomy":"product_brand","embeddable":true,"href":"https:\/\/tremunpiercing.com\/de\/wp-json\/wp\/v2\/product_brand?post=22255"},{"taxonomy":"product_cat","embeddable":true,"href":"https:\/\/tremunpiercing.com\/de\/wp-json\/wp\/v2\/product_cat?post=22255"},{"taxonomy":"product_tag","embeddable":true,"href":"https:\/\/tremunpiercing.com\/de\/wp-json\/wp\/v2\/product_tag?post=22255"}],"curies":[{"name":"wp","href":"https:\/\/api.w.org\/{rel}","templated":true}]}}