{"id":22542,"date":"2025-10-03T21:11:18","date_gmt":"2025-10-03T20:11:18","guid":{"rendered":"https:\/\/tremunpiercing.com\/?post_type=product&#038;p=22542"},"modified":"2026-03-17T15:49:38","modified_gmt":"2026-03-17T14:49:38","slug":"akasha","status":"publish","type":"product","link":"https:\/\/tremunpiercing.com\/de\/product\/akasha\/","title":{"rendered":"Akasha"},"content":{"rendered":"<p>Der Akasha-Piercingschmuck verbindet einen raffinierten Minimalismus mit einer modernen Note. Gefertigt aus Implant Grade Titanium F-136, bietet es maximale Hautvertr\u00e4glichkeit und St\u00e4rke. Mit einem Innengewinde 16G Konstruktion, Akasha sichert nahtlos und bequem gegen die Haut bei gleichzeitiger Minimierung der Irritation mit Threading verbunden.<\/p>\n<p>Ein angenehm subtiler Schimmer macht dieses St\u00fcck zu einer einfachen Erg\u00e4nzung f\u00fcr jedes Luxus-Piercing, einschlie\u00dflich Tragus-, Lappen-, Helix- oder Vorw\u00e4rtshelix-Piercings. Akasha ist ideal f\u00fcr professionelle Piercer und Studiobesitzer, die Wert auf eine klare \u00c4sthetik und h\u00f6chste Qualit\u00e4t legen. Zeitlose Raffinesse ist das Markenzeichen von Akasha, denn die meisten Schmuckkollektionen betonen Ruhe und Klarheit. Das Titan-Finish von Akasha sorgt f\u00fcr einen polierten Look und moderne Verspieltheit und ist damit ideal f\u00fcr das t\u00e4gliche und kuratierte Ohr-Styling.<\/p>","protected":false},"excerpt":{"rendered":"<ul>\n<li>Innengewinde<\/li>\n<li>Material: Implantat-G\u00fcteklasse Titan F-136<\/li>\n<li>Spurweite: 16G<\/li>\n<li>Gr\u00f6\u00dfe: 8mm x 7mm<\/li>\n<\/ul>","protected":false},"featured_media":22582,"comment_status":"closed","ping_status":"closed","template":"","meta":{"_acf_changed":false},"product_brand":[],"product_cat":[340,343],"product_tag":[187,188,209,189,205,206,190,183,184,207],"class_list":{"0":"post-22542","1":"product","2":"type-product","3":"status-publish","4":"has-post-thumbnail","6":"product_cat-titanium-jewelry","7":"product_cat-tops-titanium-jewelry","8":"product_tag-conch","9":"product_tag-ear","10":"product_tag-faux-rook","11":"product_tag-helix","12":"product_tag-lobe","13":"product_tag-lobulo","14":"product_tag-oreja","15":"product_tag-perforacion","16":"product_tag-piercing","17":"product_tag-tragus","19":"first","20":"instock","21":"taxable","22":"shipping-taxable","23":"purchasable","24":"product-type-simple"},"acf":[],"gallery_images":[27336,27335],"_links":{"self":[{"href":"https:\/\/tremunpiercing.com\/de\/wp-json\/wp\/v2\/product\/22542","targetHints":{"allow":["GET"]}}],"collection":[{"href":"https:\/\/tremunpiercing.com\/de\/wp-json\/wp\/v2\/product"}],"about":[{"href":"https:\/\/tremunpiercing.com\/de\/wp-json\/wp\/v2\/types\/product"}],"replies":[{"embeddable":true,"href":"https:\/\/tremunpiercing.com\/de\/wp-json\/wp\/v2\/comments?post=22542"}],"version-history":[{"count":1,"href":"https:\/\/tremunpiercing.com\/de\/wp-json\/wp\/v2\/product\/22542\/revisions"}],"predecessor-version":[{"id":27337,"href":"https:\/\/tremunpiercing.com\/de\/wp-json\/wp\/v2\/product\/22542\/revisions\/27337"}],"wp:featuredmedia":[{"embeddable":true,"href":"https:\/\/tremunpiercing.com\/de\/wp-json\/wp\/v2\/media\/22582"}],"wp:attachment":[{"href":"https:\/\/tremunpiercing.com\/de\/wp-json\/wp\/v2\/media?parent=22542"}],"wp:term":[{"taxonomy":"product_brand","embeddable":true,"href":"https:\/\/tremunpiercing.com\/de\/wp-json\/wp\/v2\/product_brand?post=22542"},{"taxonomy":"product_cat","embeddable":true,"href":"https:\/\/tremunpiercing.com\/de\/wp-json\/wp\/v2\/product_cat?post=22542"},{"taxonomy":"product_tag","embeddable":true,"href":"https:\/\/tremunpiercing.com\/de\/wp-json\/wp\/v2\/product_tag?post=22542"}],"curies":[{"name":"wp","href":"https:\/\/api.w.org\/{rel}","templated":true}]}}