{"id":22552,"date":"2025-10-03T21:31:07","date_gmt":"2025-10-03T20:31:07","guid":{"rendered":"https:\/\/tremunpiercing.com\/?post_type=product&#038;p=22552"},"modified":"2026-04-09T12:49:17","modified_gmt":"2026-04-09T11:49:17","slug":"gamma-amethyst","status":"publish","type":"product","link":"https:\/\/tremunpiercing.com\/de\/product\/gamma-amethyst\/","title":{"rendered":"Gamma - Amethyst"},"content":{"rendered":"<p>Die Gamma Amethyst bietet die perfekte Balance aus Farbe und Handwerkskunst. Ausgestattet mit einem echten Amethyst-Edelstein, ist dieses Implantat-Titan (F-136) Top mit 16G Innengewinde f\u00fcr Pr\u00e4zision und Langlebigkeit konzipiert. Der satte violette Farbton des Edelsteins verleiht Ohr- oder Helixpiercings Raffinesse und macht ihn zu einem Favoriten im Studio f\u00fcr Kunden, die Edelsteinschmuck lieben. Ideal f\u00fcr Fachleute, die Wert auf Qualit\u00e4t, Komfort und optische Attraktivit\u00e4t legen.<\/p>","protected":false},"excerpt":{"rendered":"<ul>\n<li>Innengewinde<\/li>\n<li>Material: Implantat-G\u00fcteklasse Titan F-136<\/li>\n<li>Spurweite: 16G<\/li>\n<li>Edelstein: Amethyst<\/li>\n<li>Gr\u00f6\u00dfe: 6 mm<\/li>\n<\/ul>","protected":false},"featured_media":22586,"comment_status":"closed","ping_status":"closed","template":"","meta":{"_acf_changed":false},"product_brand":[],"product_cat":[340,343],"product_tag":[187,188,209,189,205,206,190,183,184,207],"class_list":{"0":"post-22552","1":"product","2":"type-product","3":"status-publish","4":"has-post-thumbnail","6":"product_cat-titanium-jewelry","7":"product_cat-tops-titanium-jewelry","8":"product_tag-conch","9":"product_tag-ear","10":"product_tag-faux-rook","11":"product_tag-helix","12":"product_tag-lobe","13":"product_tag-lobulo","14":"product_tag-oreja","15":"product_tag-perforacion","16":"product_tag-piercing","17":"product_tag-tragus","19":"first","20":"instock","21":"taxable","22":"shipping-taxable","23":"purchasable","24":"product-type-simple"},"acf":[],"gallery_images":[27338,27339],"_links":{"self":[{"href":"https:\/\/tremunpiercing.com\/de\/wp-json\/wp\/v2\/product\/22552","targetHints":{"allow":["GET"]}}],"collection":[{"href":"https:\/\/tremunpiercing.com\/de\/wp-json\/wp\/v2\/product"}],"about":[{"href":"https:\/\/tremunpiercing.com\/de\/wp-json\/wp\/v2\/types\/product"}],"replies":[{"embeddable":true,"href":"https:\/\/tremunpiercing.com\/de\/wp-json\/wp\/v2\/comments?post=22552"}],"version-history":[{"count":1,"href":"https:\/\/tremunpiercing.com\/de\/wp-json\/wp\/v2\/product\/22552\/revisions"}],"predecessor-version":[{"id":27340,"href":"https:\/\/tremunpiercing.com\/de\/wp-json\/wp\/v2\/product\/22552\/revisions\/27340"}],"wp:featuredmedia":[{"embeddable":true,"href":"https:\/\/tremunpiercing.com\/de\/wp-json\/wp\/v2\/media\/22586"}],"wp:attachment":[{"href":"https:\/\/tremunpiercing.com\/de\/wp-json\/wp\/v2\/media?parent=22552"}],"wp:term":[{"taxonomy":"product_brand","embeddable":true,"href":"https:\/\/tremunpiercing.com\/de\/wp-json\/wp\/v2\/product_brand?post=22552"},{"taxonomy":"product_cat","embeddable":true,"href":"https:\/\/tremunpiercing.com\/de\/wp-json\/wp\/v2\/product_cat?post=22552"},{"taxonomy":"product_tag","embeddable":true,"href":"https:\/\/tremunpiercing.com\/de\/wp-json\/wp\/v2\/product_tag?post=22552"}],"curies":[{"name":"wp","href":"https:\/\/api.w.org\/{rel}","templated":true}]}}