{"id":22564,"date":"2025-10-03T21:59:08","date_gmt":"2025-10-03T20:59:08","guid":{"rendered":"https:\/\/tremunpiercing.com\/?post_type=product&#038;p=22564"},"modified":"2026-04-15T15:30:31","modified_gmt":"2026-04-15T14:30:31","slug":"shadow-web","status":"publish","type":"product","link":"https:\/\/tremunpiercing.com\/de\/product\/shadow-web\/","title":{"rendered":"Schattennetz"},"content":{"rendered":"<p>Das Shadow Web ist ein exquisites St\u00fcck f\u00fcr alle Gothic-Liebhaber mit einem modernen Touch! Dieses aus Titan F-136 gefertigte Oberteil mit Innengewinde (16G) bietet ein kompliziertes Spinnennetzdesign mit einem funkelnden Zirkonia in der Mitte. Komfort und Haltbarkeit werden durch das sehr leichte Material gew\u00e4hrleistet, das seinen Glanz durch t\u00e4gliches Tragen f\u00fcr jedes Knorpel-, Muschel- oder Helix-Piercing beibeh\u00e4lt. Dieser Artikel ist perfekt f\u00fcr den professionellen Piercer oder das Gesch\u00e4ft, das ein hochwertiges Schmuckst\u00fcck in sein Sortiment aufnehmen m\u00f6chte. Shadow Web ist die reizvolle Mischung aus Geheimnis und Raffinesse.<\/p>","protected":false},"excerpt":{"rendered":"<ul>\n<li>Innengewinde<\/li>\n<li>Material: Implantat-G\u00fcteklasse Titan F-136<\/li>\n<li>Spurweite: 16G<\/li>\n<li>Edelstein: Kubischer Zirkoniumdioxid<\/li>\n<li>Gr\u00f6\u00dfe: 8,5 mm<\/li>\n<\/ul>","protected":false},"featured_media":22620,"comment_status":"closed","ping_status":"closed","template":"","meta":{"_acf_changed":false},"product_brand":[],"product_cat":[340,343],"product_tag":[187,188,209,189,205,206,190,183,184,207],"class_list":{"0":"post-22564","1":"product","2":"type-product","3":"status-publish","4":"has-post-thumbnail","6":"product_cat-titanium-jewelry","7":"product_cat-tops-titanium-jewelry","8":"product_tag-conch","9":"product_tag-ear","10":"product_tag-faux-rook","11":"product_tag-helix","12":"product_tag-lobe","13":"product_tag-lobulo","14":"product_tag-oreja","15":"product_tag-perforacion","16":"product_tag-piercing","17":"product_tag-tragus","19":"first","20":"instock","21":"taxable","22":"shipping-taxable","23":"purchasable","24":"product-type-simple"},"acf":[],"gallery_images":[27296,27297],"_links":{"self":[{"href":"https:\/\/tremunpiercing.com\/de\/wp-json\/wp\/v2\/product\/22564","targetHints":{"allow":["GET"]}}],"collection":[{"href":"https:\/\/tremunpiercing.com\/de\/wp-json\/wp\/v2\/product"}],"about":[{"href":"https:\/\/tremunpiercing.com\/de\/wp-json\/wp\/v2\/types\/product"}],"replies":[{"embeddable":true,"href":"https:\/\/tremunpiercing.com\/de\/wp-json\/wp\/v2\/comments?post=22564"}],"version-history":[{"count":2,"href":"https:\/\/tremunpiercing.com\/de\/wp-json\/wp\/v2\/product\/22564\/revisions"}],"predecessor-version":[{"id":27300,"href":"https:\/\/tremunpiercing.com\/de\/wp-json\/wp\/v2\/product\/22564\/revisions\/27300"}],"wp:featuredmedia":[{"embeddable":true,"href":"https:\/\/tremunpiercing.com\/de\/wp-json\/wp\/v2\/media\/22620"}],"wp:attachment":[{"href":"https:\/\/tremunpiercing.com\/de\/wp-json\/wp\/v2\/media?parent=22564"}],"wp:term":[{"taxonomy":"product_brand","embeddable":true,"href":"https:\/\/tremunpiercing.com\/de\/wp-json\/wp\/v2\/product_brand?post=22564"},{"taxonomy":"product_cat","embeddable":true,"href":"https:\/\/tremunpiercing.com\/de\/wp-json\/wp\/v2\/product_cat?post=22564"},{"taxonomy":"product_tag","embeddable":true,"href":"https:\/\/tremunpiercing.com\/de\/wp-json\/wp\/v2\/product_tag?post=22564"}],"curies":[{"name":"wp","href":"https:\/\/api.w.org\/{rel}","templated":true}]}}