{"id":22575,"date":"2025-10-03T22:12:59","date_gmt":"2025-10-03T21:12:59","guid":{"rendered":"https:\/\/tremunpiercing.com\/?post_type=product&#038;p=22575"},"modified":"2026-04-18T13:47:31","modified_gmt":"2026-04-18T12:47:31","slug":"coffin-black-onyx","status":"publish","type":"product","link":"https:\/\/tremunpiercing.com\/de\/product\/coffin-black-onyx\/","title":{"rendered":"Sarg - Schwarzer Onyx"},"content":{"rendered":"<p>Der Coffin Black Onyx hat einen schlanken Titank\u00f6rper, der eine sch\u00f6ne dunkle und elegante \u00c4sthetik bietet. Hergestellt aus Implant Grade Titan F-136, hat dieses Schmuckst\u00fcck mit Innengewinde einen schwarzen Onyx-Stein von 3 mm x 6 mm, der in eine Sargform geschnitten wurde. Dieser Artikel ist ideal f\u00fcr ein Ohr-, Lippen- oder Knorpelpiercing und ist sehr subtil und doch auff\u00e4llig, um eine elegante Gothic-\u00c4sthetik zu erreichen.<\/p>\n<p>Die glatten Kanten und der Sicherheitsfaden machen dieses St\u00fcck zu einem perfekten Artikel f\u00fcr das professionelle Studio, mit gen\u00fcgend St\u00e4rke und Sicherheit, um bequem zu tragen. Dieser Artikel ist ein wichtiger Artikel f\u00fcr Kunden, die einen minimalistischen dunklen Ton mit luxuri\u00f6sem Finish suchen.<\/p>","protected":false},"excerpt":{"rendered":"<ul>\n<li>Innengewinde<\/li>\n<li>Material: Implantat-G\u00fcteklasse Titan F-136<\/li>\n<li>Spurweite: 16G<\/li>\n<li>Edelstein: Schwarzer Onyx<\/li>\n<li>Gr\u00f6\u00dfe: 3mm x 6mm<\/li>\n<\/ul>","protected":false},"featured_media":22590,"comment_status":"closed","ping_status":"closed","template":"","meta":{"_acf_changed":false},"product_brand":[],"product_cat":[340,343],"product_tag":[187,179,180,188,209,189,210,211,212,190,183,184,207],"class_list":{"0":"post-22575","1":"product","2":"type-product","3":"status-publish","4":"has-post-thumbnail","6":"product_cat-titanium-jewelry","7":"product_cat-tops-titanium-jewelry","8":"product_tag-conch","9":"product_tag-cristal","10":"product_tag-cz","11":"product_tag-ear","12":"product_tag-faux-rook","13":"product_tag-helix","14":"product_tag-labret","15":"product_tag-lip","16":"product_tag-medusa","17":"product_tag-oreja","18":"product_tag-perforacion","19":"product_tag-piercing","20":"product_tag-tragus","22":"first","23":"instock","24":"taxable","25":"shipping-taxable","26":"purchasable","27":"product-type-simple"},"acf":[],"gallery_images":[27311,27312],"_links":{"self":[{"href":"https:\/\/tremunpiercing.com\/de\/wp-json\/wp\/v2\/product\/22575","targetHints":{"allow":["GET"]}}],"collection":[{"href":"https:\/\/tremunpiercing.com\/de\/wp-json\/wp\/v2\/product"}],"about":[{"href":"https:\/\/tremunpiercing.com\/de\/wp-json\/wp\/v2\/types\/product"}],"replies":[{"embeddable":true,"href":"https:\/\/tremunpiercing.com\/de\/wp-json\/wp\/v2\/comments?post=22575"}],"version-history":[{"count":1,"href":"https:\/\/tremunpiercing.com\/de\/wp-json\/wp\/v2\/product\/22575\/revisions"}],"predecessor-version":[{"id":27313,"href":"https:\/\/tremunpiercing.com\/de\/wp-json\/wp\/v2\/product\/22575\/revisions\/27313"}],"wp:featuredmedia":[{"embeddable":true,"href":"https:\/\/tremunpiercing.com\/de\/wp-json\/wp\/v2\/media\/22590"}],"wp:attachment":[{"href":"https:\/\/tremunpiercing.com\/de\/wp-json\/wp\/v2\/media?parent=22575"}],"wp:term":[{"taxonomy":"product_brand","embeddable":true,"href":"https:\/\/tremunpiercing.com\/de\/wp-json\/wp\/v2\/product_brand?post=22575"},{"taxonomy":"product_cat","embeddable":true,"href":"https:\/\/tremunpiercing.com\/de\/wp-json\/wp\/v2\/product_cat?post=22575"},{"taxonomy":"product_tag","embeddable":true,"href":"https:\/\/tremunpiercing.com\/de\/wp-json\/wp\/v2\/product_tag?post=22575"}],"curies":[{"name":"wp","href":"https:\/\/api.w.org\/{rel}","templated":true}]}}